{"id":1179,"date":"2011-02-23T21:03:30","date_gmt":"2011-02-23T20:03:30","guid":{"rendered":"http:\/\/www.fotonavia.net\/?page_id=1179"},"modified":"2013-12-15T15:24:29","modified_gmt":"2013-12-15T14:24:29","slug":"galeria-de-juliolm","status":"publish","type":"page","link":"https:\/\/www.fotonavia.com\/?page_id=1179","title":{"rendered":"Galer\u00eda de JulioLM"},"content":{"rendered":"<p><img loading=\"lazy\" decoding=\"async\" class=\"size-medium wp-image-1155 alignright\" title=\"DSC_1203\" src=\"https:\/\/www.fotonavia.com\/wp-content\/uploads\/2011\/02\/DSC_1203-166x250.jpg\" alt=\"\" width=\"166\" height=\"250\" \/>Esta es la galer\u00eda de Julio L\u00f3pez Morata, <strong>\u00abJulioLM\u00bb<\/strong> en nuestro foro, un zaragozano que comparte con nosotros su afici\u00f3n a la fotograf\u00eda, y que pod\u00e9is conocer mucho mejor leyendo la entrevista que nos concedi\u00f3&#8230; <strong><a href=\"https:\/\/www.fotonavia.com\/?page_id=1123\" target=\"_self\">La entrevista de JulioLM<\/a><\/strong> (os la recomiendo&#8230; es un gran fot\u00f3grafo, pero sobre todo y ante todo es una grand\u00edsima persona).<\/p>\n<p>Para ver las im\u00e1genes de esta galer\u00eda a tama\u00f1o normal, tan solo hace falta hacer \u00abclick\u00bb sobre ellas una vez, y con un nuevo \u00abclick\u00bb se vuelve a la galer\u00eda de las miniaturas, para pasar de una a otra a tama\u00f1o grande utiliza las flechitas de los extremos inferiores de cada imagen,\u00a0tambi\u00e9n pod\u00e9is\u00a0verlas en una pase autom\u00e1tico de diapositivas, con la opci\u00f3n (<strong>Ver pase de diapositivas) <\/strong>que hay justo bajo estas l\u00edneas&#8230;\u00a0 es muy c\u00f3modo e interactivo.<\/p>\n<p>[nggallery id=6]<\/p>\n<h3 style=\"text-align: center;\"><a href=\"https:\/\/www.fotonavia.com\/?page_id=1220\" target=\"_self\">Volver al Men\u00fa de Entrevistas<\/a><\/h3>\n","protected":false},"excerpt":{"rendered":"<p>Esta es la galer\u00eda de Julio L\u00f3pez Morata, \u00abJulioLM\u00bb en nuestro foro, un zaragozano que comparte con nosotros su afici\u00f3n a la fotograf\u00eda, y que pod\u00e9is conocer mucho mejor leyendo la entrevista que nos concedi\u00f3&#8230; La entrevista de JulioLM (os la recomiendo&#8230; es un gran fot\u00f3grafo, pero sobre todo y ante todo es una grand\u00edsima [&hellip;]<\/p>\n","protected":false},"author":1,"featured_media":0,"parent":1220,"menu_order":0,"comment_status":"closed","ping_status":"closed","template":"","meta":{"footnotes":""},"class_list":["post-1179","page","type-page","status-publish","hentry"],"_links":{"self":[{"href":"https:\/\/www.fotonavia.com\/index.php?rest_route=\/wp\/v2\/pages\/1179","targetHints":{"allow":["GET"]}}],"collection":[{"href":"https:\/\/www.fotonavia.com\/index.php?rest_route=\/wp\/v2\/pages"}],"about":[{"href":"https:\/\/www.fotonavia.com\/index.php?rest_route=\/wp\/v2\/types\/page"}],"author":[{"embeddable":true,"href":"https:\/\/www.fotonavia.com\/index.php?rest_route=\/wp\/v2\/users\/1"}],"replies":[{"embeddable":true,"href":"https:\/\/www.fotonavia.com\/index.php?rest_route=%2Fwp%2Fv2%2Fcomments&post=1179"}],"version-history":[{"count":6,"href":"https:\/\/www.fotonavia.com\/index.php?rest_route=\/wp\/v2\/pages\/1179\/revisions"}],"predecessor-version":[{"id":2269,"href":"https:\/\/www.fotonavia.com\/index.php?rest_route=\/wp\/v2\/pages\/1179\/revisions\/2269"}],"up":[{"embeddable":true,"href":"https:\/\/www.fotonavia.com\/index.php?rest_route=\/wp\/v2\/pages\/1220"}],"wp:attachment":[{"href":"https:\/\/www.fotonavia.com\/index.php?rest_route=%2Fwp%2Fv2%2Fmedia&parent=1179"}],"curies":[{"name":"wp","href":"https:\/\/api.w.org\/{rel}","templated":true}]}}