{"id":122,"date":"2009-12-27T12:31:47","date_gmt":"2009-12-27T11:31:47","guid":{"rendered":"http:\/\/s299004171.mialojamiento.es\/Fotonavia\/?page_id=122"},"modified":"2013-12-15T15:42:01","modified_gmt":"2013-12-15T14:42:01","slug":"conceptos-fotograficos","status":"publish","type":"page","link":"https:\/\/www.fotonavia.com\/?page_id=122","title":{"rendered":"Conceptos"},"content":{"rendered":"<h2 style=\"text-align: center;\">1.- LOS CONCEPTOS<\/h2>\n<p>No os asust\u00e9is, este curso va a ser lo mas ameno y sencillo posible, no vamos a perder el tiempo con disquisiciones t\u00e9cnicas ni parrafadas in\u00fatiles, pero es imprescindible tener claros algunos conceptos, para entender las t\u00e9cnicas b\u00e1sicas. No se puede saber conducir sin saber cuando y por que hay que utilizar el freno o la intermitencia&#8230; \u00bfo no?<\/p>\n<p>Seguramente, dir\u00e9 cosas en las que no todos estar\u00e9is de acuerdo, cada uno ve la fotograf\u00eda a su manera, y yo no soy una excepci\u00f3n, pero este es un\u00a0tema abierto, as\u00ed que ya sabes, aporta tu opini\u00f3n, todos saldremos ganando.<\/p>\n<p>En una fotograf\u00eda, t\u00e9cnicamente hablando, solo hemos de escoger los par\u00e1metros adecuados para obtener una imagen correcta, es decir t\u00e9cnicamente una exposici\u00f3n bien medida, un enfoque adecuado, y un buen encuadre, dar\u00e1n como resultado una imagen correcta, pero como te habr\u00e1s dado cuenta, he dicho una \u00abimagen correcta\u00bb, no una buena fotograf\u00eda, que en mi opini\u00f3n no siempre es lo mismo.<\/p>\n<p>Una buena fotograf\u00eda, (ojo!, siempre hablo desde mi punto de vista personal&#8230;.) es aquella en la que el autor consigue transmitir lo que pretende al observador, ya sea contando una historia, provocando emociones, capturando momentos irrepetibles, etc. &#8230;.\u00a0 la forma de hacerlo ya es cuesti\u00f3n de gustos, de sensibilidad, de intuici\u00f3n, de habilidad para estar en el sitio justo y en el momento oportuno, y de otras muchas cosas, algunas de ellas innatas en las personas y otras que se aprenden practicando y sobretodo viendo fotos y mas fotos.<\/p>\n<p>Aqu\u00ed os muestro un par de im\u00e1genes del National Geographic, con las que pretendo ilustrar lo que afirmo en el p\u00e1rrafo anterior, la primera es una foto de un campo de tulipanes, posiblemente irreprochable desde el punto de vista t\u00e9cnico, muy bien expuesta, con gran profundidad y perspectiva, y con una composici\u00f3n que marca la regla de los \u00abcuatro tercios\u00bb a la perfecci\u00f3n, (eso ya lo veremos mas adelante), pero que cuando la ves piensas, \u00abvaya foto mas chula&#8230;\u00bb y se acab\u00f3&#8230; no te dice nada mas. Y por otro lado os muestro otra foto en la que se ve a una abuela que cuida a su nieto, en alguna aldea desfavorecida del sur de Asia&#8230;. \u00bfque como lo se? ni idea&#8230; pero la imagen incita al pensamiento, a la imaginaci\u00f3n, cuenta una historia&#8230; si ya s\u00e9&#8230; t\u00e9cnicamente es un desastre, zonas quemadas, un t\u00edo que pasa por detr\u00e1s distrayendo la atenci\u00f3n, zonas con un enfoque deficiente, las piernas de la se\u00f1ora cortadas&#8230; y yo que s\u00e9 cuantas cosas mas&#8230;. \u00bfy que?&#8230; para mi es 20 veces mejor que la primera, \u00bfo no?.<\/p>\n<p style=\"text-align: center;\"><img decoding=\"async\" class=\" wp-image-123   aligncenter\" title=\"Conceptos\" src=\"https:\/\/www.fotonavia.com\/wp-content\/uploads\/2009\/12\/Conceptos-600x215.jpg\" alt=\"Conceptos\" \/><\/p>\n<p style=\"text-align: left;\">Con todo esto quiero dejar claro que todo lo que explicar\u00e9 en este curso, nos va a servir t\u00e9cnicamente para saber hacer todo aquello que nos propongamos con la c\u00e1mara en la mano, pero no para hacer buenas fotos, eso es otra cosa&#8230; y ya quisiera yo saber explicarla mejor, pero a pesar de ello os aseguro que al final lo entender\u00e9is.<\/p>\n<p style=\"text-align: left;\">Como dec\u00eda en la presentaci\u00f3n, este es un tema abierto al debate, esperamos vuestra colaboraci\u00f3n y vuestras opiniones al respecto para mejorar y beneficiarnos todos de ello&#8230; envianos tu comentario a <a href=\"mailto:fotonavia@gmail.com\">fotonavia@gmail.com<\/a>.<\/p>\n<p style=\"text-align: center;\"><strong><a href=\"https:\/\/www.fotonavia.com\/?page_id=92\">&lt; &lt; \u2013 &#8211; VOLVER AL MEN\u00da DEL CURSO DE FOTOGRAFIA DIGITAL B\u00c1SICA<\/a><\/strong><\/p>\n<p style=\"text-align: center;\">\u00a0<\/p>\n","protected":false},"excerpt":{"rendered":"<p>1.- LOS CONCEPTOS No os asust\u00e9is, este curso va a ser lo mas ameno y sencillo posible, no vamos a perder el tiempo con disquisiciones t\u00e9cnicas ni parrafadas in\u00fatiles, pero es imprescindible tener claros algunos conceptos, para entender las t\u00e9cnicas b\u00e1sicas. No se puede saber conducir sin saber cuando y por que hay que utilizar [&hellip;]<\/p>\n","protected":false},"author":1,"featured_media":0,"parent":92,"menu_order":1,"comment_status":"closed","ping_status":"closed","template":"","meta":{"footnotes":""},"class_list":["post-122","page","type-page","status-publish","hentry"],"_links":{"self":[{"href":"https:\/\/www.fotonavia.com\/index.php?rest_route=\/wp\/v2\/pages\/122","targetHints":{"allow":["GET"]}}],"collection":[{"href":"https:\/\/www.fotonavia.com\/index.php?rest_route=\/wp\/v2\/pages"}],"about":[{"href":"https:\/\/www.fotonavia.com\/index.php?rest_route=\/wp\/v2\/types\/page"}],"author":[{"embeddable":true,"href":"https:\/\/www.fotonavia.com\/index.php?rest_route=\/wp\/v2\/users\/1"}],"replies":[{"embeddable":true,"href":"https:\/\/www.fotonavia.com\/index.php?rest_route=%2Fwp%2Fv2%2Fcomments&post=122"}],"version-history":[{"count":3,"href":"https:\/\/www.fotonavia.com\/index.php?rest_route=\/wp\/v2\/pages\/122\/revisions"}],"predecessor-version":[{"id":2281,"href":"https:\/\/www.fotonavia.com\/index.php?rest_route=\/wp\/v2\/pages\/122\/revisions\/2281"}],"up":[{"embeddable":true,"href":"https:\/\/www.fotonavia.com\/index.php?rest_route=\/wp\/v2\/pages\/92"}],"wp:attachment":[{"href":"https:\/\/www.fotonavia.com\/index.php?rest_route=%2Fwp%2Fv2%2Fmedia&parent=122"}],"curies":[{"name":"wp","href":"https:\/\/api.w.org\/{rel}","templated":true}]}}