{"id":134,"date":"2009-12-27T13:02:35","date_gmt":"2009-12-27T12:02:35","guid":{"rendered":"http:\/\/s299004171.mialojamiento.es\/Fotonavia\/?page_id=134"},"modified":"2013-12-15T15:42:29","modified_gmt":"2013-12-15T14:42:29","slug":"134-2","status":"publish","type":"page","link":"https:\/\/www.fotonavia.com\/?page_id=134","title":{"rendered":"El Diafragma"},"content":{"rendered":"<h2 style=\"text-align: center;\">2.- EL DIAFRAGMA<\/h2>\n<p style=\"text-align: left;\">Bueno, vamos a entrar en materia, la medici\u00f3n de la exposici\u00f3n es como generalmente se conoce al proceso de la medici\u00f3n de la luz en fotograf\u00eda.<\/p>\n<p>Cuando empezamos a hacer fotos el primer problema que nos encontramos es que algunas nos salen muy oscuras y otras nos salen mas claras&#8230; \u00bfpor que?&#8230; pues porque no hemos hecho una exposici\u00f3n correcta, y para que lo entandamos muy f\u00e1cil voy a utilizar un s\u00edmil, imaginemos que una fotograf\u00eda es una piscina, (no os ri\u00e1is, que ya ver\u00e9is como as\u00ed se entiende muy bien, je je je) tener una foto con la cantidad adecuada de luz, ser\u00e1 en nuestro s\u00edmil como llenar la piscina con la cantidad adecuada de agua, si dejamos pasar mucha luz la foto saldr\u00e1 muy clara, y si echamos mucha agua la piscina se desbordar\u00e1, as\u00ed mismo si dejamos pasar poca luz la foto quedar\u00e1 oscura, o volviendo a nuestro s\u00edmil, si echamos poca agua no podremos zambullirnos en la piscina&#8230;. es lo mismo&#8230;. pues bien, hay 2 formas de llenar la cantidad adecuada de agua de la piscina, con una tuber\u00eda muy ancha y en poco tiempo, o con una tuber\u00eda muy estrecha en mucho mas tiempo, hasta aqu\u00ed estamos todos de acuerdo \u00bfno?.<br \/>\n<strong><\/strong><\/p>\n<p>Pues bien, en fotograf\u00eda el ancho de la tuber\u00eda lo podemos ajustar a nuestro antojo, es el <strong>DIAFRAGMA<\/strong> y podemos abrirlo y cerrarlo dentro de los paramentos que admita el objetivo que estemos utilizando, l\u00f3gicamente cuanto mayor sea la abertura, mas luz entrar\u00e1, con lo cual necesitaremos mucho menos tiempo de exposici\u00f3n para conseguir una foto con una iluminaci\u00f3n correcta, recordad el s\u00edmil, tuber\u00eda grande, piscina llena en poco tiempo\u2026 y viceversa&#8230;<\/p>\n<p>Las aberturas del diafragma en fotograf\u00eda, se miden en numero \u201cf\u201d, y cuanto mayor es el numero \u201cf\u201d menor es la abertura, si ya se que es un poco contradictorio, pero se debe a cuestiones matem\u00e1ticas, en las que no vamos a perder el tiempo, digamos que los valores mas habituales de las aberturas de los objetivos son estos:<\/p>\n<p><strong>f2 \u2013\u00a0 f2.8 \u2013 f4 \u2013 f5.6 \u2013 f8 \u2013 f11 \u2013 f16 -f22<\/strong><\/p>\n<p style=\"text-align: left;\">Ilustremos esto con una imagen que circula por la red y que me ha parecido que se entiende muy bien&#8230;<\/p>\n<p style=\"text-align: center;\"><img loading=\"lazy\" decoding=\"async\" width=\"450\" height=\"249\" class=\" wp-image-135 aligncenter\" title=\"numerosf\" src=\"https:\/\/www.fotonavia.com\/wp-content\/uploads\/2009\/12\/numerosf.jpg\" alt=\"numerosf\" srcset=\"https:\/\/www.fotonavia.com\/wp-content\/uploads\/2009\/12\/numerosf.jpg 450w, https:\/\/www.fotonavia.com\/wp-content\/uploads\/2009\/12\/numerosf-300x166.jpg 300w\" sizes=\"auto, (max-width: 450px) 100vw, 450px\" \/><\/p>\n<p>El salto de un n\u00famero \u201cf\u201d al siguiente, supone reducir el paso de luz exactamente a la mitad, ya que el \u00e1rea del orificio que deja pasar la luz es exactamente la mitad que el \u00e1rea de la abertura anterior, es decir, si con un diafragma f2 conseguimos una foto correctamente expuesta en un determinado tiempo de exposici\u00f3n, pongamos por ejemplo 1\/1000\u201d (una mil\u00e9sima de segundo), si utiliz\u00e1semos una abertura f2.8, tendr\u00edamos que aumentar el tiempo al doble, a 2 mil\u00e9simas de segundo, (2\/1000\u201d, o lo que es lo mismo 1\/500\u201d), si en vez de f2 usamos f4, necesitar\u00edamos el doble de tiempo de exposici\u00f3n, es decir 4 mil\u00e9simas de segundo (4\/1000\u201d, o lo que es lo mismo 1\/250\u201d)\u2026. volviendo al s\u00edmil, si con una tuber\u00eda con un agujero enorme lleno la piscina en una hora, con otra cuyo agujero sea la mitad, tardar\u00e9 el doble de tiempo \u00bfno? y si usamos una cuyo caudal sea la mitad de la mitad, (o sea un cuarto) necesitaremos cuatro horas\u2026 y as\u00ed progresivamente.<\/p>\n<p>Las c\u00e1maras modernas, a\u00f1aden n\u00fameros intermedios, para afinar a\u00fan m\u00e1s el ajuste, a veces con saltos de medio diafragma, como en esta lista, en rojo los numero de pasos de diafragma enteros y en negro los \u201cmedios diafragmas\u201d:<\/p>\n<p><strong><span style=\"color: #ff0000;\">f1<\/span> <\/strong><strong>\u2013 f1.2 &#8211;<\/strong><strong> <span style=\"color: #ff0000;\">f1.4<\/span> <\/strong><strong>&#8211; <\/strong><strong>f1.7<\/strong><strong> <\/strong><strong>&#8211; <span style=\"color: #ff0000;\">f2<\/span><\/strong><strong> <\/strong><strong>\u2013 f2.4 \u2013 <\/strong><strong><span style=\"color: #ff0000;\">f2.8<\/span><\/strong><strong> <\/strong><strong>\u2013 f3.3 \u2013 <\/strong><strong><span style=\"color: #ff0000;\">f4<\/span><\/strong><strong> <\/strong><strong>\u2013 f4.8 \u2013 <\/strong><strong><span style=\"color: #ff0000;\">f5.6<\/span><\/strong><strong> <\/strong><strong>\u2013 f6.7 \u2013 <\/strong><strong><span style=\"color: #ff0000;\">f8<\/span><\/strong><strong> <\/strong><strong>\u2013 f9.5 \u2013 <\/strong><strong><span style=\"color: #ff0000;\">f11<\/span><\/strong><strong> <\/strong><strong>-f13 \u2013 <\/strong><strong><span style=\"color: #ff0000;\">f16<\/span><\/strong><strong> <\/strong><strong>\u2013 f19\u00a0 &#8211;<\/strong><strong><span style=\"color: #ff0000;\">f22<\/span><\/strong><\/p>\n<p>Y a veces con saltos de un tercio de diafragma, para ajustes m\u00e1s finos todav\u00eda, os muestro un listado, y al igual que en el anterior en rojo los numero de pasos de diafragma enteros y en negro los \u201ctercios de diafragma\u201d:<\/p>\n<p><strong><span style=\"color: #ff0000;\">f1<\/span> <\/strong><strong>\u2013 f1.1 \u2013 f1.2 \u2013<\/strong><strong> <span style=\"color: #ff0000;\">f1.4<\/span> <\/strong><strong>&#8211; f1.6 \u2013 f1.8<\/strong><strong> <\/strong><strong>&#8211; <span style=\"color: #ff0000;\">f2<\/span><\/strong><strong> <\/strong><strong>\u2013 f2.2 \u2013 f2.5 \u2013 <\/strong><strong><span style=\"color: #ff0000;\">f2.8<\/span><\/strong><strong> <\/strong><strong>\u2013 f3.3 \u2013 f3.5\u00a0 \u2013 <\/strong><strong><span style=\"color: #ff0000;\">f4<\/span><\/strong><strong> <\/strong><strong>\u2013 f4.5 \u2013 f5\u00a0 \u2013 <\/strong><strong><span style=\"color: #ff0000;\">f5.6<\/span><\/strong><strong> <\/strong><strong>\u2013 f6.3 \u2013 f7.1\u00a0 \u2013 <\/strong><strong><span style=\"color: #ff0000;\">f8<\/span><\/strong><strong> <\/strong><strong>\u2013 f9 \u2013 f10\u00a0 \u2013 <\/strong><strong><span style=\"color: #ff0000;\">f11<\/span><\/strong><strong> <\/strong><strong>&#8211; f13 \u2013 f14 \u2013 <\/strong><strong><span style=\"color: #ff0000;\">f16<\/span><\/strong><strong> <\/strong><strong>\u2013 f18 \u2013 f20\u00a0 &#8211; <\/strong><strong><span style=\"color: #ff0000;\">f22<\/span><\/strong><\/p>\n<p>Y dir\u00e9is vosotros&#8230;. \u00bfcomo es posible que algunos valores coincidan en los 2 listados? &#8230;no es lo mismo un tercio de algo, que la mitad&#8230; y ten\u00e9is raz\u00f3n, es un redondeo que los fabricantes hacen en la designaci\u00f3n de estas aberturas intermedias, pero no os preocup\u00e9is que eso no influye en la abertura real.<\/p>\n<p>Las aberturas son junto a la focal del objetivo (que ya veremos que co\u00f1o es eso\u2026) lo mas decisivo a la hora de determinar la profundidad de campo (que tambi\u00e9n la veremos mas adelante\u2026) y cuando decimos la profundidad de campo, mas o menos lo que queremos decir es la zona enfocada, con nitidez, la zona que no se ve borrosa\u2026<\/p>\n<p>Esto se usa generalmente con fines creativos, fijaos por ejemplo en que desenfocando el fondo de un retrato, conseguimos centrar la atenci\u00f3n del observador justo en el personaje, pero en otras ocasiones podemos pretender lo contrario y queremos mostrar por ejemplo, un edificio que hay detr\u00e1s del motivo fotografiado (la t\u00edpica foto de vacaciones), pues bien jugando con las aberturas (y las focales, que ya veremos\u2026) conseguimos dominar la zona enfocada\u2026<\/p>\n<p style=\"text-align: center;\"><img loading=\"lazy\" decoding=\"async\" width=\"217\" height=\"400\" class=\"center  wp-image-137 aligncenter\" title=\"diafragma1\" src=\"https:\/\/www.fotonavia.com\/wp-content\/uploads\/2009\/12\/diafragma1.jpg\" alt=\"diafragma1\" srcset=\"https:\/\/www.fotonavia.com\/wp-content\/uploads\/2009\/12\/diafragma1.jpg 217w, https:\/\/www.fotonavia.com\/wp-content\/uploads\/2009\/12\/diafragma1-162x300.jpg 162w\" sizes=\"auto, (max-width: 217px) 100vw, 217px\" \/><\/p>\n<p>Fijaos en el ejemplo de esta imagen\u2026 como se ha conseguido desenfocar el fondo de la imagen utilizando una abertura mayor de diafragma&#8230;<\/p>\n<p>Repito, este es un tema abierto al debate, y esperamos\u00a0tu colaboraci\u00f3n y\u00a0tus opiniones al respecto\u2026 envianos tu comentario a <a href=\"mailto:fotonavia@gmail.com\">fotonavia@gmail.com<\/a>.<\/p>\n<p style=\"text-align: center;\"><strong><a href=\"https:\/\/www.fotonavia.com\/?page_id=92\">&lt; &lt; \u2013 &#8211; VOLVER AL MEN\u00da DEL CURSO DE FOTOGRAFIA DIGITAL B\u00c1SICA<\/a><\/strong><\/p>\n","protected":false},"excerpt":{"rendered":"<p>2.- EL DIAFRAGMA Bueno, vamos a entrar en materia, la medici\u00f3n de la exposici\u00f3n es como generalmente se conoce al proceso de la medici\u00f3n de la luz en fotograf\u00eda. Cuando empezamos a hacer fotos el primer problema que nos encontramos es que algunas nos salen muy oscuras y otras nos salen mas claras&#8230; \u00bfpor que?&#8230; [&hellip;]<\/p>\n","protected":false},"author":1,"featured_media":0,"parent":92,"menu_order":2,"comment_status":"closed","ping_status":"closed","template":"","meta":{"footnotes":""},"class_list":["post-134","page","type-page","status-publish","hentry"],"_links":{"self":[{"href":"https:\/\/www.fotonavia.com\/index.php?rest_route=\/wp\/v2\/pages\/134","targetHints":{"allow":["GET"]}}],"collection":[{"href":"https:\/\/www.fotonavia.com\/index.php?rest_route=\/wp\/v2\/pages"}],"about":[{"href":"https:\/\/www.fotonavia.com\/index.php?rest_route=\/wp\/v2\/types\/page"}],"author":[{"embeddable":true,"href":"https:\/\/www.fotonavia.com\/index.php?rest_route=\/wp\/v2\/users\/1"}],"replies":[{"embeddable":true,"href":"https:\/\/www.fotonavia.com\/index.php?rest_route=%2Fwp%2Fv2%2Fcomments&post=134"}],"version-history":[{"count":3,"href":"https:\/\/www.fotonavia.com\/index.php?rest_route=\/wp\/v2\/pages\/134\/revisions"}],"predecessor-version":[{"id":2283,"href":"https:\/\/www.fotonavia.com\/index.php?rest_route=\/wp\/v2\/pages\/134\/revisions\/2283"}],"up":[{"embeddable":true,"href":"https:\/\/www.fotonavia.com\/index.php?rest_route=\/wp\/v2\/pages\/92"}],"wp:attachment":[{"href":"https:\/\/www.fotonavia.com\/index.php?rest_route=%2Fwp%2Fv2%2Fmedia&parent=134"}],"curies":[{"name":"wp","href":"https:\/\/api.w.org\/{rel}","templated":true}]}}