{"id":1370,"date":"2011-04-13T10:27:55","date_gmt":"2011-04-13T09:27:55","guid":{"rendered":"http:\/\/www.fotonavia.net\/?page_id=1370"},"modified":"2013-12-15T15:29:13","modified_gmt":"2013-12-15T14:29:13","slug":"entrevista-a-hugo-perez-bermudez","status":"publish","type":"page","link":"https:\/\/www.fotonavia.com\/?page_id=1370","title":{"rendered":"Entrevista a Hugo P\u00e9rez Berm\u00fadez"},"content":{"rendered":"<h2 style=\"text-align: center;\">Entrevista a Hugo P\u00e9rez Berm\u00fadez<\/h2>\n<p><img loading=\"lazy\" decoding=\"async\" class=\"alignright size-medium wp-image-1377\" title=\"Hugo\" src=\"https:\/\/www.fotonavia.com\/wp-content\/uploads\/2011\/04\/Hugo111.jpg\" alt=\"\" width=\"312\" height=\"504\" \/>En esta ocasi\u00f3n tenemos la oportunidad de conocer un poco mejor a Hugo P\u00e9rez Berm\u00fadez (\u201cRupeltinsky\u201d en Fotonavia),\u00a0\u00a0otro de nuestros \u201cforeros\u201d y \u201cfoteros\u201d mas destacados, al que como al resto de artistas entrevistados, agradecemos enormemente\u00a0la deferencia\u00a0que ha tenido con nosotros al concedernos esta entrevista, en la que\u00a0Hugo nos muestra su forma de ver y entender\u00a0la fotograf\u00eda.<br \/>\nGRACIAS POR TODO HUGO!!<\/p>\n<p>No os perd\u00e1is la oprotunidad de ver algunas de sus fotograf\u00edas, en esta estupenda <a href=\"https:\/\/www.fotonavia.com\/?page_id=1392\" target=\"_self\">Galer\u00eda<\/a><\/p>\n<p><span style=\"color: #888888;\"><strong><span style=\"color: #000000;\">Javifreitas.-<\/span><em> Para\u00a0 empezar, como en otras entrevistas, queremos\u00a0a conocerte un poco, cu\u00e9ntanos quien es \u00abRupeltinsky\u00bb&#8230;<\/em><\/strong><\/span><\/p>\n<p><strong>Rupeltinsky.-<\/strong>\u00a0Me llamo Hugo P\u00e9rez Berm\u00fadez. Vivo y trabajo en Boal, donde nac\u00ed hace 39 a\u00f1os.<\/p>\n<p>Estudi\u00e9, estudio y trabajo de inform\u00e1tico. Me dedico principalmente a mantenimiento y formaci\u00f3n.<\/p>\n<p>Me gusta: la buena comida y bebida, cocinar, salir a la monta\u00f1a desde un simple paseo a una invernal, el cine, la m\u00fasica, la literatura, hacer y ver fotograf\u00edas y sobre todo aprender fotograf\u00eda mirando, leyendo y escuchando a otros fot\u00f3grafos.<\/p>\n<p>Mis trabajos fotogr\u00e1fico a parte de en FotoNavia, se pueden ver en\u00a0<a href=\"http:\/\/www.fotonatura.org\/galerias\/1113\/\" target=\"_blank\">Fotonatura<\/a> y\u00a0<a href=\"http:\/\/www.afonas.org\/\" target=\"_blank\">Afonas,<\/a> que es la Asociaci\u00f3n de Fot\u00f3grafos de Naturaleza del Principado de Asturias, a la que pertenezco desde su creaci\u00f3n en 2008.<\/p>\n<p><strong>Javifreitas.- <em><span style=\"color: #888888;\">Por cierto&#8230; \u00bfde donde sacaste el nombre que utilizas en los foros, y por el que te conocemos en Fotonavia&#8230; \u00abRupeltinsky\u00bb?<\/span><\/em><\/strong><\/p>\n<p><strong>Rupeltinsky.- <\/strong>Jajaja. Viene del cuento infantil de la Hilandera que le\u00ed en mi infancia del que tambi\u00e9n se realizaron series de televisi\u00f3n. Es el nombre del un duende muy malo. Aunque como yo no creo que sea tan malo como este personaje de ficci\u00f3n, modifique el nombre. El nombre original es <a href=\"http:\/\/es.wikipedia.org\/wiki\/Rumpelstiltskin\" target=\"_blank\">Rumpelstiltskin<\/a>.<\/p>\n<p><strong>Javifreitas.-<\/strong>\u00a0 <em><strong><span style=\"color: #888888;\">\u00bfQu\u00e9 equipo fotogr\u00e1fico sueles utilizar? \u00bfCrees que importa mucho para un resultado final de calidad?<\/span><\/strong><\/em><\/p>\n<p><strong>Rupeltinsky.-\u00a0\u00a0<\/strong>Suelo utilizar una r\u00e9flex digital Canon, objetivos de la marca, flashes Metz, tr\u00edpodes, filtros polarizadores, neutros y degradados\u2026 y un mont\u00f3n de cacharros varios cable disparador, aguardo (hide), sillas, redes de camuflaje\u2026 Lo pr\u00f3ximo que tengo en mente es adquirir un objetivo macro, un teleobjetivo de focal fija y otro cuerpo de formato completo.<\/p>\n<p>Lo importante es \u201ctirar fotograf\u00edas\u201d ver, leer, hablar y aprender de fotograf\u00eda. Y empezar paso a paso desde cosas sencilla e ir evolucionando. No complicarse la vida con disciplinas fotogr\u00e1ficas dif\u00edciles con las solo vamos a conseguir frustrarnos y que abandonemos esta bella afici\u00f3n.<\/p>\n<p>Creo que el equipo es importante, aunque hoy en d\u00eda todos los equipos son muy buenos y dan unos resultados excelentes. Recomiendo invertir el dinero en un buen tr\u00edpode (durar\u00e1 d\u00e9cadas) y comenzar con una compacta de altas prestaciones que nos permita utilizar el modo manual y utilizar las \u201cc\u00e9lulas grises\u201d, pensar, esforzarnos y huir de los programas autom\u00e1ticos.<\/p>\n<p><strong>Javifreitas.-\u00a0 <em><span style=\"color: #888888;\">\u00bfComo y\u00a0a que edad\u00a0empez\u00f3 tu afici\u00f3n? \u00bfVienes de la fotograf\u00eda anal\u00f3gica?<\/span><\/em><\/strong><\/p>\n<p><strong>Rupeltinsky.-\u00a0\u00a0\u00a0<\/strong>\u00a1Puf, pues no se! Siempre tengo el recuerdo de mi padre con c\u00e1mara de fotograf\u00eda, una Minolta Uniomat o una c\u00e1mara de Super 8. Aunque como el dice, solo hacia fotograf\u00edas de recuerdo no fotograf\u00eda con un fin art\u00edstico o est\u00e9tico.<\/p>\n<p>Mi primera c\u00e1mara fue una Werlisa Club Color que me regalaron en 8\u00ba de EGB y que llev\u00e9 al viaje de fin de curso. A\u00f1os despu\u00e9s me regalaron por Reyes una Zenit 12 r\u00e9flex a la que sigui\u00f3 m\u00e1s tarde una Canon EF-M, la \u00faltima c\u00e1mara que fabric\u00f3 Canon sin autofocus pero que utiliza la misma bayoneta EF electr\u00f3nica que las c\u00e1mara actuales. Cuando empec\u00e9 a trabajar adquir\u00ed de segunda mano una Canon EOS 5e a la que a\u00f1ad\u00ed con el tiempo un zoom angular, zoom tele, duplicadores, tubos de extensi\u00f3n y m\u00e1s cachivaches. Objetivos que por cierto sigo utilizando hoy con las digitales.<\/p>\n<p>Si vengo de la fotograf\u00eda de pel\u00edcula. Sobre todo dispar\u00e9 muchas diapositivas en mis salidas de monta\u00f1a y alpinismo. Hasta el a\u00f1o 2003 no me pase a digital con una Canon EOS 350D.<\/p>\n<p><strong>Javifreitas.-\u00a0 <em><span style=\"color: #888888;\">Se dice que todos tenemos una fotograf\u00eda que marc\u00f3 un cambio en nuestra forma de ver esta afici\u00f3n&#8230; \u00bfrecuerdas cual fue la tuya?<\/span><\/em><\/strong><\/p>\n<p><strong>Rupeltinsky.-\u00a0\u00a0<\/strong>Pues los provocadores desnudos de Helmut Newton que descubr\u00ed gracias a la desaparecida revista FOTO que compraba en un kiosco y que no era nada f\u00e1cil de conseguir en un pueblo tan peque\u00f1o como Boal. Otra revista que me marco y que fue la que me introdujo m\u00e1s el \u201cgusanillo\u201d de la fotograf\u00eda que realizo en la actualidad fue la revista Natura. Que ten\u00eda una secci\u00f3n dedicada a la fotograf\u00eda de naturaleza (trucos, consejos, equipos\u2026) y la que estuve suscrito muchos a\u00f1os.<\/p>\n<p>Actualmente estoy suscrito a Foto-V\u00eddeo Actualidad y Visi\u00f3n Salvaje.<\/p>\n<p><strong><img loading=\"lazy\" decoding=\"async\" class=\"alignleft size-medium wp-image-1378\" title=\"Hugo_2\" src=\"https:\/\/www.fotonavia.com\/wp-content\/uploads\/2011\/04\/Hugo_2-250x166.jpg\" alt=\"\" width=\"250\" height=\"166\" \/>Javifreitas.-\u00a0 <em><span style=\"color: #888888;\">Y entonces&#8230; <\/span><span style=\"color: #888888;\">\u00bfQue fotograf\u00eda te hubiese gustado haber hecho y a\u00fan no hiciste?<\/span><\/em>\u00a0<\/strong><\/p>\n<p><strong>Rupeltinsky.-<\/strong>\u00a0 \u00a1Pues no se\u2026 todas!\u00a0 Me gustar\u00eda conseguir fotografiar un Oso Pardo, o un Urogallo en libertad y en Asturias. Ya que est\u00e1n en peligro de extinci\u00f3n. Aunque el problema es la dificultad y los permisos necesarios.<\/p>\n<p><strong>Javifreitas.-<\/strong>\u00a0 <em><strong><span style=\"color: #888888;\">Hablemos un poco de aspectos t\u00e9cnicos&#8230; danos tu opini\u00f3n sobre la importancia tienen para ti en una fotograf\u00eda, el momento de la toma y el procesado posterior.<\/span><\/strong><\/em><\/p>\n<p><strong>Rupeltinsky.-\u00a0\u00a0\u00a0<\/strong>Para mi el momento de la toma es primordial. A mi me gusta terminar la imagen en la toma. Mi flujo de trabajo como mucho lleva ajuste del balance de blancos, niveles-curvas y si es necesario peque\u00f1os ajuste de exposici\u00f3n, clonar la suciedad y recorte del encuadre sobre todo fotograf\u00eda panor\u00e1mica en paisaje.<\/p>\n<p>No utilizo los ajustes por zonas, capas y otras opciones que ofrecen los programas de retoque fotogr\u00e1fico. Es mi forma de entender la fotograf\u00eda de naturaleza, es una postura personal. \u201cNo un dogma de fe\u201d, cada uno es libre de realizar todos los procesos que crea conveniente, pero siempre diciendo la verdad que la imagen lleva este tipo procesos.<\/p>\n<p><strong><img loading=\"lazy\" decoding=\"async\" class=\"alignright size-medium wp-image-1379\" title=\"Paisaje\" src=\"https:\/\/www.fotonavia.com\/wp-content\/uploads\/2011\/04\/Paisaje-188x250.jpg\" alt=\"\" width=\"188\" height=\"250\" \/>Javifreitas.-\u00a0 <em><span style=\"color: #888888;\">\u00bfEres partidarios del uso de filtros? y si es as\u00ed&#8230; \u00a0\u00bfcuales son tus filtros preferidos?<\/span><\/em><\/strong><\/p>\n<p><strong>Rupeltinsky.-<\/strong>\u00a0\u00a0 Si soy partidario de los filtros durante la toma. En fotograf\u00eda de paisaje es imprescindible o casi la utilizaci\u00f3n de filtros neutros, degradados neutros y polarizador. Los \u00fanicos filtros inform\u00e1ticos que utilizo en la imagen final, sea esta para Internet o imprimir es un filtro reductor ruido y enfoque.<\/p>\n<p><strong>Javifreitas.-\u00a0 <em><span style=\"color: #888888;\">Valora\u00a0la importancia que crees que tienen para conseguir una buena fotograf\u00eda los siguientes conceptos fotogr\u00e1ficos \u00abcontrolables\u00bb&#8230; Encuadre, Luz, Nitidez, \u00bfalg\u00fan otro&#8230;?<\/span><\/em><\/strong><\/p>\n<p><strong>Rupeltinsky.-<\/strong>\u00a0 La luz y el encuadre\u00a0son primordiales para conseguir lo que uno busca, sumando la velocidad de obturaci\u00f3n, la apertura de la lente y la forma de medir. Con todos estos \u201cingredientes\u201d el fot\u00f3grafo le da su visi\u00f3n a las im\u00e1genes y puede llegar a destacar sus im\u00e1genes del resto.<\/p>\n<p><strong>Javifreitas.-\u00a0 <span style=\"color: #888888;\"><em>\u00bfQue tipo de fotograf\u00eda te gusta mas hacer y cual es tu \u00abasignatura pendiente\u00bb en este mundillo?<\/em><\/span><\/strong><\/p>\n<p><strong>Rupeltinsky.-<\/strong>\u00a0 Paisaje y fauna. Entre los campos pendientes la macrofotograf\u00eda y la fotograf\u00eda nocturna; estas dentro de la fotograf\u00eda que hago habitualmente. Entre las especialidades de la fotograf\u00eda que no practico estar\u00edan el retrato, desnudo, bodeg\u00f3n y arquitectura.<\/p>\n<p><strong>Javifreitas.-\u00a0 <em><span style=\"color: #888888;\">En Fotonavia te conocemos principalmente por\u00a0esas fotos de p\u00e1jaros tan maravillosas con los que nos regalas la vista de vez en cuando y alg\u00fan que otro paisaje de monta\u00f1a que nos deja con la miel en los labios&#8230; \u00bfLa naturaleza los es todo en tu forma de ver la fotograf\u00eda&#8230;?<\/span><\/em><\/strong><\/p>\n<p><strong>Rupeltinsky.-<\/strong>\u00a0 Pues s\u00ed. Creo que es algo inherente a mi forma de vivir y que va unido a mi visi\u00f3n de la fotograf\u00eda. Me permite desconectar del trabajo y la rutina diaria. Conocer otros sitios, personas y conectar con el medio natural. Del que dependemos y tanto maltratamos.<\/p>\n<p><strong><img loading=\"lazy\" decoding=\"async\" class=\"alignleft size-medium wp-image-1374\" title=\"Ave_3\" src=\"https:\/\/www.fotonavia.com\/wp-content\/uploads\/2011\/04\/Ave_3-166x250.jpg\" alt=\"\" width=\"166\" height=\"250\" \/>Javifreitas.-\u00a0 <em><span style=\"color: #888888;\">\u00bfCual es la foto de la te sientes m\u00e1s orgulloso y porqu\u00e9 motivo?<\/span><\/em><\/strong><\/p>\n<p><strong>Rupeltinsky.-<\/strong>\u00a0 Creo que mis im\u00e1genes son \u201cnormalitas\u201d. Aunque tengo varias a las que tengo aprecio. Por ejemplo, dos que tengo en diapositiva de un Petirrojo y un Mirlo, supongo que por el trabajo que me llev\u00f3 montar el hide, los madrugones y horas para llegar a conseguirlas. Eran mis comienzos en fotograf\u00eda de fauna.<\/p>\n<p><strong>Javifreitas.-<\/strong>\u00a0 <em><span style=\"color: #888888;\"><strong>\u00bfFot\u00f3grafos favoritos\u2026?<\/strong><\/span><\/em><\/p>\n<p><strong>Rupeltinsky.-\u00a0\u00a0<\/strong>Puf, \u00bfcu\u00e1ntas hojas se pueden poner? &#8230; \ud83d\ude09<\/p>\n<p>Ansel Adams &#8211; <a href=\"http:\/\/www.anseladams.com\/\">http:\/\/www.anseladams.com\/<\/a><\/p>\n<p>Helmut Newton &#8211; <a href=\"http:\/\/helmutnewton.com\/\">http:\/\/helmutnewton.com\/<\/a><\/p>\n<p>Eugenio Recuenco &#8211; <a href=\"http:\/\/www.eugeniorecuenco.com\/\">http:\/\/www.eugeniorecuenco.com\/<\/a><\/p>\n<p>Fern\u00e1ndo Puche &#8211; <a href=\"http:\/\/www.fernandopuche.net\/index.html\">http:\/\/www.fernandopuche.net\/index.html<\/a><\/p>\n<p>Jos\u00e9 Manuel Navia &#8211; <a href=\"http:\/\/jmnavia.blogspot.com\/\">http:\/\/jmnavia.blogspot.com\/<\/a><\/p>\n<p>Oriol Alamany &#8211; <a href=\"http:\/\/www.alamany.com\/\">http:\/\/www.alamany.com\/<\/a><\/p>\n<p>Jos\u00e9 Benito Ruiz &#8211; <a href=\"http:\/\/www.josebruiz.com\/\">http:\/\/www.josebruiz.com\/<\/a><\/p>\n<p>Isabel Di\u00e9z San Vicente &#8211; <a href=\"http:\/\/www.isabeldiez.com\/\">http:\/\/www.isabeldiez.com\/<\/a><\/p>\n<p>Juan Carlos Mu\u00f1oz &#8211; <a href=\"http:\/\/www.artenatural.com\/\">http:\/\/www.artenatural.com\/<\/a><\/p>\n<p>Eduardo Blanco Mendizabal &#8211; <a href=\"http:\/\/www.ebmfoto.com\/\">http:\/\/www.ebmfoto.com\/<\/a><\/p>\n<p>Vincent Munier &#8211; <a href=\"http:\/\/www.vincentmunier.com\/\">http:\/\/www.vincentmunier.com\/<\/a><\/p>\n<p><strong>Javifreitas.-\u00a0\u00a0 <em><span style=\"color: #888888;\">\u00bfDonde encuentras la inspiraci\u00f3n para tus trabajos, viendo fotos y m\u00e1s fotos? \u00bfTrabajos de estudio y preparaci\u00f3n previos? \u00bfLas ideas van surgiendo sobre la marcha en plena sesi\u00f3n fotogr\u00e1fica?<\/span><\/em><\/strong><\/p>\n<p><strong>Rupeltinsky.-\u00a0\u00a0<\/strong>Pues, s\u00ed. Viendo fotograf\u00edas de otros y tomando ideas mentales de que te gusta de un fot\u00f3grafo y lo que no.<\/p>\n<p>Para fotograf\u00eda de paisaje y fauna pues creo que es muy importante conocer la zona e ir en distintas \u00e9pocas del a\u00f1o.<\/p>\n<p>En fauna la preparaci\u00f3n es ardua y lleva m\u00e1s trabajo hay que buscar un buen sitio (mirar fondos, como incide la luz\u2026) y repetir muchas veces; lo de ir a \u201csalto de mata\u201d no da buenos resultados con esta especialidad.<\/p>\n<p>Tambi\u00e9n es verdad que en fotograf\u00eda puedes encontrar un momento irrepetible tanto de luz, como de un fen\u00f3meno meteorol\u00f3gico y en estos casos hay que estar r\u00e1pido y dar lo mejor en esos ef\u00edmeros momentos.<\/p>\n<p><strong>Javifreitas.-\u00a0 <em><span style=\"color: #888888;\">Para muchos de nosotros parece inevitable el paso por Photoshop (o programas similares) de todas nuestras fotos&#8230; \u00bfes imprescindible el post procesado y donde crees tu que est\u00e1 el l\u00edmite del mismo?<\/span><\/em><\/strong><\/p>\n<p><strong>Rupeltinsky.-<\/strong>\u00a0 S\u00ed, es necesario el post procesado si disparamos en RAW, las im\u00e1genes salen planas y sin vida. Aunque yo utilizo el programa del fabricante de la c\u00e1mara, el Photoshop solo lo utilizo para redimensionar las im\u00e1genes, quitar ruido y enfocarlas. El l\u00edmite como ya explique est\u00e1 en no quitar o a\u00f1adir lo que no hab\u00eda e intentar dejar la imagen lo m\u00e1s terminada posible en la toma. A mi no me gusta pasarme horas procesando las im\u00e1genes con capas, selecciones\u2026 me gusta pasar horas preparando o haciendo fotograf\u00edas en el campo.<\/p>\n<p><strong>Javifreitas.-\u00a0<em><span style=\"color: #888888;\"> Demos un giro a la entrevista, cu\u00e9ntanos como conociste Fotonavia y a que debemos el placer de tenerte entre nosotros&#8230;<\/span><\/em><\/strong><\/p>\n<p><strong>Rupeltinsky.-<\/strong>\u00a0 Pues navegando por Internet encontr\u00e9 la p\u00e1gina web, me pareci\u00f3 curioso que en esta zona alguien hubiera creado un foro sobre fotograf\u00eda. Me apunt\u00e9 un poco para ver, despu\u00e9s empec\u00e9 a conocer muy buena gente y aqu\u00ed sigo.<\/p>\n<p><strong>Javifreitas.-\u00a0\u00a0\u00a0<em><span style=\"color: #888888;\">Has participado en actividades fotogr\u00e1ficas, exposiciones, Kdds&#8230; he incluso en la creaci\u00f3n de alg\u00fan libro fotogr\u00e1fico, h\u00e1blanos de todo esto\u2026 \u00bfte gusta mas compartir estas experiencias o prefieres disfrutar de la fotograf\u00eda en solitario?<\/span><\/em><\/strong><\/p>\n<p><strong>Rupeltinsky.-\u00a0\u00a0<\/strong>Bueno la verdad es que no mucho. Prepar\u00e9 la 2\u00aa Quedada FotoNavia y el curso que nos imparti\u00f3 KASIS sobre su forma de trabajar las im\u00e1genes con el Camera RAW y el Photoshop.<\/p>\n<p>Tengo im\u00e1genes en la exposici\u00f3n anual itinerante que realiza la asociaci\u00f3n a la que pertenezco <a href=\"http:\/\/www.afonas.org\/inicio\" target=\"_blank\">AFONAS<\/a>. \u00a0Desde el a\u00f1o pasado formo parte de la junta directiva y claro hay que trabajar sino las cosas no tiran para adelante. Decidimos realizar un libro de la exposici\u00f3n del 2010 y utilizar <a href=\"http:\/\/www.blurb.com\/\" target=\"_blank\">Blurb<\/a>, la experiencia fue perfecta y este a\u00f1o estamos preparando el cat\u00e1logo de la exposici\u00f3n de 2011.<\/p>\n<p>Normalmente me gusta compartir los escasos conocimientos que poseo de esta bella afici\u00f3n y participo en varios foros de fotograf\u00eda.<\/p>\n<p><strong>Javifreitas.-\u00a0 <em><span style=\"color: #888888;\">\u00bfCual crees que es el secreto de tus fotos para que nos gusten tanto?<\/span><\/em><\/strong><\/p>\n<p><strong>Rupeltinsky.-<\/strong>\u00a0 Pues no lo s\u00e9, eso te lo tendr\u00edan que decir compa\u00f1eros del foro. Intento aportar al foro las mejores im\u00e1genes que realizo y trabajar con humildad y paciencia.<\/p>\n<p><strong>Javifreitas.-\u00a0 <em><span style=\"color: #888888;\">\u00bfQue le aconsejar\u00edas a alguien que empieza a entrar de lleno en la afici\u00f3n a la fotograf\u00eda digital?<\/span><\/em><\/strong><\/p>\n<p><strong>Rupeltinsky.-\u00a0\u00a0<\/strong>Empezar con los fundamentos b\u00e1sicos que vienen de la fotograf\u00eda qu\u00edmica e ir paso a paso. Leer sobre fotograf\u00eda y ver mucha fotograf\u00eda en libros, exposiciones e Internet. Por supuesto \u201ctirar\u201d muchas im\u00e1genes y ser autoexigente con la calidad. Solo mostrar lo mejor y sino repetir hasta conseguirlo.<\/p>\n<p>Hoy recomendar\u00eda seguir <a href=\"http:\/\/www.tucamon.es\/365diasdefotografia\" target=\"_blank\">el curso de fotograf\u00eda\u00a0\u00a0\u201cUn a\u00f1o de Fotograf\u00eda\u201d de Tucamon.es<\/a>,\u00a0 con la direcci\u00f3n de Jos\u00e9 Benito Ru\u00edz y patrocinado por la CAM. Un lujo de curso, adem\u00e1s gratuito y se sigue por Internet.<\/p>\n<p><strong>Javifreitas.-\u00a0 <em><span style=\"color: #888888;\">\u00bfQue pregunta te hubiese gustado que te hici\u00e9ramos?&#8230; y ya puestos cont\u00e9stanosla&#8230; jejeje<\/span><\/em><\/strong><\/p>\n<p><strong>Rupeltinsky.-<\/strong>\u00a0 Pues no se. Yo veo la entrevista bien \u201ccompletita\u201d. \u00a0\ud83d\ude09<\/p>\n<p style=\"text-align: center;\"><strong>&#8211; o &#8211; o &#8211; o &#8211; o &#8211; o &#8211; o &#8211; o &#8211; o &#8211; o &#8211; o &#8211; o &#8211; o &#8211; o &#8211; o &#8211; o &#8211; o &#8211; o &#8211; o &#8211;<\/strong><\/p>\n<p style=\"text-align: center;\"><strong>\u00a0<\/strong><\/p>\n<h3 style=\"text-align: center;\"><a href=\"https:\/\/www.fotonavia.com\/?page_id=1220\" target=\"_self\">Volver al Men\u00fa de Entrevistas<\/a><\/h3>\n","protected":false},"excerpt":{"rendered":"<p>Entrevista a Hugo P\u00e9rez Berm\u00fadez En esta ocasi\u00f3n tenemos la oportunidad de conocer un poco mejor a Hugo P\u00e9rez Berm\u00fadez (\u201cRupeltinsky\u201d en Fotonavia),\u00a0\u00a0otro de nuestros \u201cforeros\u201d y \u201cfoteros\u201d mas destacados, al que como al resto de artistas entrevistados, agradecemos enormemente\u00a0la deferencia\u00a0que ha tenido con nosotros al concedernos esta entrevista, en la que\u00a0Hugo nos muestra su [&hellip;]<\/p>\n","protected":false},"author":1,"featured_media":0,"parent":1220,"menu_order":0,"comment_status":"open","ping_status":"closed","template":"","meta":{"footnotes":""},"class_list":["post-1370","page","type-page","status-publish","hentry"],"_links":{"self":[{"href":"https:\/\/www.fotonavia.com\/index.php?rest_route=\/wp\/v2\/pages\/1370","targetHints":{"allow":["GET"]}}],"collection":[{"href":"https:\/\/www.fotonavia.com\/index.php?rest_route=\/wp\/v2\/pages"}],"about":[{"href":"https:\/\/www.fotonavia.com\/index.php?rest_route=\/wp\/v2\/types\/page"}],"author":[{"embeddable":true,"href":"https:\/\/www.fotonavia.com\/index.php?rest_route=\/wp\/v2\/users\/1"}],"replies":[{"embeddable":true,"href":"https:\/\/www.fotonavia.com\/index.php?rest_route=%2Fwp%2Fv2%2Fcomments&post=1370"}],"version-history":[{"count":6,"href":"https:\/\/www.fotonavia.com\/index.php?rest_route=\/wp\/v2\/pages\/1370\/revisions"}],"predecessor-version":[{"id":2271,"href":"https:\/\/www.fotonavia.com\/index.php?rest_route=\/wp\/v2\/pages\/1370\/revisions\/2271"}],"up":[{"embeddable":true,"href":"https:\/\/www.fotonavia.com\/index.php?rest_route=\/wp\/v2\/pages\/1220"}],"wp:attachment":[{"href":"https:\/\/www.fotonavia.com\/index.php?rest_route=%2Fwp%2Fv2%2Fmedia&parent=1370"}],"curies":[{"name":"wp","href":"https:\/\/api.w.org\/{rel}","templated":true}]}}