{"id":1392,"date":"2011-04-13T11:32:02","date_gmt":"2011-04-13T10:32:02","guid":{"rendered":"http:\/\/www.fotonavia.net\/?page_id=1392"},"modified":"2013-12-15T15:30:02","modified_gmt":"2013-12-15T14:30:02","slug":"galeria-de-rupeltinsky","status":"publish","type":"page","link":"https:\/\/www.fotonavia.com\/?page_id=1392","title":{"rendered":"Galer\u00eda de Rupeltinsky"},"content":{"rendered":"<p><img loading=\"lazy\" decoding=\"async\" class=\"alignright size-large wp-image-1377\" title=\"Hugo\" src=\"https:\/\/www.fotonavia.com\/wp-content\/uploads\/2011\/04\/Hugo-600x400.jpg\" alt=\"\" width=\"354\" height=\"216\" \/>Esta es la galer\u00eda de Hugo P\u00e9rez Berm\u00fadez, <strong>\u201cRupeltinsky\u201d<\/strong> en nuestro foro, un\u00a0\u00abboal\u00e9s\u00bb que comparte con nosotros su afici\u00f3n a la fotograf\u00eda, y que pod\u00e9is conocer mucho mejor leyendo la entrevista que nos concedi\u00f3\u2026 <strong><a href=\"https:\/\/www.fotonavia.com\/?page_id=1370\" target=\"_self\">La entrevista de\u00a0Rupeltinsky<\/a><\/strong>\u00a0 os la recomiendo\u2026 Hugo es un gran fot\u00f3grafo, eso es mas que evidente, purista, con un dominio t\u00e9cnico envidiable y un gusto esquisito, pero sobre todo, una persona generosa, colaboradora y que no duda en ayudar todo lo que puede.\u00a0 GRACIAS HUGO, POR SER COMO ERES!.<\/p>\n<p>Para ver las im\u00e1genes de esta galer\u00eda a tama\u00f1o normal, tan solo hace falta hacer \u00abclick\u00bb sobre ellas una vez, y con un nuevo \u00abclick\u00bb se vuelve a la galer\u00eda de las miniaturas, para pasar de una a otra a tama\u00f1o grande utiliza las flechitas de los extremos inferiores de cada imagen,\u00a0tambi\u00e9n pod\u00e9is\u00a0verlas en una pase autom\u00e1tico de diapositivas, con la opci\u00f3n (<strong>Ver pase de diapositivas) <\/strong>que hay justo bajo estas l\u00edneas&#8230;\u00a0 es muy c\u00f3modo e interactivo.<\/p>\n<p>[nggallery id=8]<\/p>\n<p style=\"text-align: center;\">\u00a0<\/p>\n<h3 style=\"text-align: center;\"><a href=\"https:\/\/www.fotonavia.com\/?page_id=1220\" target=\"_self\">Volver al Men\u00fa de Entrevistas<\/a><\/h3>\n","protected":false},"excerpt":{"rendered":"<p>Esta es la galer\u00eda de Hugo P\u00e9rez Berm\u00fadez, \u201cRupeltinsky\u201d en nuestro foro, un\u00a0\u00abboal\u00e9s\u00bb que comparte con nosotros su afici\u00f3n a la fotograf\u00eda, y que pod\u00e9is conocer mucho mejor leyendo la entrevista que nos concedi\u00f3\u2026 La entrevista de\u00a0Rupeltinsky\u00a0 os la recomiendo\u2026 Hugo es un gran fot\u00f3grafo, eso es mas que evidente, purista, con un dominio t\u00e9cnico [&hellip;]<\/p>\n","protected":false},"author":1,"featured_media":0,"parent":1220,"menu_order":0,"comment_status":"closed","ping_status":"closed","template":"","meta":{"footnotes":""},"class_list":["post-1392","page","type-page","status-publish","hentry"],"_links":{"self":[{"href":"https:\/\/www.fotonavia.com\/index.php?rest_route=\/wp\/v2\/pages\/1392","targetHints":{"allow":["GET"]}}],"collection":[{"href":"https:\/\/www.fotonavia.com\/index.php?rest_route=\/wp\/v2\/pages"}],"about":[{"href":"https:\/\/www.fotonavia.com\/index.php?rest_route=\/wp\/v2\/types\/page"}],"author":[{"embeddable":true,"href":"https:\/\/www.fotonavia.com\/index.php?rest_route=\/wp\/v2\/users\/1"}],"replies":[{"embeddable":true,"href":"https:\/\/www.fotonavia.com\/index.php?rest_route=%2Fwp%2Fv2%2Fcomments&post=1392"}],"version-history":[{"count":8,"href":"https:\/\/www.fotonavia.com\/index.php?rest_route=\/wp\/v2\/pages\/1392\/revisions"}],"predecessor-version":[{"id":2274,"href":"https:\/\/www.fotonavia.com\/index.php?rest_route=\/wp\/v2\/pages\/1392\/revisions\/2274"}],"up":[{"embeddable":true,"href":"https:\/\/www.fotonavia.com\/index.php?rest_route=\/wp\/v2\/pages\/1220"}],"wp:attachment":[{"href":"https:\/\/www.fotonavia.com\/index.php?rest_route=%2Fwp%2Fv2%2Fmedia&parent=1392"}],"curies":[{"name":"wp","href":"https:\/\/api.w.org\/{rel}","templated":true}]}}