{"id":1452,"date":"2011-04-19T16:21:31","date_gmt":"2011-04-19T15:21:31","guid":{"rendered":"http:\/\/www.fotonavia.net\/?page_id=1452"},"modified":"2013-12-15T14:42:34","modified_gmt":"2013-12-15T13:42:34","slug":"1452-2","status":"publish","type":"page","link":"https:\/\/www.fotonavia.com\/?page_id=1452","title":{"rendered":"Colores mas vivos"},"content":{"rendered":"<h1 style=\"text-align: center;\"><a href=\"https:\/\/www.fotonavia.com\/?page_id=95\" target=\"_blank\">Trucos y Tutoriales<\/a><\/h1>\n<h6 style=\"text-align: center;\">AJUSTES EN PHOTOSHOP<\/h6>\n<h3 style=\"text-align: center;\">COLORES M\u00c1S VIVOS<\/h3>\n<p style=\"text-align: center;\">Vamos a ver en este tutorial como se pueden realzar los colores de una fotograf\u00eda de forma muy sencilla.<\/p>\n<p>Tomaremos est\u00e1 como ejemplo.<\/p>\n<p><img decoding=\"async\" class=\"aligncenter\" src=\"https:\/\/www.fotonavia.com\/wp-content\/uploads\/2011\/04\/orig1.jpg\" alt=\"\" \/><\/p>\n<p>Lo primero que haremos ser\u00e1 duplicar la capa de nuestra imagen.<\/p>\n<p><strong>MEN\u00da&gt;&gt;CAPA&gt;&gt;Duplicar Capa.<\/strong><\/p>\n<p><img decoding=\"async\" class=\"aligncenter\" src=\"https:\/\/www.fotonavia.com\/wp-content\/uploads\/2011\/04\/0011.jpg\" alt=\"\" \/><\/p>\n<p>Todos los ajustes los haremos sobre esta capa, as\u00ed hay que tenerla seleccionada.<\/p>\n<p><img decoding=\"async\" class=\"aligncenter\" src=\"https:\/\/www.fotonavia.com\/wp-content\/uploads\/2011\/04\/0021.jpg\" alt=\"\" \/><\/p>\n<p>Si no tienes esta \u00abVentana de las Capas\u00bb visible, act\u00edvala pulsando <strong>\u00abF-7\u00bb<\/strong> \u00f3 bien en el men\u00fa Ventana, seleccion\u00e1ndola de esta forma&#8230;<\/p>\n<p><img decoding=\"async\" class=\"aligncenter\" src=\"https:\/\/www.fotonavia.com\/wp-content\/uploads\/2011\/04\/0031.jpg\" alt=\"\" \/><\/p>\n<p>Vamos ahora al men\u00fa Imagen, ajustes&#8230; Tono\/Saturaci\u00f3n<\/p>\n<p><strong>IMAGEN&gt;&gt;AJUSTES&gt;&gt;Tono\/Saturaci\u00f3n.<\/strong><\/p>\n<p><img decoding=\"async\" class=\"aligncenter\" src=\"https:\/\/www.fotonavia.com\/wp-content\/uploads\/2011\/04\/0041.jpg\" alt=\"\" \/><\/p>\n<p>Ahora hay que modificar el valor de <strong>\u201cSaturaci\u00f3n\u201d<\/strong> y poner <strong>\u00a050<\/strong><\/p>\n<p><img decoding=\"async\" class=\"aligncenter\" src=\"https:\/\/www.fotonavia.com\/wp-content\/uploads\/2011\/04\/0051.jpg\" alt=\"\" \/><\/p>\n<p>Vamos al men\u00fa<strong> Filtro y seleccionamos Ruido, mediana&#8230;<\/strong><\/p>\n<p><strong>FILTRO&gt;&gt;RUIDO&gt;&gt;Mediana<\/strong><\/p>\n<p><img decoding=\"async\" class=\"aligncenter\" src=\"https:\/\/www.fotonavia.com\/wp-content\/uploads\/2011\/04\/0061.jpg\" alt=\"\" \/><\/p>\n<p><strong>y le damos un valor de 3 p\u00edxeles. <\/strong><\/p>\n<p><img decoding=\"async\" class=\"aligncenter\" src=\"https:\/\/www.fotonavia.com\/wp-content\/uploads\/2011\/04\/0071.jpg\" alt=\"\" \/><\/p>\n<p>Vamos a Men\u00fa Filtro&#8230;y seleccionamos el desenfoque gausiano<\/p>\n<p><strong>FILTRO&gt;&gt;DESENFOCAR&gt;&gt;Desenfoque gausiano<\/strong><\/p>\n<p><img decoding=\"async\" class=\"aligncenter\" src=\"https:\/\/www.fotonavia.com\/wp-content\/uploads\/2011\/04\/0081.jpg\" alt=\"\" \/><\/p>\n<p><strong>\u00a0y le damos un valor de 4 p\u00edxeles<\/strong>.<\/p>\n<p><img decoding=\"async\" class=\"aligncenter\" src=\"https:\/\/www.fotonavia.com\/wp-content\/uploads\/2011\/04\/0091.jpg\" alt=\"\" \/><\/p>\n<p>Ahora en la paleta de capas, vamos a cambiar el modo de fusi\u00f3n a la opci\u00f3n <strong>\u00abColor\u00bb<\/strong>&#8230;<\/p>\n<p><img decoding=\"async\" class=\"aligncenter\" src=\"https:\/\/www.fotonavia.com\/wp-content\/uploads\/2011\/04\/0101.jpg\" alt=\"\" \/><\/p>\n<p>Y ya est\u00e1, y ahora, como la saturaci\u00f3n puede resultar exagerada dependiendo de la fotograf\u00eda, podemos reducir el efecto variando la opacidad de la capa, en mi ejemplo, como veis us\u00e9 <strong>modo Color y opacidad 75%<\/strong><\/p>\n<p><img decoding=\"async\" class=\"aligncenter\" src=\"https:\/\/www.fotonavia.com\/wp-content\/uploads\/2011\/04\/0111.jpg\" alt=\"\" \/><\/p>\n<p>Este es el resultado final&#8230;<\/p>\n<p><strong>Para ver el \u00abAntes y el Despues\u00bb&#8230; pasa el puntero del rat\u00f3n por encima de la imagen <\/strong>y espera un poquito y ver\u00e1s la foto original usada para este tutorial y si apartas de nuevo el puntero del rat\u00f3n, ver\u00e1s como queda saturando los colores con este m\u00e9todo, la fotograf\u00eda usada se puede mejorar y mucho&#8230; por supuesto, y quiz\u00e1 el efecto est\u00e9 algo \u00abpasado de la raya\u00bb, tambi\u00e9n&#8230; pero es solo un tutorial en el que he exagerado un poco los valores adecuados, con la \u00fanica pretensi\u00f3n de que se entienda y se vea su efecto.<\/p>\n<p><img decoding=\"async\" class=\"mouseover aligncenter\" src=\"https:\/\/www.fotonavia.com\/wp-content\/uploads\/2011\/04\/despues1.jpg\" alt=\"\" oversrc=\"https:\/\/www.fotonavia.com\/wp-content\/uploads\/2011\/04\/antes1.jpg\" \/><\/p>\n<div style=\"text-align: center;\"><strong>\u00a0<\/strong><\/div>\n<div style=\"text-align: center;\"><strong>\u00a0<\/strong><\/div>\n<div style=\"text-align: center;\"><strong><a href=\"https:\/\/www.fotonavia.com\/?page_id=95\" target=\"_self\">VOLVER A TRUCOS Y TUTORIALES<\/a><\/strong><\/div>\n","protected":false},"excerpt":{"rendered":"<p>Trucos y Tutoriales AJUSTES EN PHOTOSHOP COLORES M\u00c1S VIVOS Vamos a ver en este tutorial como se pueden realzar los colores de una fotograf\u00eda de forma muy sencilla. Tomaremos est\u00e1 como ejemplo. Lo primero que haremos ser\u00e1 duplicar la capa de nuestra imagen. MEN\u00da&gt;&gt;CAPA&gt;&gt;Duplicar Capa. Todos los ajustes los haremos sobre esta capa, as\u00ed hay [&hellip;]<\/p>\n","protected":false},"author":1,"featured_media":0,"parent":95,"menu_order":0,"comment_status":"open","ping_status":"closed","template":"","meta":{"footnotes":""},"class_list":["post-1452","page","type-page","status-publish","hentry"],"_links":{"self":[{"href":"https:\/\/www.fotonavia.com\/index.php?rest_route=\/wp\/v2\/pages\/1452","targetHints":{"allow":["GET"]}}],"collection":[{"href":"https:\/\/www.fotonavia.com\/index.php?rest_route=\/wp\/v2\/pages"}],"about":[{"href":"https:\/\/www.fotonavia.com\/index.php?rest_route=\/wp\/v2\/types\/page"}],"author":[{"embeddable":true,"href":"https:\/\/www.fotonavia.com\/index.php?rest_route=\/wp\/v2\/users\/1"}],"replies":[{"embeddable":true,"href":"https:\/\/www.fotonavia.com\/index.php?rest_route=%2Fwp%2Fv2%2Fcomments&post=1452"}],"version-history":[{"count":5,"href":"https:\/\/www.fotonavia.com\/index.php?rest_route=\/wp\/v2\/pages\/1452\/revisions"}],"predecessor-version":[{"id":2241,"href":"https:\/\/www.fotonavia.com\/index.php?rest_route=\/wp\/v2\/pages\/1452\/revisions\/2241"}],"up":[{"embeddable":true,"href":"https:\/\/www.fotonavia.com\/index.php?rest_route=\/wp\/v2\/pages\/95"}],"wp:attachment":[{"href":"https:\/\/www.fotonavia.com\/index.php?rest_route=%2Fwp%2Fv2%2Fmedia&parent=1452"}],"curies":[{"name":"wp","href":"https:\/\/api.w.org\/{rel}","templated":true}]}}