{"id":148,"date":"2009-12-27T13:49:33","date_gmt":"2009-12-27T12:49:33","guid":{"rendered":"http:\/\/s299004171.mialojamiento.es\/Fotonavia\/?page_id=148"},"modified":"2013-12-15T15:42:53","modified_gmt":"2013-12-15T14:42:53","slug":"el-obturador","status":"publish","type":"page","link":"https:\/\/www.fotonavia.com\/?page_id=148","title":{"rendered":"El Obturador"},"content":{"rendered":"<h2 style=\"text-align: center;\">3.- EL OBTURADOR<\/h2>\n<p style=\"text-align: left;\">Ya tenemos claro como influye la abertura en la exposici\u00f3n, pues el otro par\u00e1metro m\u00e1s importante para obtener una exposici\u00f3n correcta, es la velocidad de disparo, o tambi\u00e9n llamada velocidad de obturaci\u00f3n, ya que el dispositivo que\u00a0 se encarga de abrir y cerrar el paso de la luz justo el tiempo que nosotros decidamos, se llama as\u00ed,\u00a0 <strong>OBTURADOR<\/strong>\u2026 en nuestro s\u00edmil de la piscina, el obturador ser\u00eda la mano que abre y cierra el grifo, para regular el tiempo en que las tuber\u00edas est\u00e1n suministrando agua&#8230; y la velocidad de disparo, seria el tiempo en el que el grifo estar\u00eda soltando agua, estoy pesado con lo de la piscina pero as\u00ed os ser\u00e1 mas f\u00e1cil entenderlo.<\/p>\n<p style=\"text-align: left;\">El obturador es un mecanismo muy preciso y r\u00e1pido que permite limitar la exposici\u00f3n a tiempos muy peque\u00f1os.<\/p>\n<p>En fotograf\u00eda, se usan tiempos medidos en segundos o fracciones de segundo&#8230;<\/p>\n<p style=\"text-align: left;\"><strong>1\/8000\u201d &#8211; 1\/4000\u201d &#8211; 1\/2000\u201d &#8211; 1\/1000\u201d &#8211; 1\/500\u201d &#8211; 1\/250\u201d \u2013 1\/125\u201d \u2013 1\/60\u201d \u2013 1\/30\u201d \u2013 1\/15\u201d \u2013 1\/8\u201d &#8211; \u00bc\u201d\u00a0 &#8211; \u00bd\u201d &#8211; 1\u201d &#8211;\u00a0 2\u201d &#8211; 4\u201d &#8211; 8\u201d \u2013 15\u201d &#8211; 30\u201d <\/strong><strong>&#8211; B<\/strong><\/p>\n<p style=\"text-align: left;\">La \u201c<strong>B<\/strong>\u201d \u00a0tambi\u00e9n llamada \u201cBulb\u201d es una opci\u00f3n, mediante la cual el fot\u00f3grafo mantiene la exposici\u00f3n todo el tiempo que quiera, manteniendo el bot\u00f3n del disparador pulsado y esta se acaba cuando se suelta el bot\u00f3n (l\u00f3gicamente existen en le mercado dispositivos para mantener la exposici\u00f3n sin tener que estar f\u00edsicamente con el dedo encima del bot\u00f3n, cables con bloqueo de disparo, mandos a distancia, etc.).<\/p>\n<p style=\"text-align: left;\">En el caso de las velocidades de obturaci\u00f3n, al igual que pasa con los diafragmas, cada paso entre un valor y el siguiente, supone justo el doble o la mitad de tiempo.<\/p>\n<p style=\"text-align: left;\"><span style=\"text-decoration: underline;\">Ejemplo<\/span><\/p>\n<p style=\"text-align: left;\">1\/500\u201d\u00a0 es justo la mitad de tiempo que 1\/250\u201d, es decir si disparamos a 1\/250\u201d estar\u00e1 pasando la luz a trav\u00e9s del diafragma el doble de tiempo que si escogemos un tiempo de exposici\u00f3n de 1\/500\u201d.<\/p>\n<p style=\"text-align: left;\">As\u00ed mismo, si exponemos una foto 1 segundo, estaremos dejando pasar la mitad de luz que si la exponemos 2 segundos\u2026 (As\u00ed sin n\u00fameros quebrados se entiende mejor, \u00bfeh?, no si al final la escuela val\u00eda pa algo\u2026. Jejejeje)<\/p>\n<p style=\"text-align: left;\">Como veis al igual que pasaba con los diafragmas y olvid\u00e1ndonos de los medios diafragmas y los tercios diafragmas (para no liarnos) los pasos de un tiempo de exposici\u00f3n al siguiente de la lista, son justo el doble o la mitad que el de al lado, dependiendo si nos desplazamos hacia un lado o hacia el otro, hacia la izquierda velocidades mas r\u00e1pidas (menos tiempo) y hacia la derecha velocidades mas lentas (mas tiempo de exposici\u00f3n)\u2026 f\u00e1cil \u00bfno?<\/p>\n<p style=\"text-align: left;\">Pues bien, este factor es decisivo para conseguir efectos que tengan que ver con la cantidad de tiempo de exposici\u00f3n (l\u00f3gico\u2026 jejeje) como detener el movimiento de algo, o al contrario mostrar un desplazamiento\u2026. Fijaos en esta imagen\u2026.<\/p>\n<p style=\"text-align: center;\"><img decoding=\"async\" class=\" wp-image-149 aligncenter\" title=\"Obturador\" src=\"https:\/\/www.fotonavia.com\/wp-content\/uploads\/2009\/12\/Obturador-600x234.jpg\" alt=\"Obturador\" \/><\/p>\n<p style=\"text-align: left;\">Ya s\u00e9 que estoy pesado, omo dec\u00eda en la presentaci\u00f3n, este es un tema abierto al debate, y esperamos\u00a0tu colaboraci\u00f3n y\u00a0tus opiniones al respecto&#8230; envianos tu comentario a <a href=\"mailto:fotonavia@gmail.com\">fotonavia@gmail.com<\/a>.<\/p>\n<p style=\"text-align: center;\"><strong><a href=\"https:\/\/www.fotonavia.com\/?page_id=92\">&lt; &lt; \u2013 &#8211; VOLVER AL MEN\u00da DEL CURSO DE FOTOGRAFIA DIGITAL B\u00c1SICA<\/a><\/strong><\/p>\n","protected":false},"excerpt":{"rendered":"<p>3.- EL OBTURADOR Ya tenemos claro como influye la abertura en la exposici\u00f3n, pues el otro par\u00e1metro m\u00e1s importante para obtener una exposici\u00f3n correcta, es la velocidad de disparo, o tambi\u00e9n llamada velocidad de obturaci\u00f3n, ya que el dispositivo que\u00a0 se encarga de abrir y cerrar el paso de la luz justo el tiempo que [&hellip;]<\/p>\n","protected":false},"author":1,"featured_media":0,"parent":92,"menu_order":3,"comment_status":"closed","ping_status":"closed","template":"","meta":{"footnotes":""},"class_list":["post-148","page","type-page","status-publish","hentry"],"_links":{"self":[{"href":"https:\/\/www.fotonavia.com\/index.php?rest_route=\/wp\/v2\/pages\/148","targetHints":{"allow":["GET"]}}],"collection":[{"href":"https:\/\/www.fotonavia.com\/index.php?rest_route=\/wp\/v2\/pages"}],"about":[{"href":"https:\/\/www.fotonavia.com\/index.php?rest_route=\/wp\/v2\/types\/page"}],"author":[{"embeddable":true,"href":"https:\/\/www.fotonavia.com\/index.php?rest_route=\/wp\/v2\/users\/1"}],"replies":[{"embeddable":true,"href":"https:\/\/www.fotonavia.com\/index.php?rest_route=%2Fwp%2Fv2%2Fcomments&post=148"}],"version-history":[{"count":3,"href":"https:\/\/www.fotonavia.com\/index.php?rest_route=\/wp\/v2\/pages\/148\/revisions"}],"predecessor-version":[{"id":2285,"href":"https:\/\/www.fotonavia.com\/index.php?rest_route=\/wp\/v2\/pages\/148\/revisions\/2285"}],"up":[{"embeddable":true,"href":"https:\/\/www.fotonavia.com\/index.php?rest_route=\/wp\/v2\/pages\/92"}],"wp:attachment":[{"href":"https:\/\/www.fotonavia.com\/index.php?rest_route=%2Fwp%2Fv2%2Fmedia&parent=148"}],"curies":[{"name":"wp","href":"https:\/\/api.w.org\/{rel}","templated":true}]}}