{"id":1481,"date":"2011-04-19T18:45:41","date_gmt":"2011-04-19T17:45:41","guid":{"rendered":"http:\/\/www.fotonavia.net\/?page_id=1481"},"modified":"2013-12-15T14:43:52","modified_gmt":"2013-12-15T13:43:52","slug":"metodo-para-reducir-contraste","status":"publish","type":"page","link":"https:\/\/www.fotonavia.com\/?page_id=1481","title":{"rendered":"M\u00e9todo para reducir contraste"},"content":{"rendered":"<h1 style=\"text-align: center;\"><a href=\"https:\/\/www.fotonavia.com\/?page_id=95\" target=\"_self\">Trucos y Tutoriales<\/a><\/h1>\n<h6 style=\"text-align: center;\">AJUSTES EN PHOTOSHOP<\/h6>\n<h3 style=\"text-align: center;\">M\u00c9TODO PARA REDUCIR CONTRASTE<\/h3>\n<p style=\"text-align: left;\">Existe un m\u00e9todo que a mi particularmente me gusta bastante para rebajar el contraste excesivo de una fotograf\u00eda, el m\u00e9todo de <strong><em>\u00abLa m\u00e1scara invertida\u00bb<\/em><\/strong><\/p>\n<p style=\"text-align: left;\">Partiremos de una imagen t\u00edpicamente problem\u00e1tica: cielo muy claro y tierra algo oscura.<\/p>\n<p><img decoding=\"async\" class=\"aligncenter\" src=\"https:\/\/www.fotonavia.com\/wp-content\/uploads\/2011\/04\/Orig11.jpg\" alt=\"\" \/><\/p>\n<p style=\"text-align: left;\">Empezaremos duplicando la capa Fondo, en el Men\u00fa Capa-&gt;\u00a0 <strong>Capa-&gt;Duplicar capa&#8230;<\/strong><\/p>\n<p><img decoding=\"async\" class=\"aligncenter\" src=\"https:\/\/www.fotonavia.com\/wp-content\/uploads\/2011\/04\/012.jpg\" alt=\"\" \/><\/p>\n<p style=\"text-align: left;\">Le ponemos un nombre adecuado, o lo dejamos como \u00abFondo copia\u00bb y aceptamos con <strong>\u00abOK\u00bb<\/strong><\/p>\n<p><img decoding=\"async\" class=\"aligncenter\" src=\"https:\/\/www.fotonavia.com\/wp-content\/uploads\/2011\/04\/021.jpg\" alt=\"\" \/><\/p>\n<p style=\"text-align: left;\">A continuaci\u00f3n pasamos esta nueva capa a blanco y negro con <strong>Imagen-&gt;Ajustes-&gt;Desaturar<\/strong>.<\/p>\n<p><img decoding=\"async\" class=\"aligncenter\" src=\"https:\/\/www.fotonavia.com\/wp-content\/uploads\/2011\/04\/031.jpg\" alt=\"\" \/><\/p>\n<p style=\"text-align: left;\">Seguidamente invertimos la mascara, creando una especie de negativo, con <strong>Imagen-&gt;Ajustes-&gt;Invertir<\/strong>.<\/p>\n<p><img decoding=\"async\" class=\"aligncenter\" src=\"https:\/\/www.fotonavia.com\/wp-content\/uploads\/2011\/04\/041.jpg\" alt=\"\" \/><\/p>\n<p style=\"text-align: left;\">Y finalmente aplicamos un filtro gausiano en\u00a0 <strong>Filtro-&gt;Desenfocar-&gt;Desenfoque Gausiano&#8230; <\/strong><\/p>\n<p><img decoding=\"async\" class=\"aligncenter\" src=\"https:\/\/www.fotonavia.com\/wp-content\/uploads\/2011\/04\/051.jpg\" alt=\"\" \/><\/p>\n<p style=\"text-align: left;\">&#8230; en el que pondremos un valor de <strong>12<\/strong> aproximadamente (Son aconsejables valores entre 10 y 50)<\/p>\n<p><img decoding=\"async\" class=\"aligncenter\" src=\"https:\/\/www.fotonavia.com\/wp-content\/uploads\/2011\/04\/061.jpg\" alt=\"\" \/><\/p>\n<p style=\"text-align: left;\">El siguiente paso es cambiar el modo de fusi\u00f3n y la opacidad de la nueva capa.<\/p>\n<p style=\"text-align: left;\">El sistema cl\u00e1sico que he visto por ah\u00ed es poner modo \u00ab<strong><em>Superponer<\/em><\/strong>\u00ab&#8230;<\/p>\n<p><img decoding=\"async\" class=\"aligncenter\" src=\"https:\/\/www.fotonavia.com\/wp-content\/uploads\/2011\/04\/071.jpg\" alt=\"\" \/><\/p>\n<p style=\"text-align: left;\">&#8230; y con una opacidad de capa de\u00a0alrededor del \u00a0<strong>65%<\/strong>.<\/p>\n<p><img decoding=\"async\" class=\"aligncenter\" src=\"https:\/\/www.fotonavia.com\/wp-content\/uploads\/2011\/04\/081.jpg\" alt=\"\" \/><\/p>\n<p style=\"text-align: left;\">Puedes probar distintos resultados variando el modo de fusi\u00f3n a<\/p>\n<p style=\"text-align: left;\">\u00abLuz suave\u00bb, \u00abAclarar\u00bb, \u00abOscurecer\u00bb, \u00abLuminosidad\u00bb&#8230;\u00a0 y jugando con distintas opacidades.<\/p>\n<p style=\"text-align: left;\"><strong>Para ver el \u00abAntes y el Despues\u00bb&#8230; pasa el puntero del rat\u00f3n por encima de la imagen <\/strong>y espera un poquito y ver\u00e1s la foto original usada para este tutorial y si apartas de nuevo el puntero del rat\u00f3n, ver\u00e1s\u00a0el efecto de mejora del contraste que busc\u00e1bamos con este m\u00e9todo, como siempre, la fotograf\u00eda usada se puede mejorar y mucho&#8230; por supuesto, y quiz\u00e1 el efecto est\u00e9 algo \u00abpasado de la raya\u00bb, tambi\u00e9n&#8230; pero es solo un tutorial en el que he exagerado un poco los valores adecuados, con la \u00fanica pretensi\u00f3n de que se entienda y se vea claramente el resultado. Lo que hemos conseguido aplicando esta \u00abm\u00e1scara invertida\u00bb es dar luz a las zonas excesivamente oscuras y a la vez oscurecer ligeramente las zonas muy claras.<\/p>\n<p style=\"text-align: center;\"><img decoding=\"async\" class=\"mouseover aligncenter\" src=\"https:\/\/www.fotonavia.com\/wp-content\/uploads\/2011\/04\/final11.jpg\" alt=\"\" oversrc=\"https:\/\/www.fotonavia.com\/wp-content\/uploads\/2011\/04\/Orig11.jpg\" \/><\/p>\n<p><strong>Sencillo y efectivo, no dud\u00e9is en probarlo.<\/strong><\/p>\n<div style=\"text-align: center;\"><strong>\u00a0<\/strong><\/div>\n<div style=\"text-align: center;\"><strong><a href=\"https:\/\/www.fotonavia.com\/?page_id=95\" target=\"_self\">VOLVER A TRUCOS Y TUTORIALES<\/a><\/strong><\/div>\n","protected":false},"excerpt":{"rendered":"<p>Trucos y Tutoriales AJUSTES EN PHOTOSHOP M\u00c9TODO PARA REDUCIR CONTRASTE Existe un m\u00e9todo que a mi particularmente me gusta bastante para rebajar el contraste excesivo de una fotograf\u00eda, el m\u00e9todo de \u00abLa m\u00e1scara invertida\u00bb Partiremos de una imagen t\u00edpicamente problem\u00e1tica: cielo muy claro y tierra algo oscura. Empezaremos duplicando la capa Fondo, en el Men\u00fa [&hellip;]<\/p>\n","protected":false},"author":1,"featured_media":0,"parent":95,"menu_order":0,"comment_status":"open","ping_status":"closed","template":"","meta":{"footnotes":""},"class_list":["post-1481","page","type-page","status-publish","hentry"],"_links":{"self":[{"href":"https:\/\/www.fotonavia.com\/index.php?rest_route=\/wp\/v2\/pages\/1481","targetHints":{"allow":["GET"]}}],"collection":[{"href":"https:\/\/www.fotonavia.com\/index.php?rest_route=\/wp\/v2\/pages"}],"about":[{"href":"https:\/\/www.fotonavia.com\/index.php?rest_route=\/wp\/v2\/types\/page"}],"author":[{"embeddable":true,"href":"https:\/\/www.fotonavia.com\/index.php?rest_route=\/wp\/v2\/users\/1"}],"replies":[{"embeddable":true,"href":"https:\/\/www.fotonavia.com\/index.php?rest_route=%2Fwp%2Fv2%2Fcomments&post=1481"}],"version-history":[{"count":5,"href":"https:\/\/www.fotonavia.com\/index.php?rest_route=\/wp\/v2\/pages\/1481\/revisions"}],"predecessor-version":[{"id":2243,"href":"https:\/\/www.fotonavia.com\/index.php?rest_route=\/wp\/v2\/pages\/1481\/revisions\/2243"}],"up":[{"embeddable":true,"href":"https:\/\/www.fotonavia.com\/index.php?rest_route=\/wp\/v2\/pages\/95"}],"wp:attachment":[{"href":"https:\/\/www.fotonavia.com\/index.php?rest_route=%2Fwp%2Fv2%2Fmedia&parent=1481"}],"curies":[{"name":"wp","href":"https:\/\/api.w.org\/{rel}","templated":true}]}}