{"id":154,"date":"2009-12-27T14:09:04","date_gmt":"2009-12-27T13:09:04","guid":{"rendered":"http:\/\/s299004171.mialojamiento.es\/Fotonavia\/?page_id=154"},"modified":"2013-12-15T15:43:20","modified_gmt":"2013-12-15T14:43:20","slug":"el-iso","status":"publish","type":"page","link":"https:\/\/www.fotonavia.com\/?page_id=154","title":{"rendered":"El Iso"},"content":{"rendered":"<h2 style=\"text-align: center;\">4.- EL ISO<\/h2>\n<p>Las pel\u00edculas de negativos y\/o diapositivas de toda la vida estaban formadas por millones de cristalitos de \u201chaluros de plata\u201d, el tama\u00f1o de estos cristales es lo que influ\u00eda en la sensibilidad de estas pel\u00edculas a la luz. A mayor sensibilidad de la pel\u00edcula, menos luz es necesaria para obtener lo que se llama en fotograf\u00eda una \u201cexposici\u00f3n correcta\u201d, pero a cambio esta tendr\u00e1 mas \u201cruido\u201d, no todo son ventajas, sino simplemente con usar una pel\u00edcula muy sensible, tendr\u00edamos resueltos casi todos los problemas que se nos presentan a la hora de hacer fotos con poca luz.<\/p>\n<p>Pues bien esta sensibilidad de las pel\u00edculas se mide en valores <strong>ISO<\/strong>. Las c\u00e1maras digitales, tambi\u00e9n nos ofrecen un ajuste de sensibilidad ISO con el que podemos escoger la mas adecuada para conseguir la foto que buscamos.<\/p>\n<p>Antiguamente cuando compr\u00e1bamos una pel\u00edcula de 100 ISO (por ejemplo) ten\u00edamos que disparar todas las fotos de la misma a esa sensibilidad puesto que no pod\u00edamos hacer un revelado distinto para cada exposici\u00f3n, pero ahora con las c\u00e1maras digitales esto pas\u00f3 a la historia, y no hay el mas m\u00ednimo problema en ajustar el ISO cuantas veces queramos ya que cada foto puede tratarse por separado en todo su procesado. Esta es indudablemente una de las grandes ventajas del mundo de la fotograf\u00eda digital sobre la anal\u00f3gica.<\/p>\n<p>Como dec\u00eda mas arriba, los diferentes valores de sensibilidad que podemos escoger para hacer una fotograf\u00eda, tienen sus ventajas y por supuesto sus inconvenientes, a ver si consigo aclarar cuales son:<\/p>\n<p style=\"text-align: center;\"><img decoding=\"async\" class=\" wp-image-155 aligncenter\" title=\"ISO\" src=\"https:\/\/www.fotonavia.com\/wp-content\/uploads\/2009\/12\/ISO-600x450.jpg\" alt=\"ISO\" \/><\/p>\n<p>Como ya os habr\u00e9is dado cuenta, los mejores resultados se obtienen con un ISO bajo, pero en algunas condiciones de poca luz, los ISOs altos tambi\u00e9n tienen sus ventajas\u2026. y entonces me direis&#8230; \u00bfQu\u00e9 hago\u2026?.<\/p>\n<p>Pues bien la mayor\u00eda de las c\u00e1maras actuales, disponen de la opci\u00f3n \u201cISO autom\u00e1tico\u201d, e incluso con par\u00e1metros de l\u00edmites configurables, pero por el momento no vamos a complicarnos la vida con eso, yo os aconsejo lo siguiente,\u00a0leed el manual de la c\u00e1mara para ver como se configura y usad el \u201cISO autom\u00e1tico\u201d al principio, hasta ir cogiendo soltura con los mandos de la c\u00e1mara en las distintas situaciones de luz, y en el momento en que te des cuenta de que las zonas mas oscuras de las fotos empiecen a mostrar un \u00abruido\u00bb feo y molesto, pasar a ISO manual, 100 \u00f3 200, el mas bajo que permita tu c\u00e1mara, y solo subirlo cuando sea imprescindible.<\/p>\n<p>Como seguramente os estareis preguntando que es eso del \u00abruido fotogr\u00e1fico\u00bb, aqu\u00ed os muestro la diferencia de ruido en diferentes ISOS:<\/p>\n<p style=\"text-align: center;\"><img decoding=\"async\" class=\" wp-image-156  aligncenter\" title=\"Tiras-de-ISO\" src=\"https:\/\/www.fotonavia.com\/wp-content\/uploads\/2009\/12\/Tiras-de-ISO-229x600.jpg\" alt=\"Tiras-de-ISO\" \/><\/p>\n<p>He usado unos valores ISO extremos, para que se note exageradamente lo que intento explicar, como pod\u00e9is apreciar, los valores de 1600 ISO en adelante, son pr\u00e1cticamente inusables, por la perdida de calidad que conllevan, solo deber\u00edan utilizarse en mi opini\u00f3n para captar im\u00e1genes imposibles con otros ISOS, por ejemplo para captar fotograf\u00edas a objetos que se desplazan a gran velocidad o hacer fotos a pulso con escasa iluminaci\u00f3n.<\/p>\n<p>Tambi\u00e9n pueden ser utilizados con fines art\u00edsticos, ya que el grano aporta una textura a la imagen que da mucho juego en determinadas situaciones, sobre todo en fotograf\u00edas en Blanco y Negro.<\/p>\n<p>Si volvemos al s\u00edmil de la piscina que utilizamos en los cap\u00edtulos anteriores, dir\u00edamos que un valor de ISO alto, ser\u00eda como tener una piscina mas peque\u00f1a, necesita menos agua para llenarse, es decir la combinaci\u00f3n de cuanto hay que abrir el grifo y cuanto tiempo hay que mantenerlo abierto, no tiene nada que ver con lo que ser\u00eda necesario para llenar una piscina mayor.<\/p>\n<p>En resumen, en t\u00e9rminos fotogr\u00e1ficos, hay 3 valores que determinan una exposici\u00f3n correcta, el ISO, el diafragma y el obturador.<\/p>\n<p>Si tenemos en cuenta que prioritariamente la mayor\u00edas de nuestras fotos, como ya hemos visto, ser\u00e1 mejor hacerlas a un ISO bajo, (100 \u00f3 200 generalmente) solo tendremos que jugar con la combinaci\u00f3n de los otros 2 elementos a la hora de obtener una fotograf\u00eda con la luz justa, la exposici\u00f3n correcta, eso lo veremos en el siguiente capitulo.<\/p>\n<p style=\"text-align: left;\">Sigo insistiendo&#8230; este es un tema abierto al debate, y esperamos\u00a0tu colaboraci\u00f3n y\u00a0tus opiniones al respecto&#8230; envianos tu comentario a <a href=\"mailto:fotonavia@gmail.com\">fotonavia@gmail.com<\/a>.<\/p>\n<p style=\"text-align: center;\"><strong><a href=\"https:\/\/www.fotonavia.com\/?page_id=92\">&lt; &lt; \u2013 &#8211; VOLVER AL MEN\u00da DEL CURSO DE FOTOGRAFIA DIGITAL B\u00c1SICA<\/a><\/strong><\/p>\n","protected":false},"excerpt":{"rendered":"<p>4.- EL ISO Las pel\u00edculas de negativos y\/o diapositivas de toda la vida estaban formadas por millones de cristalitos de \u201chaluros de plata\u201d, el tama\u00f1o de estos cristales es lo que influ\u00eda en la sensibilidad de estas pel\u00edculas a la luz. A mayor sensibilidad de la pel\u00edcula, menos luz es necesaria para obtener lo que [&hellip;]<\/p>\n","protected":false},"author":1,"featured_media":0,"parent":92,"menu_order":4,"comment_status":"closed","ping_status":"closed","template":"","meta":{"footnotes":""},"class_list":["post-154","page","type-page","status-publish","hentry"],"_links":{"self":[{"href":"https:\/\/www.fotonavia.com\/index.php?rest_route=\/wp\/v2\/pages\/154","targetHints":{"allow":["GET"]}}],"collection":[{"href":"https:\/\/www.fotonavia.com\/index.php?rest_route=\/wp\/v2\/pages"}],"about":[{"href":"https:\/\/www.fotonavia.com\/index.php?rest_route=\/wp\/v2\/types\/page"}],"author":[{"embeddable":true,"href":"https:\/\/www.fotonavia.com\/index.php?rest_route=\/wp\/v2\/users\/1"}],"replies":[{"embeddable":true,"href":"https:\/\/www.fotonavia.com\/index.php?rest_route=%2Fwp%2Fv2%2Fcomments&post=154"}],"version-history":[{"count":3,"href":"https:\/\/www.fotonavia.com\/index.php?rest_route=\/wp\/v2\/pages\/154\/revisions"}],"predecessor-version":[{"id":2287,"href":"https:\/\/www.fotonavia.com\/index.php?rest_route=\/wp\/v2\/pages\/154\/revisions\/2287"}],"up":[{"embeddable":true,"href":"https:\/\/www.fotonavia.com\/index.php?rest_route=\/wp\/v2\/pages\/92"}],"wp:attachment":[{"href":"https:\/\/www.fotonavia.com\/index.php?rest_route=%2Fwp%2Fv2%2Fmedia&parent=154"}],"curies":[{"name":"wp","href":"https:\/\/api.w.org\/{rel}","templated":true}]}}