{"id":163,"date":"2009-12-27T14:17:58","date_gmt":"2009-12-27T13:17:58","guid":{"rendered":"http:\/\/s299004171.mialojamiento.es\/Fotonavia\/?page_id=163"},"modified":"2013-12-15T15:43:57","modified_gmt":"2013-12-15T14:43:57","slug":"la-exposicion","status":"publish","type":"page","link":"https:\/\/www.fotonavia.com\/?page_id=163","title":{"rendered":"La Exposici\u00f3n"},"content":{"rendered":"<h2 style=\"text-align: center;\">5.- LA EXPOSICI\u00d3N<\/h2>\n<p><a href=\"http:\/\/www.flickr.com\/photos\/zulzul\/\" target=\"_blank\"><\/a>La \u201cexposici\u00f3n\u201d fotogr\u00e1ficamente hablando se refiere al momento del disparo, ya que tradicionalmente era el \u00fanico momento en el que la \u201cpel\u00edcula\u201d de negativos o diapositivas se \u201cexpon\u00eda\u201d a la luz, pero tambi\u00e9n se denomina con esta palabra a la cantidad de luz que recibi\u00f3 una fotograf\u00eda, por ello se dice que una fotograf\u00eda est\u00e1 \u201ccorrectamente expuesta\u201d cuando la cantidad de luz que recibi\u00f3 era la justa y necesaria, se dice que una foto est\u00e1 \u201csobre-expuesta\u201d cuando recibi\u00f3 una cantidad excesiva de luz, y as\u00ed mismo se dice que est\u00e1 \u201csub-expuesta\u201d cuando esa cantidad de luz fue insuficiente.<\/p>\n<p>Todo esto por supuesto hay que leerlo e interpretarlo desde el punto de vista te\u00f3rico, ya que si entendisteis bien el primer capitulo de este curso, habr\u00e9is visto dejo claras mis ideas al respecto de estos temas, una cosa es la teor\u00eda y otra la realidad, ya que a veces podemos dar a nuestras fotos un aspecto distinto y buscado por medio de una sub-exposici\u00f3n o una sobre-exposici\u00f3n intencionadas, es mas, yo os aseguro que bastantes de las fotos mas hermosas que he visto, no ten\u00edan una exposici\u00f3n correcta.<\/p>\n<p>Hoy en d\u00eda mediante los histogramas, que nos ofrecen nuestras c\u00e1maras resulta f\u00e1cil decir cuando una foto tiene una exposici\u00f3n correcta, por lo cual los histogramas deber\u00e1n ser una de nuestras herramientas preferidas en nuestra andadura hacia la mejora en este mundo de la fotograf\u00eda, no os preocup\u00e9is que le dedicaremos un capitulo, son mucho mas f\u00e1ciles de interpretar de los que pueda parecer a simple vista.<\/p>\n<p>La siguiente imagen muestra 3 ejemplos de medici\u00f3n de luz con los datos del expos\u00edmetro que nos muestra la c\u00e1mara, l\u00f3gicamente cada fabricante de c\u00e1maras muestra estas informaciones a su manera y estilo, pero este tipo de indicador de exposici\u00f3n es uno de los mas habituales, por eso lo pongo para el ejemplo.<\/p>\n<p style=\"text-align: center;\"><img loading=\"lazy\" decoding=\"async\" width=\"269\" height=\"250\" class=\" wp-image-168  aligncenter\" title=\"Exposicion\" src=\"https:\/\/www.fotonavia.com\/wp-content\/uploads\/2009\/12\/Exposicion.jpg\" alt=\"Exposicion\" \/><\/p>\n<p>Como veis se considera \u201ca priori\u201d una \u201cexposici\u00f3n correcta\u201d cuando la combinaci\u00f3n de la abertura del diafragma y el tiempo de exposici\u00f3n, que hayamos seleccionado da como resultado una medici\u00f3n de valor \u201c<strong>0<\/strong>\u201d en el indicador del expos\u00edmetro (que es la c\u00e9lula que mide la luz y env\u00eda los datos a dicho indicador).<\/p>\n<p>Se considera una sobre-exposici\u00f3n cuando el indicador muestra un valor positivo (segunda medici\u00f3n del ejemplo \u201c<strong>+1<\/strong>\u201d), y se considera sub-exposici\u00f3n cunado muestra un valor negativo (ultima medici\u00f3n del ejemplo \u201c<strong>-2<\/strong>\u201c), creo que hasta aqu\u00ed es muy f\u00e1cil de entender \u00bfno?<\/p>\n<p>Esto seria v\u00e1lido para gran parte de fotograf\u00edas, casi todas las sacadas en condiciones normales de luz, pero \u00a1cuidado! cuando hacemos fotos en sitios con mucha iluminaci\u00f3n, o en sitios muy oscuros, o a contraluz por ejemplo, estas condiciones llam\u00e9mosles \u201cespeciales\u201d, enga\u00f1an a la c\u00e1mara provocando errores de medici\u00f3n que nosotros debemos corregir y compensar para obtener la foto que buscamos, eso ya veremos como se hace mas adelante, pero no os preocup\u00e9is que\u00a0 con las c\u00e1maras actuales es muy f\u00e1cil darse cuenta del \u201cerror\u201d y poder corregirlo.<\/p>\n<p>Lo mas importante que hay que entender en este capitulo, es que nosotros podemos manejar la exposici\u00f3n de nuestras c\u00e1maras como y cuando queramos, casi todas las c\u00e1maras permiten un manejo manual que junto a nuestros conocimientos es lo \u00fanico que se necesita para hacer la foto que queramos, cuando queramos.<\/p>\n<p>Si recordamos cuando habl\u00e1bamos en cap\u00edtulos anteriores del diafragma y del obturador, cada paso que d\u00e1bamos en cualquiera de los 2 controles, multiplic\u00e1bamos o divid\u00edamos la exposici\u00f3n por 2,\u00a0 obviando los \u201cmedios pasos\u201d y los \u201ctercios de pasos\u201d para no liarnos,\u00a0 si tenemos esto en cuenta, podemos ver mas claro que seria la misma exposici\u00f3n <strong>f8<\/strong> a<strong> 1\/125 seg.<\/strong> que otra exposici\u00f3n a <strong>f5.6<\/strong> y<strong> 1\/250 seg.<\/strong> ya que si abrimos un paso el diafragma, entrar\u00e1 el doble de luz, por lo tanto para equilibrar la exposici\u00f3n debemos reducir el paso de la misma a la mitad de tiempo\u2026. \u00bflo vais pillando?<\/p>\n<p style=\"text-align: center;\"><img loading=\"lazy\" decoding=\"async\" width=\"450\" height=\"249\" class=\" wp-image-135  aligncenter\" title=\"numerosf\" src=\"https:\/\/www.fotonavia.com\/wp-content\/uploads\/2009\/12\/numerosf.jpg\" alt=\"numerosf\" srcset=\"https:\/\/www.fotonavia.com\/wp-content\/uploads\/2009\/12\/numerosf.jpg 450w, https:\/\/www.fotonavia.com\/wp-content\/uploads\/2009\/12\/numerosf-300x166.jpg 300w\" sizes=\"auto, (max-width: 450px) 100vw, 450px\" \/><\/p>\n<p>Recordemos, cada paso hacia el \u201cnumero f\u201d siguiente mas peque\u00f1o (hacia la izquierda en la imagen superior) supone DOBLAR o DUPLICAR el paso de la luz, por lo tanto el tiempo que tenemos que dejar de paso a la luz debe ser la mitad.<\/p>\n<p>Si la exposici\u00f3n que hemos medido y decidido es: (por ejemplo)<\/p>\n<p><strong>\u201cf4 a 1\/1000 seg.\u201d<\/strong><\/p>\n<p><strong><\/strong>Podr\u00edamos seleccionar sin problemas cualquiera de las exposiciones equivalentes, es decir:<\/p>\n<p><strong>f5.6 a 1\/500 seg.<\/strong><\/p>\n<p><strong>f8 a 1\/250 seg.<\/strong><\/p>\n<p><strong>f11 a 1\/125 seg.<\/strong><\/p>\n<p><strong>f16 a 1\/60 seg.<\/strong><\/p>\n<p><strong>f22 a 1\/30 seg.<\/strong><\/p>\n<p>Pero si es igual\u2026 \u00bfpara que complicarse la vida? estar\u00e9is pensando\u2026 pues bien, cada una de esas opciones \u201cequivalentes en exposici\u00f3n\u201d da unos resultados distintos en otros par\u00e1metros de las fotograf\u00edas, la luz ser\u00e1 la misma, si, pero el movimiento, la nitidez, la profundidad de campo, y otros factores, se ver\u00e1n muy directamente afectados por la combinaci\u00f3n que seleccionemos, poco a poco lo iremos viendo.<\/p>\n<p>Os pongo una imagen claro ejemplo de lo que os digo, misma exposici\u00f3n (mejor dicho equivalente) y muy distinto resultado.<\/p>\n<p style=\"text-align: center;\"><img decoding=\"async\" class=\" wp-image-169  aligncenter\" title=\"Exposicion2\" src=\"https:\/\/www.fotonavia.com\/wp-content\/uploads\/2009\/12\/Exposicion2-600x262.jpg\" alt=\"Exposicion2\" \/><\/p>\n<p>De <strong>f22<\/strong> a <strong>f5.6<\/strong> hay 4 pasos, y de <strong>2 segundos<\/strong> a <strong>1\/125&#8243;<\/strong>, otros 4, luego la exposici\u00f3n es la misma, la cantidad de luz evidentemente tambien&#8230; pero el efecto conseguido en la foto no, de ah\u00ed la necesidad de entender la t\u00e9cnica para obtener el efeecto que nosotros queramos y no el que la c\u00e1mara nos ofrezca con sus automatismos&#8230;.<\/p>\n<p style=\"text-align: left;\">Ya sabes\u2026\u00a0 esperamos\u00a0tu colaboraci\u00f3n y\u00a0tus opiniones al respecto\u2026 envianos tu comentario a <a href=\"mailto:fotonavia@gmail.com\">fotonavia@gmail.com<\/a>.<\/p>\n<p style=\"text-align: center;\"><strong><a href=\"https:\/\/www.fotonavia.com\/?page_id=92\">&lt; &lt; \u2013 &#8211; VOLVER AL MEN\u00da DEL CURSO DE FOTOGRAFIA DIGITAL B\u00c1SICA<\/a><\/strong><\/p>\n","protected":false},"excerpt":{"rendered":"<p>5.- LA EXPOSICI\u00d3N La \u201cexposici\u00f3n\u201d fotogr\u00e1ficamente hablando se refiere al momento del disparo, ya que tradicionalmente era el \u00fanico momento en el que la \u201cpel\u00edcula\u201d de negativos o diapositivas se \u201cexpon\u00eda\u201d a la luz, pero tambi\u00e9n se denomina con esta palabra a la cantidad de luz que recibi\u00f3 una fotograf\u00eda, por ello se dice que [&hellip;]<\/p>\n","protected":false},"author":1,"featured_media":0,"parent":92,"menu_order":5,"comment_status":"closed","ping_status":"closed","template":"","meta":{"footnotes":""},"class_list":["post-163","page","type-page","status-publish","hentry"],"_links":{"self":[{"href":"https:\/\/www.fotonavia.com\/index.php?rest_route=\/wp\/v2\/pages\/163","targetHints":{"allow":["GET"]}}],"collection":[{"href":"https:\/\/www.fotonavia.com\/index.php?rest_route=\/wp\/v2\/pages"}],"about":[{"href":"https:\/\/www.fotonavia.com\/index.php?rest_route=\/wp\/v2\/types\/page"}],"author":[{"embeddable":true,"href":"https:\/\/www.fotonavia.com\/index.php?rest_route=\/wp\/v2\/users\/1"}],"replies":[{"embeddable":true,"href":"https:\/\/www.fotonavia.com\/index.php?rest_route=%2Fwp%2Fv2%2Fcomments&post=163"}],"version-history":[{"count":4,"href":"https:\/\/www.fotonavia.com\/index.php?rest_route=\/wp\/v2\/pages\/163\/revisions"}],"predecessor-version":[{"id":2289,"href":"https:\/\/www.fotonavia.com\/index.php?rest_route=\/wp\/v2\/pages\/163\/revisions\/2289"}],"up":[{"embeddable":true,"href":"https:\/\/www.fotonavia.com\/index.php?rest_route=\/wp\/v2\/pages\/92"}],"wp:attachment":[{"href":"https:\/\/www.fotonavia.com\/index.php?rest_route=%2Fwp%2Fv2%2Fmedia&parent=163"}],"curies":[{"name":"wp","href":"https:\/\/api.w.org\/{rel}","templated":true}]}}