{"id":172,"date":"2009-12-27T14:42:39","date_gmt":"2009-12-27T13:42:39","guid":{"rendered":"http:\/\/s299004171.mialojamiento.es\/Fotonavia\/?page_id=172"},"modified":"2013-12-15T15:44:28","modified_gmt":"2013-12-15T14:44:28","slug":"los-modos-de-exposicion","status":"publish","type":"page","link":"https:\/\/www.fotonavia.com\/?page_id=172","title":{"rendered":"Los Modos de Exposici\u00f3n"},"content":{"rendered":"<h2 style=\"text-align: center;\">6.- LOS MODOS DE EXPOSICI\u00d3N<\/h2>\n<p>Ya conocemos el obturador y el diafragma, ya sabemos que con la combinaci\u00f3n adecuada de ambos tendremos una exposici\u00f3n correcta, ahora veremos como obtenerla. Casi todas las c\u00e1maras r\u00e9flex y la gran mayor\u00eda de las c\u00e1maras compactas medias y avanzadas poseen <strong>modos de disparo autom\u00e1ticos y manuales.<\/strong><\/p>\n<p>Es evidente que cada fabricante utiliza su propia simbolog\u00eda y sus propias definiciones para cada modo o funci\u00f3n de las c\u00e1maras, pero creo que el ejemplo que voy a poner es de los mas comunes y servir\u00e1 para entender\u00a0 las ideas b\u00e1sicas de como funcionan y para que sirven dichos modos.<\/p>\n<p><span style=\"text-decoration: underline;\"><strong>MODO AUTO (Autom\u00e1tico)<\/strong><\/span><\/p>\n<p style=\"text-align: center;\"><img loading=\"lazy\" decoding=\"async\" width=\"400\" height=\"239\" class=\"aligncenter  wp-image-174\" title=\"Auto\" src=\"https:\/\/www.fotonavia.com\/wp-content\/uploads\/2009\/12\/Auto.jpg\" alt=\"Auto\" srcset=\"https:\/\/www.fotonavia.com\/wp-content\/uploads\/2009\/12\/Auto.jpg 400w, https:\/\/www.fotonavia.com\/wp-content\/uploads\/2009\/12\/Auto-300x179.jpg 300w\" sizes=\"auto, (max-width: 400px) 100vw, 400px\" \/><\/p>\n<p>En el modo <strong>AUTO<\/strong>, la c\u00e1mara decide que combinaci\u00f3n de Diafragma\/Velocidad es adecuada para cada situaci\u00f3n, no dej\u00e1ndonos ninguna opci\u00f3n a nosotros, es un muy \u00fatil \u00a0para hacer esas fotos en las que no quieres fallar y todav\u00eda no conf\u00edas en ti mismo lo suficiente como para asegurarlas utilizando alguno de los otros modos de exposici\u00f3n, esas fotos en las que \u00a0la calidad y precisi\u00f3n de la medici\u00f3n no son tan importantes como captar el momento, a bote pronto me vienen a la mente, esas situaciones de \u201cHazme una foto con el t\u00edo Juan\u2026.\u201d \u00f3 \u201cMira que guapo est\u00e1 el ni\u00f1o, s\u00e1cale una foto con su prima\u2026\u201d\u2026. esas situaciones en las que no importa si salen un poquito mas oscuras o mas claras pero si importa que salgan\u2026. mi consejo para estas situaciones, si tienes miedo a fallar, haz esto\u2026 \u00a0ponte de forma que la luz no te moleste de frente y que ni las sombras ni las luces afecten a los fotografiados, pon el modo AUTO y preoc\u00fapate \u201csolo\u201d del fondo, del encuadre y del enfoque, saldr\u00e1s del paso de forma muy airosa.<\/p>\n<p><span style=\"text-decoration: underline;\"><strong>MODO P (Programa)<\/strong><\/span><\/p>\n<p style=\"text-align: center;\"><img loading=\"lazy\" decoding=\"async\" width=\"400\" height=\"238\" class=\"aligncenter  wp-image-176\" title=\"Programa\" src=\"https:\/\/www.fotonavia.com\/wp-content\/uploads\/2009\/12\/Programa.jpg\" alt=\"Programa\" srcset=\"https:\/\/www.fotonavia.com\/wp-content\/uploads\/2009\/12\/Programa.jpg 400w, https:\/\/www.fotonavia.com\/wp-content\/uploads\/2009\/12\/Programa-300x178.jpg 300w\" sizes=\"auto, (max-width: 400px) 100vw, 400px\" \/><\/p>\n<p>En el modo <strong>P<\/strong> (Programa) la c\u00e1mara funciona m\u00e1s \u00f3 menos como en la posici\u00f3n AUTO, pero en este modo la c\u00e1mara te ofrecer\u00e1 una combinaci\u00f3n de Diafragma\/Velocidad correcta y tu moviendo un mando de la c\u00e1mara (normalmente una ruedita) podr\u00e1s ir variando entre todas las combinaciones posibles y equivalentes de Diafragma\/Velocidad, si record\u00e1is en el capitulo anterior de este Curso B\u00e1sico de Fotograf\u00eda, explic\u00e1bamos como por ejemplo, una exposici\u00f3n f8 a 1\/125 seg. es equivalente a otra de f11 a 1\/60 seg. y a otra f16 a 1\/30 seg. y as\u00ed sucesivamente\u2026. cada paso que cerramos de diafragma dejamos pasar solo la mitad luz que en el punto anterior, por lo tanto para que la exposici\u00f3n sea equivalente debemos exponer la fotograf\u00eda el doble de tiempo, y al rev\u00e9s si abrimos el diafragma un paso debemos de utilizar la mitad de tiempo ya que estaremos dejando pasar el doble de luz\u2026 en este caso que ponemos de ejemplo ser\u00eda f5,6 a 1\/250 seg. &#8230; f4 a 1\/500 seg. &#8230; f2,8 a 1\/1000 seg. \u2026 etc. \u2026 (si tienes dudas repasa el capitulo 5). Este modo de programa nos invita a pensar mas en la creatividad y el encuadre decidiendo nosotros seg\u00fan la situaci\u00f3n, o la escena, o lo que queramos obtener de la misma, cual de las combinaciones Diafragma\/Velocidad es mas adecuada, para conseguir la imagen que buscamos. Yo utilizo este modo, de vez en cuando para hacer fotos r\u00e1pidas en situaciones de bastante luz y poco tiempo, decido de un vistazo si quiero mas profundidad de campo escogiendo combinaciones de n\u00fameros \u201cf\u201d altos (f16 \u00f3 f22) o quiero desenfocar mas el fondo, escogiendo combinaciones de n\u00fameros \u201cf\u201d bajos (f2.8 \u00f3 f4 \u2026por ejemplo), o si quiero hacer fotos muy \u201cquietas\u201d (que nada se mueva\u2026) utilizando velocidades muy altas\u2026 (1\/1000 seg. \u00f3 1\/2000 seg. ) \u00f3 busco cosas movidas\u2026 con velocidades lentas (1\/30 seg. 1\/15 seg. 1\/8 seg. \u2026 etc.)\u00a0 Para entender lo dicho anteriormente, es importante recordar una vez m\u00e1s, que las escalas cl\u00e1sicas de abertura de diafragma y velocidades de obturaci\u00f3n son estas:<\/p>\n<p>Velocidades de obturaci\u00f3n cl\u00e1sicas:\u00a0\u00a0 <strong>30\u201d\u2013 15\u201d\u00a0 8\u201d \u2013 4\u201d- 2\u201d \u2013 1\u201d \u2013 1\/2\u201d \u2013 1\/4\u201d \u2013 1\/8\u201d \u2013 1\/15\u201d \u20131\/ 30\u201d \u2013 1\/60\u201d \u2013 1\/125\u201d \u2013 1\/250\u201d\u2013 1\/500\u201d \u2013 1\/1000\u201d \u2013 1\/2000\u201d \u2013 1\/4000\u201d \u2013 1\/8000\u201d<\/strong><\/p>\n<p>Aberturas de diafragma cl\u00e1sicas:\u00a0 <strong>f1.4 -f2 \u2013 f2.8 \u2013 f4 \u2013 f5.6 \u2013 f8 \u2013 f11 \u2013 f16 -f22<\/strong><\/p>\n<p>Obviamos los medios pasos y los tercios de paso, para no liarnos\u2026 y recordemos que si nos desplazamos de un paso al anterior obtendremos el doble de exposici\u00f3n (es decir a nuestro sensor le llegar\u00e1 el doble de luz) y como es evidente, de un paso al siguiente obtendremos la mitad, esto es v\u00e1lido para ambas listas (estando ordenadas como est\u00e1n, claro).<\/p>\n<p>En resumen, es un modo f\u00e1cil y creativo que como dec\u00eda al principio, nos da opci\u00f3n a estar m\u00e1s pendientes del encuadre y la composici\u00f3n, sin tener que preocuparnos tanto de la medici\u00f3n de la luz permiti\u00e9ndonos de un vistazo escoger una combinaci\u00f3n acertada para cada situaci\u00f3n. Como es l\u00f3gico, no existe la combinaci\u00f3n perfecta de velocidad de obturaci\u00f3n y abertura de diafragma, hay muchas que son equivalentes y elegir una de ellas depender\u00e1 siempre del efecto que queramos lograr en nuestra foto.<\/p>\n<p><span style=\"text-decoration: underline;\"><strong>MODO A (Prioridad de Apertura)<\/strong><\/span><\/p>\n<p style=\"text-align: center;\"><img loading=\"lazy\" decoding=\"async\" width=\"400\" height=\"191\" class=\"aligncenter  wp-image-177\" title=\"Apertura\" src=\"https:\/\/www.fotonavia.com\/wp-content\/uploads\/2009\/12\/Apertura.jpg\" alt=\"Apertura\" srcset=\"https:\/\/www.fotonavia.com\/wp-content\/uploads\/2009\/12\/Apertura.jpg 400w, https:\/\/www.fotonavia.com\/wp-content\/uploads\/2009\/12\/Apertura-300x143.jpg 300w\" sizes=\"auto, (max-width: 400px) 100vw, 400px\" \/><\/p>\n<p>En este modo <strong>A<\/strong> (Prioridad de la apertura) nosotros le decimos a la c\u00e1mara que diafragma queremos utilizar y ella selecciona la velocidad adecuada para que la fotograf\u00eda salga con una exposici\u00f3n correcta, siempre dependiendo de la escena y midiendo la luz de forma continuada. Muchos fot\u00f3grafos la solemos utilizar para retratos utilizando aberturas grandes (f4, f5,6\u2026) para desenfocar el fondo olvid\u00e1ndonos de estar atentos a nada que no sea la expresi\u00f3n del modelo. Tambi\u00e9n a veces se usa para lo contrario, por ejemplo para fotograf\u00eda macro donde la profundidad de campo es siempre tan escasa que invita a cerrar el diafragma bastante para aumentarla en lo posible (f11, f16\u2026) \u00a0en este caso el enfoque es muy cr\u00edtico y delicado y bastante trabajo hay con fijarse bien en el, como para estar tambi\u00e9n pensando en la exposici\u00f3n, en estos y otros casos similares, podremos poner modo <strong>A<\/strong>, un valor <strong>\u201cf\u201d<\/strong> adecuado y a disparar\u2026<\/p>\n<p><span style=\"text-decoration: underline;\"><strong>MODO S (Prioridad a la Velocidad)<\/strong><\/span><\/p>\n<p style=\"text-align: center;\"><span style=\"text-decoration: underline;\"><img loading=\"lazy\" decoding=\"async\" width=\"400\" height=\"191\" class=\"aligncenter  wp-image-178\" title=\"Velocidad\" src=\"https:\/\/www.fotonavia.com\/wp-content\/uploads\/2009\/12\/Velocidad.jpg\" alt=\"Velocidad\" srcset=\"https:\/\/www.fotonavia.com\/wp-content\/uploads\/2009\/12\/Velocidad.jpg 400w, https:\/\/www.fotonavia.com\/wp-content\/uploads\/2009\/12\/Velocidad-300x143.jpg 300w\" sizes=\"auto, (max-width: 400px) 100vw, 400px\" \/><\/span><\/p>\n<p>En el modo <strong>S<\/strong> la c\u00e1mara calcula la apertura necesaria para poder lograr una exposici\u00f3n correcta partiendo de una velocidad elegida por el usuario. Darle prioridad a la velocidad permite interpretar el movimiento en nuestras exposiciones. A bote pronto se me ocurre que es un modo muy adecuado para hacer \u201cbarridos\u201d seleccionas una velocidad lenta como por ejemplo 1\/30\u201d, pones modo <em>S<\/em> y solo te tienes que preocupar de seguir con el enfoque el recorrido del modelo en movimiento, incluso instantes despu\u00e9s de disparar. La verdad es que no es uno de mis modos de exposici\u00f3n preferidos, pero conocerlo puede facilitarnos mucho las cosas en un momento dado.<\/p>\n<p><strong>MODO M (Manual)<\/strong><\/p>\n<p style=\"text-align: center;\"><span style=\"text-decoration: underline;\"><img loading=\"lazy\" decoding=\"async\" width=\"400\" height=\"187\" class=\"aligncenter  wp-image-179\" title=\"Manual\" src=\"https:\/\/www.fotonavia.com\/wp-content\/uploads\/2009\/12\/Manual.jpg\" alt=\"Manual\" srcset=\"https:\/\/www.fotonavia.com\/wp-content\/uploads\/2009\/12\/Manual.jpg 400w, https:\/\/www.fotonavia.com\/wp-content\/uploads\/2009\/12\/Manual-300x140.jpg 300w\" sizes=\"auto, (max-width: 400px) 100vw, 400px\" \/><\/span><\/p>\n<p>Este es el m\u00e9todo de exposici\u00f3n que m\u00e1s utilizar\u00e1s cuando conf\u00edes en ti mismo y conozcas bien tu c\u00e1mara, \u00bfPor qu\u00e9?&#8230; pues muy sencillo este m\u00e9todo es el mas f\u00e1cil de usar si quieres obtener fotos creativas e impactantes, solo necesitas saber lo que quieres y como conseguirlo, (nada mas y nada menos\u2026jejeje) \u00a0si por ejemplo quiero obtener fotos m\u00e1s oscuras o m\u00e1s claras de lo que me ofrece la c\u00e1mara en autom\u00e1tico, puedo hacerlo de muchas maneras pero lo mas sencillo es en el modo <strong>M<\/strong> (Manual).<\/p>\n<p>En este modo es controlado por el usuario. Hasta ahora hab\u00edamos hablado de m\u00e9todos autom\u00e1ticos y\/o semiautom\u00e1ticos, ahora veremos el modo <strong>M<\/strong> (Manual) en el que todo estar\u00e1 bajo nuestro control. Cuando se trata de disparar en modo totalmente manual, el fot\u00f3metro o expos\u00edmetro que todas las c\u00e1maras traen, se vuelve una herramienta indispensable para calcular la exposici\u00f3n correcta. Poco a poco, con la pr\u00e1ctica, ir\u00e1s desarrollando la capacidad de averiguar los par\u00e1metros adecuados para cada situaci\u00f3n. Aunque siempre contar\u00e1s con el apoyo del expos\u00edmetro para comprobar si tu intuici\u00f3n te est\u00e1 llevando por el camino correcto.<\/p>\n<p>Si miramos lo que nos indica el expos\u00edmetro, sabremos en un instante si la imagen est\u00e1 recibiendo la luz mas o menos correcta para una exposici\u00f3n.<\/p>\n<p>En una escena normal, en la que no buscamos nada especial en cuanto a la medici\u00f3n de luz se refiere, trataremos de que nos marque <strong>\u201c0\u201d<\/strong>, \u00a0bien manejando el diafragma que da paso a la luz, o bien manejando el selector de velocidades de obturaci\u00f3n, ya que cuando nos marque <strong>\u201c0\u201d<\/strong>,\u00a0 obtendremos una exposici\u00f3n<strong> <\/strong>igual o<strong> <\/strong>equivalente \u00a0a la que obtendr\u00edamos con los modos autom\u00e1ticos pero con la ventaja de escoger nosotros una combinaci\u00f3n adecuada a la escena y a la luminosidad de la misma. Os pongo un ejemplo de expos\u00edmetro, cada marca tiene el suyo, pero todos se parecen mucho y viendo uno se entiende suficientemente.<\/p>\n<p style=\"text-align: center;\"><img loading=\"lazy\" decoding=\"async\" width=\"200\" height=\"73\" class=\"aligncenter  wp-image-181\" title=\"ExpoCorrec\" src=\"https:\/\/www.fotonavia.com\/wp-content\/uploads\/2009\/12\/ExpoCorrec.jpg\" alt=\"ExpoCorrec\" \/><\/p>\n<p>Una foto correctamente expuesta (en teor\u00eda) se logra cuando la cantidad de luz que llega al sensor de nuestra c\u00e1mara es la adecuada, y esto depende de c\u00f3mo configuremos la abertura del diafragma y el tiempo de exposici\u00f3n, cualquiera de estos dos par\u00e1metros incide directamente en la cantidad de luz que va a entrar en nuestra c\u00e1mara y por tanto, en el resultado de nuestra foto (acordaos de las\u00a0diferentes formas de llenar la piscina de nuestro ejemplo de los cap\u00edtulos anteriores&#8230;).<\/p>\n<p>Pero\u2026 \u00bfy que pasa si quiero que la foto salga algo mas clara \u00f3 mas oscura de lo que me ofrece la c\u00e1mara cuando disparo con la te\u00f3rica \u201cexposici\u00f3n correcta\u201d?\u00a0 aqu\u00ed el modo <strong>M<\/strong> es el mejor, los modos autom\u00e1ticos permiten correcciones de +1, +2, +3, -1, -2, -3 pasos de exposici\u00f3n, e incluso modificaciones mas precisas en medios o tercios de paso de exposici\u00f3n, pero cada imagen requiere una correcci\u00f3n adecuada a la escena y a nuestros deseos, y es mucho mas sencillo hacerla bajando o subiendo la exposici\u00f3n en el modo <strong>M<\/strong>.<\/p>\n<p>Si en modo <strong>M<\/strong> partimos de la te\u00f3rica \u201cexposici\u00f3n correcta\u201d y cerramos un paso de diafragma, estaremos subexponiendo la foto en un paso, es decir la foto saldr\u00e1 un poco mas oscura de los que nos saldr\u00eda con la te\u00f3rica \u201cexposici\u00f3n correcta\u201d y el expos\u00edmetro nos marcar\u00eda -1 (subexposici\u00f3n) pero la imagen ser\u00eda la que nosotros quer\u00edamos, no la que la c\u00e1mara nos ofrec\u00eda. Evidentemente si a la vez reducimos el tiempo de exposici\u00f3n en un tercio de paso, acumular\u00edamos un total de 1 paso m\u00e1s un tercio de subexposici\u00f3n.<\/p>\n<p>En la siguiente imagen vemos una subexposici\u00f3n de 1 paso y un tercio, marcada en el expos\u00edmetro, fijaros que junto al 2 de la izquierda hay un signo menos (-) que nos dice que en este caso si movemos el indicador del expos\u00edmetro hacia la izquierda estaremos reduciendo el paso de luz, es decir, subexponiendo. En este ejemplo pasamos de una\u00a0 te\u00f3rica \u201cexposici\u00f3n correcta\u201d que nos hab\u00eda ofrecido la c\u00e1mara de <strong>f8<\/strong> a <strong>1\/500 seg.<\/strong> a seleccionar nosotros manualmente <strong>f11<\/strong> a<strong> 1\/640 seg<\/strong>.\u00a0 hemos reducido un diafragma y un tercio de paso en el tiempo de obturaci\u00f3n, por eso nos da una subexposici\u00f3n de 1 y 1\/3.<\/p>\n<p style=\"text-align: center;\"><img loading=\"lazy\" decoding=\"async\" width=\"200\" height=\"73\" class=\"aligncenter  wp-image-182\" title=\"Subexpo\" src=\"https:\/\/www.fotonavia.com\/wp-content\/uploads\/2009\/12\/Subexpo.jpg\" alt=\"Subexpo\" \/><\/p>\n<p>Lo mismo ocurre si aumentamos la exposici\u00f3n mas de lo que nos aconseja la c\u00e1mara, pero en este caso el indicador del expos\u00edmetro se desplazar\u00e1 hacia la derecha, hacia el signo mas (+).<\/p>\n<p>Si queremos una foto mas clara y abrimos el diafragma del <strong>f8<\/strong> que ten\u00edamos en el ejemplo anterior a <strong>f5,6<\/strong> y el tiempo lo pasamos de <strong>1\/500 seg. <\/strong>a<strong> 1\/250 seg<\/strong>. \u00a0\u00bfQu\u00e9 nos marcar\u00e1 el expos\u00edmetro?&#8230;. efectivamente hemos aumentado un paso el paso de luz por el diafragma y aumentado el tiempo de exposici\u00f3n al doble con lo cual hemos sobreexpuesto 2 pasos.<\/p>\n<p style=\"text-align: center;\"><img loading=\"lazy\" decoding=\"async\" width=\"200\" height=\"73\" class=\"aligncenter  wp-image-183\" title=\"Sobre\" src=\"https:\/\/www.fotonavia.com\/wp-content\/uploads\/2009\/12\/Sobre.jpg\" alt=\"Sobre\" \/><\/p>\n<p>Se que me repito, pero entender esto es b\u00e1sico e imprescindible.<\/p>\n<p>Pero, ahora viene la pregunta del mill\u00f3n\u2026 \u00bfy cuando debo de subexponer o sobrexponer las fotograf\u00edas? pues eso no hay libro, ni curso, ni experto que te lo explique, porque todo depende de lo que est\u00e9s fotografiando y de lo quieras obtener de la imagen\u2026 lo que para mi est\u00e1 muy oscuro a ti te puede encantar, y lo que a mi me guste muy claro a ti puede no gustarte\u2026 hay situaciones en las que en general es aconsejable sobrexponer o subexponer ya que la c\u00e1mara tiende siempre a interpretar los tonos de las escenas como tonos medios, aclarando lo oscuro y oscureciendo lo claro, y es en situaciones extremas cuando hay que \u201cayudarla\u201d para que no se confunda\u2026 por ejemplo si hacemos una foto en la nieve con mucho sol, la c\u00e1mara en los modos autom\u00e1ticos nos crear\u00e1 im\u00e1genes con la nieve gris\u00e1cea y ligeramente mas oscura de lo deseable, es muy habitual en este tipo de fotos ver que la gente sale con la piel demasiado oscura, \u00bfc\u00f3mo solucionarlo? \u2026pues dependiendo de la intensidad del brillo de la escena, sobreexponiendo de 1 a 2 pasos \u00a0que normalmente es suficiente para conseguir el blanco ideal sin perder las texturas.<\/p>\n<p>Po el contrario si tenemos una escena con un fondo muy oscuro y hacemos un retrato, la piel de nuestro modelo saldr\u00e1 mas clara de lo deseable, tanta oscuridad enga\u00f1ar\u00e1 al expos\u00edmetro, y esto lo corregiremos subexponiendo intencionadamente.<\/p>\n<p>Hay m\u00e1s formas de evitar estas situaciones y pongo esto solo como ejemplo aclaratorio, ya veremos otros m\u00e9todos para no tener problemas de ese tipo mas adelante.<\/p>\n<p style=\"text-align: center;\"><img decoding=\"async\" class=\"aligncenter  wp-image-180\" title=\"Modos\" src=\"https:\/\/www.fotonavia.com\/wp-content\/uploads\/2009\/12\/Modos-600x171.jpg\" alt=\"Modos\" \/><\/p>\n<p>En casi todos los modelos de las llamadas \u201cc\u00e1maras de aficionado\u201d\u00a0 o \u201caficionado avanzado\u201d aunque no en las \u201cc\u00e1maras profesionales\u201d vienen adem\u00e1s de los modos nombrados y definidos anteriormente, otros modos predefinidos o preconfigurados, en los que la c\u00e1mara tiene mas informaci\u00f3n de en los modos anteriores, ya que al seleccionar uno de ellos, le estamos diciendo a la c\u00e1mara si la foto que vamos a hacer es de deportes, de paisajes, nocturna etc. con lo cual no solo decide el diafragma y la velocidad adecuada para la luminosidad de la escena, sino que tambi\u00e9n nos ayuda configurando el ISO, el balance de blancos, el flash de relleno adecuado, velocidades altas o bajas de forma preferente dependiendo del modo escogido, diafragmas mas cerrados para ganar profundidad de campo, o mas abiertos para desenfocar fondos etc.\u2026 todo ello adaptado al modo predefinido escogido por nosotros, por lo que en determinadas situaciones puede ser algo mas que aconsejable para salir airoso de alguna situaci\u00f3n en la que no habr\u00e1 tiempo para pensar.<\/p>\n<p>En resumen, practicad con todos los m\u00e9todos de la c\u00e1mara, conocedlos todos,\u00a0 pero sobre todo acostumbraos al modo manual, ese es\u00a0mi consejo.<\/p>\n<p style=\"text-align: left;\">Colabora con\u00a0tus opiniones al respecto\u2026 envianos tu comentario a <a href=\"mailto:fotonavia@gmail.com\">fotonavia@gmail.com<\/a>.<\/p>\n<p style=\"text-align: center;\"><strong><a href=\"https:\/\/www.fotonavia.com\/?page_id=92\">&lt; &lt; \u2013 &#8211; VOLVER AL MEN\u00da DEL CURSO DE FOTOGRAFIA DIGITAL B\u00c1SICA<\/a><\/strong><\/p>\n","protected":false},"excerpt":{"rendered":"<p>6.- LOS MODOS DE EXPOSICI\u00d3N Ya conocemos el obturador y el diafragma, ya sabemos que con la combinaci\u00f3n adecuada de ambos tendremos una exposici\u00f3n correcta, ahora veremos como obtenerla. Casi todas las c\u00e1maras r\u00e9flex y la gran mayor\u00eda de las c\u00e1maras compactas medias y avanzadas poseen modos de disparo autom\u00e1ticos y manuales. Es evidente que [&hellip;]<\/p>\n","protected":false},"author":1,"featured_media":0,"parent":92,"menu_order":6,"comment_status":"closed","ping_status":"closed","template":"","meta":{"footnotes":""},"class_list":["post-172","page","type-page","status-publish","hentry"],"_links":{"self":[{"href":"https:\/\/www.fotonavia.com\/index.php?rest_route=\/wp\/v2\/pages\/172","targetHints":{"allow":["GET"]}}],"collection":[{"href":"https:\/\/www.fotonavia.com\/index.php?rest_route=\/wp\/v2\/pages"}],"about":[{"href":"https:\/\/www.fotonavia.com\/index.php?rest_route=\/wp\/v2\/types\/page"}],"author":[{"embeddable":true,"href":"https:\/\/www.fotonavia.com\/index.php?rest_route=\/wp\/v2\/users\/1"}],"replies":[{"embeddable":true,"href":"https:\/\/www.fotonavia.com\/index.php?rest_route=%2Fwp%2Fv2%2Fcomments&post=172"}],"version-history":[{"count":4,"href":"https:\/\/www.fotonavia.com\/index.php?rest_route=\/wp\/v2\/pages\/172\/revisions"}],"predecessor-version":[{"id":2291,"href":"https:\/\/www.fotonavia.com\/index.php?rest_route=\/wp\/v2\/pages\/172\/revisions\/2291"}],"up":[{"embeddable":true,"href":"https:\/\/www.fotonavia.com\/index.php?rest_route=\/wp\/v2\/pages\/92"}],"wp:attachment":[{"href":"https:\/\/www.fotonavia.com\/index.php?rest_route=%2Fwp%2Fv2%2Fmedia&parent=172"}],"curies":[{"name":"wp","href":"https:\/\/api.w.org\/{rel}","templated":true}]}}