{"id":1891,"date":"2012-02-19T10:43:32","date_gmt":"2012-02-19T09:43:32","guid":{"rendered":"http:\/\/www.fotonavia.com\/?page_id=1891"},"modified":"2013-12-15T15:22:16","modified_gmt":"2013-12-15T14:22:16","slug":"dividir-tonos-en-camera-raw","status":"publish","type":"page","link":"https:\/\/www.fotonavia.com\/?page_id=1891","title":{"rendered":"Dividir tonos en Camera Raw"},"content":{"rendered":"<p>Nuestro compa\u00f1ero del Foro Fotonavia, Juanfran&#8230; nos ha preparado un estupendo video en el que nos muestra como se meneja la herramienta \u00abDividir Tonos\u00bb del Adobe Camera Raw.<\/p>\n<p>En este video nos ense\u00f1a la aplicaci\u00f3n de esta herramienta tanto para hacer \u00abVirajes\u00bb de fotograf\u00edas en Blanco y Negro, como para simular \u00abProcesos Cruzados\u00bb en fotograf\u00edas a Color.<\/p>\n<p>Un trabajo muy claro\u00a0y bien explicado\u00a0para a\u00f1adir una opci\u00f3n mas de procesados para nuestras im\u00e1genes&#8230; y ya sab\u00e9is como siempre si ten\u00e9is alguna duda comentarnosla tanto aqui como en nuestro foro, trataremos de ayudaros con mucho gusto&#8230;<\/p>\n<p>GRACIAS JUANFRAN!!!<\/p>\n<p><iframe loading=\"lazy\" src=\"http:\/\/www.youtube.com\/embed\/CEYBVvput2c\" frameborder=\"0\" width=\"600\" height=\"335\"><\/iframe><\/p>\n<div style=\"text-align: center;\"><strong><a href=\"https:\/\/www.fotonavia.com\/?page_id=95\" target=\"_self\">VOLVER A TRUCOS Y TUTORIALES<\/a><\/strong><\/div>\n","protected":false},"excerpt":{"rendered":"<p>Nuestro compa\u00f1ero del Foro Fotonavia, Juanfran&#8230; nos ha preparado un estupendo video en el que nos muestra como se meneja la herramienta \u00abDividir Tonos\u00bb del Adobe Camera Raw. En este video nos ense\u00f1a la aplicaci\u00f3n de esta herramienta tanto para hacer \u00abVirajes\u00bb de fotograf\u00edas en Blanco y Negro, como para simular \u00abProcesos Cruzados\u00bb en fotograf\u00edas [&hellip;]<\/p>\n","protected":false},"author":1,"featured_media":0,"parent":95,"menu_order":0,"comment_status":"open","ping_status":"open","template":"","meta":{"footnotes":""},"class_list":["post-1891","page","type-page","status-publish","hentry"],"_links":{"self":[{"href":"https:\/\/www.fotonavia.com\/index.php?rest_route=\/wp\/v2\/pages\/1891","targetHints":{"allow":["GET"]}}],"collection":[{"href":"https:\/\/www.fotonavia.com\/index.php?rest_route=\/wp\/v2\/pages"}],"about":[{"href":"https:\/\/www.fotonavia.com\/index.php?rest_route=\/wp\/v2\/types\/page"}],"author":[{"embeddable":true,"href":"https:\/\/www.fotonavia.com\/index.php?rest_route=\/wp\/v2\/users\/1"}],"replies":[{"embeddable":true,"href":"https:\/\/www.fotonavia.com\/index.php?rest_route=%2Fwp%2Fv2%2Fcomments&post=1891"}],"version-history":[{"count":3,"href":"https:\/\/www.fotonavia.com\/index.php?rest_route=\/wp\/v2\/pages\/1891\/revisions"}],"predecessor-version":[{"id":2266,"href":"https:\/\/www.fotonavia.com\/index.php?rest_route=\/wp\/v2\/pages\/1891\/revisions\/2266"}],"up":[{"embeddable":true,"href":"https:\/\/www.fotonavia.com\/index.php?rest_route=\/wp\/v2\/pages\/95"}],"wp:attachment":[{"href":"https:\/\/www.fotonavia.com\/index.php?rest_route=%2Fwp%2Fv2%2Fmedia&parent=1891"}],"curies":[{"name":"wp","href":"https:\/\/api.w.org\/{rel}","templated":true}]}}