{"id":199,"date":"2010-01-01T13:42:11","date_gmt":"2010-01-01T12:42:11","guid":{"rendered":"http:\/\/s299004171.mialojamiento.es\/Fotonavia\/?page_id=199"},"modified":"2013-12-15T14:40:18","modified_gmt":"2013-12-15T13:40:18","slug":"ajustar-niveles","status":"publish","type":"page","link":"https:\/\/www.fotonavia.com\/?page_id=199","title":{"rendered":"Ajustar niveles"},"content":{"rendered":"<h1 style=\"text-align: center;\"><a href=\"https:\/\/www.fotonavia.com\/?page_id=95\" target=\"_blank\">Trucos y Tutoriales<\/a><\/h1>\n<h6 style=\"text-align: center;\">AJUSTES\u00a0 EN\u00a0 PHOTOSHOP<\/h6>\n<h3 style=\"text-align: center;\">AJUSTE DE NIVELES<\/h3>\n<div>Uno de los ajustes b\u00e1sicos\u00a0de photoshop para corregir \u00a0fallos de exposici\u00f3n, hacer mejoras en el contraste, en la iluminaci\u00f3n\u00a0de una fotografia, etc.,\u00a0 es el ajuste de niveles.<\/div>\n<div>Vamos a ver como ajustar los niveles de una im\u00e1gen, para ello\u00a0trataremos de interpretar\u00a0bien los histogramas, empecemos por esta\u00a0 imagen, una fotograf\u00eda subexpuesta (demasiado oscura) que corregiremos para mejorarla:<\/div>\n<div>.<\/div>\n<p style=\"text-align: center;\"><a rel=\"attachment wp-att-202\" href=\"https:\/\/www.fotonavia.com\/?attachment_id=202\"><img decoding=\"async\" class=\" wp-image-202     aligncenter\" title=\"Niv001\" src=\"https:\/\/www.fotonavia.com\/wp-content\/uploads\/2010\/01\/DSC8320-250x166.jpg\" alt=\"\" \/><\/a><\/p>\n<p>En primer lugar hacemos clic en el men\u00fa <strong>IMAGEN<\/strong> de Photoshop, y seleccionamos\u00a0 <strong>Imagen&gt;&gt;Ajustes&gt;&gt;Niveles <\/strong>nos saldr\u00e1 esta ventana, en la que podemos apreciar un Histograma demasiado a la izquierda, lo que ratifica el error de exposici\u00f3n al hacer la fotograf\u00eda.<\/p>\n<p><a rel=\"attachment wp-att-212\" href=\"https:\/\/www.fotonavia.com\/?attachment_id=212\"><img loading=\"lazy\" decoding=\"async\" width=\"600\" height=\"397\" class=\"wp-image-212 aligncenter\" title=\"Niv002\" src=\"https:\/\/www.fotonavia.com\/wp-content\/uploads\/2010\/01\/002.jpg\" alt=\"\" srcset=\"https:\/\/www.fotonavia.com\/wp-content\/uploads\/2010\/01\/002.jpg 600w, https:\/\/www.fotonavia.com\/wp-content\/uploads\/2010\/01\/002-300x198.jpg 300w\" sizes=\"auto, (max-width: 600px) 100vw, 600px\" \/><\/a><\/p>\n<p>Nos aseguramos de tener marcada la opci\u00f3n de <strong>Previsualizar<\/strong>, para ir viendo los resultados de nuestra manipulaci\u00f3n&#8230;\u00a0\u00a0y ya pasamos a ajustar la imagen desplazando los tri\u00e1ngulos de los extremos (el derecho corresponde a las altas luces y el izquierdo a las sombras), y los llevaremos hasta la zona donde empieza la informaci\u00f3n (las monta\u00f1itas negras del histograma), \u00a0y si es necesario desplazaremos tambien un poco el tirador del medio hacia la izquierda para aclarar los tonos medios \u00f3 hacia la derecha para oscurecerlos, en este caso lo haremos mas \u00f3 menos as\u00ed:<\/p>\n<p style=\"text-align: center;\"><a rel=\"attachment wp-att-213\" href=\"https:\/\/www.fotonavia.com\/?attachment_id=213\"><img loading=\"lazy\" decoding=\"async\" width=\"600\" height=\"397\" class=\"aligncenter  wp-image-213\" title=\"Niv003\" src=\"https:\/\/www.fotonavia.com\/wp-content\/uploads\/2010\/01\/003.jpg\" alt=\"\" srcset=\"https:\/\/www.fotonavia.com\/wp-content\/uploads\/2010\/01\/003.jpg 600w, https:\/\/www.fotonavia.com\/wp-content\/uploads\/2010\/01\/003-300x198.jpg 300w\" sizes=\"auto, (max-width: 600px) 100vw, 600px\" \/><\/a><\/p>\n<p>Como ves los pasos no pueden ser mas sencillos, y el resultado es este:<\/p>\n<p style=\"text-align: center;\"><strong>ANTES\u00a0\u00a0\u00a0\u00a0\u00a0\u00a0\u00a0\u00a0\u00a0\u00a0\u00a0\u00a0\u00a0\u00a0\u00a0\u00a0\u00a0\u00a0\u00a0\u00a0\u00a0\u00a0\u00a0\u00a0\u00a0\u00a0\u00a0\u00a0\u00a0\u00a0\u00a0\u00a0\u00a0\u00a0\u00a0\u00a0\u00a0\u00a0\u00a0\u00a0\u00a0\u00a0\u00a0\u00a0\u00a0\u00a0\u00a0\u00a0\u00a0\u00a0\u00a0\u00a0 DESPUES<\/strong><\/p>\n<p style=\"text-align: center;\"><a href=\"https:\/\/www.fotonavia.com\/wp-content\/uploads\/2010\/01\/004.jpg\"><img loading=\"lazy\" decoding=\"async\" class=\"alignnone  wp-image-214\" title=\"Niv004\" src=\"https:\/\/www.fotonavia.com\/wp-content\/uploads\/2010\/01\/004-300x199.jpg\" alt=\"\" width=\"261\" height=\"180\" \/><\/a>\u00a0 <a href=\"https:\/\/www.fotonavia.com\/wp-content\/uploads\/2010\/01\/005.jpg\"><img loading=\"lazy\" decoding=\"async\" class=\"alignnone  wp-image-215\" title=\"Niv005\" src=\"https:\/\/www.fotonavia.com\/wp-content\/uploads\/2010\/01\/005-300x199.jpg\" alt=\"\" width=\"265\" height=\"181\" \/><\/a><\/p>\n<div><strong><em><\/em><\/strong>\u00a0<\/div>\n<div><strong><em><\/em><\/strong>\u00a0<strong><em>Veamos otro ejemplo&#8230;<\/em><\/strong><\/div>\n<div><strong><em>\u00a0<\/em><\/strong><\/div>\n<div>Este es un caso opuesto, una foto demasiado clara, y poco contrastada<\/div>\n<div style=\"text-align: center;\"><strong>\u00a0<\/strong><\/div>\n<div style=\"text-align: center;\"><strong><a rel=\"attachment wp-att-216\" href=\"https:\/\/www.fotonavia.com\/?attachment_id=216\"><img loading=\"lazy\" decoding=\"async\" width=\"600\" height=\"399\" class=\"alignnone  wp-image-216\" title=\"Niv006\" src=\"https:\/\/www.fotonavia.com\/wp-content\/uploads\/2010\/01\/006.jpg\" alt=\"\" srcset=\"https:\/\/www.fotonavia.com\/wp-content\/uploads\/2010\/01\/006.jpg 600w, https:\/\/www.fotonavia.com\/wp-content\/uploads\/2010\/01\/006-300x199.jpg 300w\" sizes=\"auto, (max-width: 600px) 100vw, 600px\" \/><\/a><\/strong><\/div>\n<div><strong>\u00a0<\/strong><\/div>\n<div>Vamos otra vez al men\u00fa <strong>IMAGEN<\/strong>, y seleccionamos <strong>Imagen&gt;&gt;Ajustes&gt;&gt;Niveles<\/strong><\/div>\n<div><strong>\u00a0<\/strong><\/div>\n<div style=\"text-align: center;\"><a rel=\"attachment wp-att-217\" href=\"https:\/\/www.fotonavia.com\/?attachment_id=217\"><img loading=\"lazy\" decoding=\"async\" width=\"600\" height=\"398\" class=\"alignnone  wp-image-217\" title=\"Niv007\" src=\"https:\/\/www.fotonavia.com\/wp-content\/uploads\/2010\/01\/007.jpg\" alt=\"\" srcset=\"https:\/\/www.fotonavia.com\/wp-content\/uploads\/2010\/01\/007.jpg 600w, https:\/\/www.fotonavia.com\/wp-content\/uploads\/2010\/01\/007-300x199.jpg 300w\" sizes=\"auto, (max-width: 600px) 100vw, 600px\" \/><\/a><\/div>\n<div><strong>\u00a0<\/strong><\/div>\n<div>Vemos que la exposici\u00f3n ha sido muy correcta (el histograma muestra toda la informaci\u00f3n muy a la derecha y sin salirse del recuadro&#8230;), pero la foto tiene poco contraste (el histograma no llena el recuadro), y falta informaci\u00f3n de tonos oscuros, pasemos a ajustarla, como antes, nos aseguramos de tener marcada la opci\u00f3n de Previsualizar, para ir viendo los resultados de nuestra manipulaci\u00f3n, y\u00a0 pasamos a ajustar la imagen desplazando los tri\u00e1ngulos de los extremos, hasta la zona donde empieza la informaci\u00f3n, y el del medio, en este caso hacia la derecha para oscurecer un poco los tonos medios.<\/div>\n<div><strong>\u00a0<\/strong><\/div>\n<div style=\"text-align: center;\"><a rel=\"attachment wp-att-218\" href=\"https:\/\/www.fotonavia.com\/?attachment_id=218\"><img loading=\"lazy\" decoding=\"async\" width=\"600\" height=\"397\" class=\"alignnone  wp-image-218\" title=\"Niv008\" src=\"https:\/\/www.fotonavia.com\/wp-content\/uploads\/2010\/01\/008.jpg\" alt=\"\" srcset=\"https:\/\/www.fotonavia.com\/wp-content\/uploads\/2010\/01\/008.jpg 600w, https:\/\/www.fotonavia.com\/wp-content\/uploads\/2010\/01\/008-300x198.jpg 300w\" sizes=\"auto, (max-width: 600px) 100vw, 600px\" \/><\/a><\/div>\n<div><strong>\u00a0<\/strong><\/div>\n<div><strong>\u00a0<\/strong><\/div>\n<div style=\"text-align: center;\"><strong><strong>ANTES\u00a0\u00a0\u00a0\u00a0\u00a0\u00a0\u00a0\u00a0\u00a0\u00a0\u00a0\u00a0\u00a0\u00a0\u00a0\u00a0\u00a0\u00a0\u00a0\u00a0\u00a0\u00a0\u00a0\u00a0\u00a0\u00a0\u00a0\u00a0\u00a0\u00a0\u00a0\u00a0\u00a0\u00a0\u00a0\u00a0\u00a0\u00a0\u00a0\u00a0\u00a0\u00a0\u00a0\u00a0\u00a0\u00a0\u00a0\u00a0\u00a0\u00a0\u00a0\u00a0 DESPUES<\/strong><\/strong><\/div>\n<div style=\"text-align: center;\"><strong>\u00a0<\/strong><strong><a rel=\"attachment wp-att-219\" href=\"https:\/\/www.fotonavia.com\/?attachment_id=219\"><strong><img decoding=\"async\" title=\"Niv009\" src=\"https:\/\/www.fotonavia.com\/wp-content\/uploads\/2010\/01\/009-250x166.jpg\" alt=\"\" \/><\/strong><\/a><strong> <\/strong><a rel=\"attachment wp-att-220\" href=\"https:\/\/www.fotonavia.com\/?attachment_id=220\"><strong><img decoding=\"async\" title=\"Niv010\" src=\"https:\/\/www.fotonavia.com\/wp-content\/uploads\/2010\/01\/010-250x166.jpg\" alt=\"\" \/><\/strong><\/a><\/strong><\/div>\n<div style=\"text-align: center;\"><strong>\u00a0<\/strong><\/div>\n<div style=\"text-align: center;\"><strong>\u00a0<\/strong><\/div>\n<div style=\"text-align: center;\"><strong>\u00a0<\/strong><\/div>\n<div style=\"text-align: left;\"><strong><em>Veamos otro ejemplo m\u00e1s&#8230;<\/em><\/strong><\/div>\n<div><strong>\u00a0<\/strong><\/div>\n<div style=\"text-align: center;\"><strong><a rel=\"attachment wp-att-221\" href=\"https:\/\/www.fotonavia.com\/?attachment_id=221\"><img loading=\"lazy\" decoding=\"async\" width=\"600\" height=\"399\" class=\"alignnone  wp-image-221\" title=\"Niv011\" src=\"https:\/\/www.fotonavia.com\/wp-content\/uploads\/2010\/01\/011.jpg\" alt=\"\" srcset=\"https:\/\/www.fotonavia.com\/wp-content\/uploads\/2010\/01\/011.jpg 600w, https:\/\/www.fotonavia.com\/wp-content\/uploads\/2010\/01\/011-300x199.jpg 300w\" sizes=\"auto, (max-width: 600px) 100vw, 600px\" \/><\/a><\/strong><\/div>\n<div><strong>\u00a0<\/strong><\/div>\n<div>Este es el caso de\u00a0una foto muy poco contrastada, y algo corta de exposici\u00f3n (el histograma no llega al extremo derecho&#8230;.). Vamos al men\u00fa <strong>IMAGEN<\/strong>, y seleccionamos <strong>Imagen&gt;&gt;Ajustes&gt;&gt;Niveles<\/strong><\/div>\n<div><strong>\u00a0<\/strong><\/div>\n<div><strong>\u00a0<\/strong><\/div>\n<div style=\"text-align: center;\"><strong><a rel=\"attachment wp-att-222\" href=\"https:\/\/www.fotonavia.com\/?attachment_id=222\"><img loading=\"lazy\" decoding=\"async\" width=\"600\" height=\"398\" class=\"alignnone  wp-image-222\" title=\"Niv012\" src=\"https:\/\/www.fotonavia.com\/wp-content\/uploads\/2010\/01\/012.jpg\" alt=\"\" srcset=\"https:\/\/www.fotonavia.com\/wp-content\/uploads\/2010\/01\/012.jpg 600w, https:\/\/www.fotonavia.com\/wp-content\/uploads\/2010\/01\/012-300x199.jpg 300w\" sizes=\"auto, (max-width: 600px) 100vw, 600px\" \/><\/a><\/strong><\/div>\n<div style=\"text-align: center;\"><strong>\u00a0<\/strong><\/div>\n<div style=\"text-align: left;\">y\u00a0 pasamos a ajustar la imagen&#8230;<strong> <\/strong><\/div>\n<div style=\"text-align: left;\"><strong>\u00a0<\/strong><\/div>\n<p style=\"text-align: center;\"><a rel=\"attachment wp-att-223\" href=\"https:\/\/www.fotonavia.com\/?attachment_id=223\"><img loading=\"lazy\" decoding=\"async\" width=\"600\" height=\"399\" class=\" wp-image-223       aligncenter\" title=\"Niv013\" src=\"https:\/\/www.fotonavia.com\/wp-content\/uploads\/2010\/01\/013.jpg\" alt=\"\" srcset=\"https:\/\/www.fotonavia.com\/wp-content\/uploads\/2010\/01\/013.jpg 600w, https:\/\/www.fotonavia.com\/wp-content\/uploads\/2010\/01\/013-300x199.jpg 300w\" sizes=\"auto, (max-width: 600px) 100vw, 600px\" \/><\/a><\/p>\n<div style=\"text-align: left;\">Y este es\u00a0el resultado&#8230;<\/div>\n<div style=\"text-align: center;\"><strong><strong>ANTES\u00a0\u00a0\u00a0\u00a0\u00a0\u00a0\u00a0\u00a0\u00a0\u00a0\u00a0\u00a0\u00a0\u00a0\u00a0\u00a0\u00a0\u00a0\u00a0\u00a0\u00a0\u00a0\u00a0\u00a0\u00a0\u00a0\u00a0\u00a0\u00a0\u00a0\u00a0\u00a0\u00a0\u00a0\u00a0\u00a0\u00a0\u00a0\u00a0\u00a0\u00a0\u00a0\u00a0\u00a0\u00a0\u00a0\u00a0\u00a0\u00a0\u00a0\u00a0\u00a0 DESPUES<\/strong><\/strong><\/div>\n<div style=\"text-align: center;\"><strong><a rel=\"attachment wp-att-224\" href=\"https:\/\/www.fotonavia.com\/?attachment_id=224\"><img decoding=\"async\" class=\"alignnone  wp-image-224\" title=\"Niv014\" src=\"https:\/\/www.fotonavia.com\/wp-content\/uploads\/2010\/01\/014-250x166.jpg\" alt=\"\" \/><\/a> <a rel=\"attachment wp-att-225\" href=\"https:\/\/www.fotonavia.com\/?attachment_id=225\"><img decoding=\"async\" class=\"alignnone  wp-image-225\" title=\"Niv015\" src=\"https:\/\/www.fotonavia.com\/wp-content\/uploads\/2010\/01\/015-250x166.jpg\" alt=\"\" \/><\/a><\/strong><\/div>\n<div style=\"text-align: center;\"><strong>Muy f\u00e1cil, \u00fatil y efectivo&#8230;\u00a0 \u00f3 \u00bfno?<\/strong><\/div>\n<div style=\"text-align: center;\"><strong>\u00a0<\/strong><\/div>\n<div style=\"text-align: center;\"><strong>\u00a0<\/strong><\/div>\n<div style=\"text-align: center;\"><strong>\u00a0<\/strong><\/div>\n<div style=\"text-align: center;\">\u00a0<\/div>\n<div style=\"text-align: center;\"><strong><a href=\"https:\/\/www.fotonavia.com\/?page_id=95\" target=\"_blank\">VOLVER A TRUCOS Y TUTORIALES<\/a><\/strong><\/div>\n","protected":false},"excerpt":{"rendered":"<p>Trucos y Tutoriales AJUSTES\u00a0 EN\u00a0 PHOTOSHOP AJUSTE DE NIVELES Uno de los ajustes b\u00e1sicos\u00a0de photoshop para corregir \u00a0fallos de exposici\u00f3n, hacer mejoras en el contraste, en la iluminaci\u00f3n\u00a0de una fotografia, etc.,\u00a0 es el ajuste de niveles. Vamos a ver como ajustar los niveles de una im\u00e1gen, para ello\u00a0trataremos de interpretar\u00a0bien los histogramas, empecemos por esta\u00a0 [&hellip;]<\/p>\n","protected":false},"author":1,"featured_media":0,"parent":95,"menu_order":0,"comment_status":"closed","ping_status":"closed","template":"","meta":{"footnotes":""},"class_list":["post-199","page","type-page","status-publish","hentry"],"_links":{"self":[{"href":"https:\/\/www.fotonavia.com\/index.php?rest_route=\/wp\/v2\/pages\/199","targetHints":{"allow":["GET"]}}],"collection":[{"href":"https:\/\/www.fotonavia.com\/index.php?rest_route=\/wp\/v2\/pages"}],"about":[{"href":"https:\/\/www.fotonavia.com\/index.php?rest_route=\/wp\/v2\/types\/page"}],"author":[{"embeddable":true,"href":"https:\/\/www.fotonavia.com\/index.php?rest_route=\/wp\/v2\/users\/1"}],"replies":[{"embeddable":true,"href":"https:\/\/www.fotonavia.com\/index.php?rest_route=%2Fwp%2Fv2%2Fcomments&post=199"}],"version-history":[{"count":13,"href":"https:\/\/www.fotonavia.com\/index.php?rest_route=\/wp\/v2\/pages\/199\/revisions"}],"predecessor-version":[{"id":2237,"href":"https:\/\/www.fotonavia.com\/index.php?rest_route=\/wp\/v2\/pages\/199\/revisions\/2237"}],"up":[{"embeddable":true,"href":"https:\/\/www.fotonavia.com\/index.php?rest_route=\/wp\/v2\/pages\/95"}],"wp:attachment":[{"href":"https:\/\/www.fotonavia.com\/index.php?rest_route=%2Fwp%2Fv2%2Fmedia&parent=199"}],"curies":[{"name":"wp","href":"https:\/\/api.w.org\/{rel}","templated":true}]}}