{"id":2198,"date":"2013-12-10T11:07:57","date_gmt":"2013-12-10T10:07:57","guid":{"rendered":"http:\/\/www.fotonavia.com\/?page_id=2198"},"modified":"2013-12-15T15:50:48","modified_gmt":"2013-12-15T14:50:48","slug":"entrevista-a-mikelino","status":"publish","type":"page","link":"https:\/\/www.fotonavia.com\/?page_id=2198","title":{"rendered":"Entrevista a Mikelino"},"content":{"rendered":"<h3 style=\"text-align: center;\">Entrevista a Mikelino<\/h3>\n<p><em>En esta ocasi\u00f3n vamos conocer un poco mejor a \u201cMikelino\u201d\u00a0otro de nuestros \u201cforeros\u201d y \u201cfoteros\u201d mas ilustres, al que \u00bfcomo no? agradecemos muy especialmente\u00a0que nos concediera esta entrevista, ya que es una persona a la que no le gustan este tipo de cosas y aunque le ha costado al final accedio. GRACIAS POR TODO MIGUEL!!<\/em><\/p>\n<p><em>No os perd\u00e1is la oprotunidad de ver algunas de sus fotograf\u00edas, en la <a href=\"https:\/\/www.fotonavia.com\/?page_id=2213\">Galer\u00eda de Mikelino<\/a><\/em><\/p>\n<p>&nbsp;<\/p>\n<p style=\"text-align: left;\">Para empezar, queremos conocer un poco mejor al entrevistado y ya que hablamos con un fot\u00f3grafo&#8230; haznos tu autorretrato&#8230;<\/p>\n<p><strong>Javifreitas<\/strong>.-\u00a0 \u00bfQui\u00e9n es MIKELINO?<img loading=\"lazy\" decoding=\"async\" class=\"wp-image-2205 alignright\" title=\"Mikelino\" src=\"https:\/\/www.fotonavia.com\/wp-content\/uploads\/2013\/12\/Perfil.jpg\" alt=\"\" width=\"355\" height=\"368\" srcset=\"https:\/\/www.fotonavia.com\/wp-content\/uploads\/2013\/12\/Perfil.jpg 986w, https:\/\/www.fotonavia.com\/wp-content\/uploads\/2013\/12\/Perfil-288x300.jpg 288w\" sizes=\"auto, (max-width: 355px) 100vw, 355px\" \/><\/p>\n<p><strong>Mikelino<\/strong>.- Soy Miguel (\u00abMikelino\u00bb en Fotonavia),\u00a0 un chico de Burela (Lugo) al que le gusta la fotograf\u00eda y en sus ratos libres intenta hacer alguna foto.<\/p>\n<p><strong>Javifreitas<\/strong>.-\u00a0Dinos&#8230; \u00bfC\u00f3mo y cu\u00e1ndo llegaste a este mundillo de la fotograf\u00eda?<\/p>\n<p><strong>Mikelino<\/strong>.-Pues llegu\u00e9, a finales del 2008 cuando compr\u00e9 mi primera r\u00e9flex, anteriormente nunca hab\u00eda tenido una c\u00e1mara. \u00danicamente, utilizaba en el trabajo una compacta de 3 megapixels para poder dejar constancia de los trabajos diarios. En mi casa tampoco hubo mucha afici\u00f3n a la fotograf\u00eda, recuerdo que mi padre ten\u00eda una OlimpusTrip 35 (del nombre s\u00ed que me acuerdo porque era muy rimbombante) y tampoco me dejaban toquetearla mucho, claro, era un cr\u00edo de 6 a\u00f1os.<\/p>\n<p><strong>Javifreitas<\/strong>.- \u00bfC\u00f3mo encajas una afici\u00f3n tan absorbente en tu vida cotidiana?<\/p>\n<p><strong>Mikelino<\/strong>.-S\u00ed que es absorbente, me imagino que como todos, quitando tiempo de donde puedes, a veces dormir menos, levantarte m\u00e1s temprano, quedar menos de lo que te gustar\u00eda con tus amigos. A todos nos gustar\u00eda tener m\u00e1s tiempo, para dedicarle m\u00e1s horas, pero al final te das cuenta que tienes que aprovechar los momentos de calidad, planear las salidas y ser m\u00e1s selectivo a la hora de fotografiar.<\/p>\n<p><strong>Javifreitas<\/strong>.- Rompiendo un poco con la formalidad de este tipo de entrevistas, perm\u00edteme unas cuantas preguntas r\u00e1pidas, ajenas a la fotograf\u00eda, si, pero que seguro que nos dar\u00e1n una visi\u00f3n tuya mucho m\u00e1s amplia&#8230; por favor, te pedimos respuestas cortas y espont\u00e1neas. Como dec\u00eda aquella canci\u00f3n&#8230; \u00bfA qu\u00e9 dedicas el tiempo libre?&#8230;<\/p>\n<p><strong>Mikelino<\/strong>.-A parte de la fotograf\u00eda, tambi\u00e9n me gusta ver series de televisi\u00f3n (\u00faltimamente son de una calidad incre\u00edble) y me gusta descubrir nuevos guitarristas en youtube.<\/p>\n<p><strong>Javifreitas<\/strong>.-\u00a0\u00bfTus pel\u00edculas favoritas?<\/p>\n<p><strong>Mikelino<\/strong>.-Creo que me quedar\u00eda con la saga de El Se\u00f1or de los Anillos y Matrix.<\/p>\n<p><strong>Javifreitas<\/strong>.-\u00a0y&#8230; \u00bftu m\u00fasica?<\/p>\n<p><strong>Mikelino<\/strong>.-Pues me gusta todo lo que lleve guitarra el\u00e9ctrica, estudie unos a\u00f1os guitarra cl\u00e1sica, pero siempre me gust\u00f3 la el\u00e9ctrica. \u00daltimamente estoy escuchando mucho a Sergey Golovin, un crack, lo pod\u00e9is ver y escuchar en youtube.<\/p>\n<p><strong>Javifreitas<\/strong>.-\u00a0\u00bfCampo o ciudad?<\/p>\n<p><strong>Mikelino<\/strong>.-Me gusta m\u00e1s el campo, mucho m\u00e1s tranquilo, sin el ajetreo y las prisas de la ciudad.<\/p>\n<p><strong>Javifreitas<\/strong>.-\u00a0\u00bfPracticas alg\u00fan deporte \u00f3 eres m\u00e1s de ver como lo practican otros?<\/p>\n<p><strong>Mikelino<\/strong>.- Soy m\u00e1s bien de ver como otros lo practican, aunque tengo que intentar ponerme un poco en forma, de este a\u00f1o no pasa, jajaja.<\/p>\n<p><strong>Javifreitas<\/strong>.-\u00a0\u00bfPerteneces o colaboras con alguna asociaci\u00f3n cultural \u00f3 deportiva \u00f3 de voluntariado?<\/p>\n<p><strong>Mikelino<\/strong>.- La \u00fanica asociaci\u00f3n a la que pertenezco es\u00a0 a la de \u201cOs Negativos\u201d, que es una asociaci\u00f3n fotogr\u00e1fica de Viveiro (Lugo), que es muy modesta pero que intenta divulgar y ense\u00f1ar la fotograf\u00eda a todos aquellos que est\u00e9n interesados en este hobby.<\/p>\n<p><strong>Javifreitas<\/strong>.-\u00a0Tres cosas que te llevar\u00edas a una isla desierta&#8230;<\/p>\n<p><strong>Mikelino<\/strong>.- Pues una tumbona, un ebook y un peque\u00f1o generador solarpara cargar el ebook, jeje.<\/p>\n<p><strong>Javifreitas<\/strong>.-\u00a0Lo primero que har\u00edas si te tocase la loter\u00eda&#8230;<\/p>\n<p><strong>Mikelino<\/strong>.- Un\u00a0 viaje fotogr\u00e1fico??<\/p>\n<p><strong>Javifreitas<\/strong>.-\u00a0Ya nos hacemos una idea de quien es Miguel, conozcamos un poco mejor ahora a \u00abMikelino\u00bb&#8230; \u00bfC\u00f3mo fueron tus inicios en esta afici\u00f3n? \u00bfCu\u00e1les han sido tus referentes fotogr\u00e1ficos?<\/p>\n<p><strong>Mikelino<\/strong>.- Cuando me compr\u00e9 mi primera r\u00e9flex, a lo primero que me lanc\u00e9 fue al HDR, ya que hab\u00eda visto unas im\u00e1genes realmente impactantes y me dije a mi mismo que yo tambi\u00e9n quer\u00eda hacerlas.<\/p>\n<p>Lo primero que hice fue conocer bien mi c\u00e1mara, leer muchos tutoriales y practicar, practicar y practicar. Al principio es frustrante porque las fotos necesitan editarse en alg\u00fan programa de edici\u00f3n fotogr\u00e1fica, no as\u00ed en las compactas que generan unos archivos ya cocinados en jpg muy saturados y contrastados, pero nada m\u00e1s lejos de la realidad, una vez que comprendes c\u00f3mo funcionan los archivos RAW, ya no hay marcha atr\u00e1s.<\/p>\n<p>Yo no he disparado en anal\u00f3gico y mis referentes fotogr\u00e1ficos los he encontrado en Flickr, hay fot\u00f3grafos excelentes que suben sus trabajos en esta red social. All\u00ed he aprendido y sobre todo he visto muchas y muy buenas fotograf\u00edas. En paisaje quien me gusta mucho es Darwin Wiggett y Adam Barker, en iluminaci\u00f3n he aprendido mucho de David Hobby y JoeMcNally.<\/p>\n<p><strong>Javifreitas<\/strong>.- Tus trabajos fotogr\u00e1ficos, en general&#8230; \u00bfson muy planificados? \u00f3 \u00bfte gusta dejarte llevar por tu instinto sobre la marcha?<\/p>\n<p><strong>Mikelino<\/strong>.- Al principio era todo sobre la marcha, pero luego te das cuenta que si no planificas una foto o una sesi\u00f3n de fotos la posibilidad de hacer una buena foto se reduce a la nada. As\u00ed que la mayor\u00eda de las ocasiones trato de centrarme en un objetivo para poder planificar el sitio, la hora, la composici\u00f3n y el material para poder conseguir la foto que tengo pensada.<\/p>\n<p><strong>Javifreitas<\/strong>.- Alguien con una t\u00e9cnica tan depurada como la tuya&#8230; \u00bfc\u00f3mo prepara una salida \u00f3 una sesi\u00f3n fotogr\u00e1fica?<\/p>\n<p><strong>Mikelino<\/strong>.- Ojal\u00e1 fuera depurada\u2026<\/p>\n<p>Lo importante es saber que fotograf\u00eda quieres hacer, luego si lo necesitas, debes de buscar las localizaciones y el momento adecuado. Tambi\u00e9n hay que tener el equipo preparado: pilas, bater\u00edas, llevar tr\u00edpode, ropa de abrigo, linterna\u2026<\/p>\n<p><strong>Javifreitas<\/strong>.- H\u00e1blanos de c\u00f3mo te ves t\u00fa como fot\u00f3grafo.. \u00bfQu\u00e9 tipo fotograf\u00eda te gusta m\u00e1s?&#8230; \u00bfQu\u00e9 te gustar\u00eda que trasmitieran tus fotograf\u00edas?&#8230; \u00bfCu\u00e1l es tu fotograf\u00eda favorita y por qu\u00e9?&#8230; \u00bfSue\u00f1as con alguna fotograf\u00eda en especial?<\/p>\n<p><strong>Mikelino<\/strong>.- Pues me veo en constante aprendizaje, y con muchas fotos por realizar.<\/p>\n<p>Me gustan muchos tipos de fotograf\u00eda, aunque quiz\u00e1 la que m\u00e1s realizo es la de paisaje. Me encanta la foto de retrato, la fotograf\u00eda nocturna y la de naturaleza.<\/p>\n<p>Lo que me gustar\u00eda de mis fotograf\u00edas es que les llegue de una forma especial al observador, hago la fotograf\u00eda que me gusta en un determinado momento, soy consciente de que pueda gustar o no, pero lo que hago es que me guste a m\u00ed, luego si le gustan a los dem\u00e1s, pues estupendo, a todo el mundo le gusta agradar.<img loading=\"lazy\" decoding=\"async\" class=\"wp-image-2204 alignright\" title=\"Las M\u00e9dulas\" src=\"https:\/\/www.fotonavia.com\/wp-content\/uploads\/2013\/12\/Las-M\u00e9dulas.jpg\" alt=\"\" width=\"505\" height=\"229\" srcset=\"https:\/\/www.fotonavia.com\/wp-content\/uploads\/2013\/12\/Las-M\u00e9dulas.jpg 841w, https:\/\/www.fotonavia.com\/wp-content\/uploads\/2013\/12\/Las-M\u00e9dulas-300x135.jpg 300w\" sizes=\"auto, (max-width: 505px) 100vw, 505px\" \/><\/p>\n<p>La fotograf\u00eda favorita siempre est\u00e1 por realizar, una que me ha gustado \u00faltimamente ha sido un atardecer en las M\u00e9dulas y tambi\u00e9n una marina con marea alta.<\/p>\n<p>Yo creo que todos so\u00f1amos con hacer fotos bonitas y especiales, que nos agraden, impacten, emocionen; me conformo con seguir fotografiando y aprendiendo, que es lo que m\u00e1s me llena.<\/p>\n<p><strong>Javifreitas<\/strong>.- \u00bfQu\u00e9 es m\u00e1s importante y en que porcentajes seg\u00fan tu&#8230; equipo, ojo o t\u00e9cnica?<\/p>\n<p><strong>Mikelino<\/strong>.- Yo el equipo lo situar\u00eda en \u00faltimo lugar, la t\u00e9cnica para m\u00ed ser\u00eda lo m\u00e1s importante, porque es lo que te da libertad a la hora de fotografiar, cuanto mejor sea tu t\u00e9cnica mayores posibilidades tendr\u00e1s de hacer lo que necesites o quieras en un determinado momento, que igual no se repite. La t\u00e9cnica unida al \u201cojo\u201d eso ya debe ser la repera, se puede entrenar y aprender pero hay gente que tiene ese algo especial que muchos no tenemos (yo el primero).<\/p>\n<p>Por decir algo en los porcentajes, ser\u00eda:<\/p>\n<p>50 % t\u00e9cnica, 35 % ojo y 15 % equipo.<\/p>\n<p><strong>Javifreitas<\/strong>.- Que editor utilizas habitualmente \u00bfPhotoshop?&#8230; \u00bfCu\u00e1nto tiempo dedicas a procesar?<\/p>\n<p><strong>Mikelino<\/strong>.- Pues utilizo Photoshop y Lightroom, y no dedico mucho tiempo al procesado, ya que es muy laborioso, hasta donde puedo, intento hacer la foto en la c\u00e1mara lo m\u00e1s parecido a lo que ser\u00e1 finalmente, para editarla lo m\u00ednimo posible, ya que la edici\u00f3n requiere conocimiento y tiempo.<\/p>\n<p>Una mala foto, en photoshop tiene pocas opciones de edici\u00f3n<\/p>\n<p><strong>Javifreitas<\/strong>.- Hablando de procesados&#8230; la pregunta m\u00e1s t\u00f3pica en este tipo de entrevistas&#8230;\u00a0 los retoques&#8230; \u00bfd\u00f3nde est\u00e1 el l\u00edmite para ti?<\/p>\n<p><strong>Mikelino<\/strong>.- El l\u00edmite est\u00e1 en donde cada uno quiera ponerlo, una foto t\u00e9cnicamente correcta no creo que necesite mucho retoque, m\u00e1s all\u00e1 de unos ajustes generales de contraste y nitidez. Si se busca conseguir una foto m\u00e1s impactante, me gustan los procesados por zonas.<\/p>\n<p>En cambio la fotocomposici\u00f3n de varias fotograf\u00edas es algo que a\u00fan no he explorado ni tampoco me atrae mucho, por el momento, lo considerar\u00eda m\u00e1s un trabajo de edici\u00f3n que de fotograf\u00eda.<\/p>\n<p><strong>Javifreitas<\/strong>.- A todos los aficionados nos encanta ver los trabajos de los grandes fot\u00f3grafos en esa \u00abgran galer\u00eda virtual\u00bb que es internet \u00bfNos recomiendas a alguno en especial?<\/p>\n<p><strong><img loading=\"lazy\" decoding=\"async\" class=\"wp-image-2211 alignleft\" title=\"Mikelino en acci\u00f3n\" src=\"https:\/\/www.fotonavia.com\/wp-content\/uploads\/2013\/12\/ANIKUNI_001.jpg\" alt=\"\" width=\"335\" height=\"433\" srcset=\"https:\/\/www.fotonavia.com\/wp-content\/uploads\/2013\/12\/ANIKUNI_001.jpg 479w, https:\/\/www.fotonavia.com\/wp-content\/uploads\/2013\/12\/ANIKUNI_001-232x300.jpg 232w\" sizes=\"auto, (max-width: 335px) 100vw, 335px\" \/>Mikelino<\/strong>.- Hay infinidad de fot\u00f3grafos que hacen una fotograf\u00eda incre\u00edble, por citar a algunos:<\/p>\n<p>Alonso D\u00edaz, Darwin Wiggett, Joe McNally\u2026<\/p>\n<p><strong>Javifreitas<\/strong>.- y en cuanto a Fotonavia&#8230; \u00bfCu\u00e1ndo y c\u00f3mo conociste Fotonavia? \u00bfQu\u00e9 opinas de los foros en general y del nuestro en particular?<\/p>\n<p><strong>Mikelino<\/strong>.- Pues conoc\u00ed aFotonavia, a trav\u00e9s de la asociaci\u00f3n de \u201cOs Negativos\u201d, que hab\u00edan tenido con estos \u201clocos\u201d Naviegos de la fotograf\u00eda.<\/p>\n<p>En los foros suele haber mucho compa\u00f1erismo y se comparten muchas an\u00e9cdotas, informaci\u00f3n, experiencias y siempre se aprende mucho.<\/p>\n<p>Lo bueno del foro de Fotonavia es que puedo conocer personalmente a muchos de los miembros, creo que eso es un punto a favor muy importante, que no puedo decir del resto de foros, ya que la mayor\u00eda son de \u00e1mbito nacional o internacional, y esa complicidad es mucho m\u00e1s dif\u00edcil de conseguir.<\/p>\n<p><strong>Javifreitas<\/strong>.- \u00bfQu\u00e9 crees que podr\u00edamos hacer para mejorar como foro y como comunidad fotogr\u00e1fica?<\/p>\n<p><strong>Mikelino<\/strong>.- Fotonavia est\u00e1 bien estructurado, lo que lo tenemos que mejorar somos los foreros con nuestras aportaciones, el foro al fin y al cabo es un lugar de reuni\u00f3n, a medida que los usuarios interaccionen y compartan sus experiencias y conocimientos el foro se enriquecer\u00e1 y todos saldremos ganando, tanto humanamente como fotogr\u00e1ficamente hablando.<\/p>\n<p><strong>Javifreitas<\/strong>.- \u00bfQu\u00e9 consejo le dar\u00edas a alguien que est\u00e1 dando sus primeros pasos en este mundillo?<\/p>\n<p><strong>Mikelino<\/strong>.- Le dir\u00eda que no se desanime si esas primeras fotos que saca no le gustan, ya que al principio son conceptos que cuesta asimilar, as\u00ed como el propio manejo de la c\u00e1mara, y sobre todo le dir\u00eda que lleve consigo la c\u00e1mara y aproveche cualquier oportunidad para fotografiar y pasar un buen rato.<\/p>\n<p>No quisiera despedirme sin darle las gracias a Javi Freitas, gran fot\u00f3grafo y mejor persona, al cual estoy muy agradecido y encantado de poder conocerlo y tratarlo. Javi es el alma mater y el nexo de uni\u00f3n de toda la gran familia de Fotonavia, de la que me siento muy a gusto de pertenecer y participar en ella.<\/p>\n<p><strong>Javifreitas<\/strong>.-\u00a0\u00a0 MUCHISIMAS GRACIAS A TI, POR SER COMO ERES!!<\/p>\n<h3 style=\"text-align: center;\"><a href=\"https:\/\/www.fotonavia.com\/?page_id=1220\" target=\"_self\">Volver al Men\u00fa de Entrevistas<\/a><\/h3>\n","protected":false},"excerpt":{"rendered":"<p>Entrevista a Mikelino En esta ocasi\u00f3n vamos conocer un poco mejor a \u201cMikelino\u201d\u00a0otro de nuestros \u201cforeros\u201d y \u201cfoteros\u201d mas ilustres, al que \u00bfcomo no? agradecemos muy especialmente\u00a0que nos concediera esta entrevista, ya que es una persona a la que no le gustan este tipo de cosas y aunque le ha costado al final accedio. GRACIAS [&hellip;]<\/p>\n","protected":false},"author":1,"featured_media":0,"parent":1220,"menu_order":0,"comment_status":"open","ping_status":"open","template":"","meta":{"footnotes":""},"class_list":["post-2198","page","type-page","status-publish","hentry"],"_links":{"self":[{"href":"https:\/\/www.fotonavia.com\/index.php?rest_route=\/wp\/v2\/pages\/2198","targetHints":{"allow":["GET"]}}],"collection":[{"href":"https:\/\/www.fotonavia.com\/index.php?rest_route=\/wp\/v2\/pages"}],"about":[{"href":"https:\/\/www.fotonavia.com\/index.php?rest_route=\/wp\/v2\/types\/page"}],"author":[{"embeddable":true,"href":"https:\/\/www.fotonavia.com\/index.php?rest_route=\/wp\/v2\/users\/1"}],"replies":[{"embeddable":true,"href":"https:\/\/www.fotonavia.com\/index.php?rest_route=%2Fwp%2Fv2%2Fcomments&post=2198"}],"version-history":[{"count":14,"href":"https:\/\/www.fotonavia.com\/index.php?rest_route=\/wp\/v2\/pages\/2198\/revisions"}],"predecessor-version":[{"id":2297,"href":"https:\/\/www.fotonavia.com\/index.php?rest_route=\/wp\/v2\/pages\/2198\/revisions\/2297"}],"up":[{"embeddable":true,"href":"https:\/\/www.fotonavia.com\/index.php?rest_route=\/wp\/v2\/pages\/1220"}],"wp:attachment":[{"href":"https:\/\/www.fotonavia.com\/index.php?rest_route=%2Fwp%2Fv2%2Fmedia&parent=2198"}],"curies":[{"name":"wp","href":"https:\/\/api.w.org\/{rel}","templated":true}]}}