{"id":2213,"date":"2013-12-10T12:01:54","date_gmt":"2013-12-10T11:01:54","guid":{"rendered":"http:\/\/www.fotonavia.com\/?page_id=2213"},"modified":"2013-12-15T15:49:56","modified_gmt":"2013-12-15T14:49:56","slug":"galeria-de-mikelino","status":"publish","type":"page","link":"https:\/\/www.fotonavia.com\/?page_id=2213","title":{"rendered":"Galer\u00eda de Mikelino"},"content":{"rendered":"<p><img loading=\"lazy\" decoding=\"async\" class=\"wp-image-2205 alignright\" title=\"Mikelino\" src=\"https:\/\/www.fotonavia.com\/wp-content\/uploads\/2013\/12\/Perfil.jpg\" alt=\"\" width=\"355\" height=\"368\" srcset=\"https:\/\/www.fotonavia.com\/wp-content\/uploads\/2013\/12\/Perfil.jpg 986w, https:\/\/www.fotonavia.com\/wp-content\/uploads\/2013\/12\/Perfil-288x300.jpg 288w\" sizes=\"auto, (max-width: 355px) 100vw, 355px\" \/>Esta es la galer\u00eda de\u00a0Miguel <strong>\u00abMikelino\u00bb<\/strong>\u00a0en nuestro foro, un\u00a0burelense que comparte con nosotros su afici\u00f3n a la fotograf\u00eda, y que pod\u00e9is conocer mucho mejor leyendo la entrevista que nos concedi\u00f3&#8230; <a href=\"https:\/\/www.fotonavia.com\/?page_id=2198\"><strong>La entrevista de\u00a0Mikelino<\/strong><\/a> (os la recomiendo&#8230; un gran fot\u00f3grafo \u00a0y una grand\u00edsima persona).<\/p>\n<p>Para ver las im\u00e1genes de esta galer\u00eda a tama\u00f1o normal, tan solo hace falta hacer \u00abclick\u00bb sobre ellas una vez, y con un nuevo \u00abclick\u00bb se vuelve a la galer\u00eda de las miniaturas, para pasar de una a otra a tama\u00f1o grande utiliza las flechitas de los extremos inferiores de cada imagen, tambi\u00e9n pod\u00e9is verlas en una pase autom\u00e1tico de diapositivas, con la opci\u00f3n (<strong>Ver pase de diapositivas) <\/strong>que hay justo bajo estas l\u00edneas&#8230;\u00a0 es muy c\u00f3modo e interactivo.<\/p>\n<p>[nggallery id=11]<\/p>\n<h3 style=\"text-align: center;\"><a href=\"https:\/\/www.fotonavia.com\/?page_id=1220\" target=\"_self\">Volver al Men\u00fa de Entrevistas<\/a><\/h3>\n","protected":false},"excerpt":{"rendered":"<p>Esta es la galer\u00eda de\u00a0Miguel \u00abMikelino\u00bb\u00a0en nuestro foro, un\u00a0burelense que comparte con nosotros su afici\u00f3n a la fotograf\u00eda, y que pod\u00e9is conocer mucho mejor leyendo la entrevista que nos concedi\u00f3&#8230; La entrevista de\u00a0Mikelino (os la recomiendo&#8230; un gran fot\u00f3grafo \u00a0y una grand\u00edsima persona). Para ver las im\u00e1genes de esta galer\u00eda a tama\u00f1o normal, tan solo [&hellip;]<\/p>\n","protected":false},"author":1,"featured_media":0,"parent":1220,"menu_order":0,"comment_status":"open","ping_status":"open","template":"","meta":{"footnotes":""},"class_list":["post-2213","page","type-page","status-publish","hentry"],"_links":{"self":[{"href":"https:\/\/www.fotonavia.com\/index.php?rest_route=\/wp\/v2\/pages\/2213","targetHints":{"allow":["GET"]}}],"collection":[{"href":"https:\/\/www.fotonavia.com\/index.php?rest_route=\/wp\/v2\/pages"}],"about":[{"href":"https:\/\/www.fotonavia.com\/index.php?rest_route=\/wp\/v2\/types\/page"}],"author":[{"embeddable":true,"href":"https:\/\/www.fotonavia.com\/index.php?rest_route=\/wp\/v2\/users\/1"}],"replies":[{"embeddable":true,"href":"https:\/\/www.fotonavia.com\/index.php?rest_route=%2Fwp%2Fv2%2Fcomments&post=2213"}],"version-history":[{"count":7,"href":"https:\/\/www.fotonavia.com\/index.php?rest_route=\/wp\/v2\/pages\/2213\/revisions"}],"predecessor-version":[{"id":2296,"href":"https:\/\/www.fotonavia.com\/index.php?rest_route=\/wp\/v2\/pages\/2213\/revisions\/2296"}],"up":[{"embeddable":true,"href":"https:\/\/www.fotonavia.com\/index.php?rest_route=\/wp\/v2\/pages\/1220"}],"wp:attachment":[{"href":"https:\/\/www.fotonavia.com\/index.php?rest_route=%2Fwp%2Fv2%2Fmedia&parent=2213"}],"curies":[{"name":"wp","href":"https:\/\/api.w.org\/{rel}","templated":true}]}}