{"id":303,"date":"2010-01-01T17:15:50","date_gmt":"2010-01-01T16:15:50","guid":{"rendered":"http:\/\/s299004171.mialojamiento.es\/Fotonavia\/?page_id=303"},"modified":"2013-12-15T15:31:10","modified_gmt":"2013-12-15T14:31:10","slug":"datos-y-ayudas","status":"publish","type":"page","link":"https:\/\/www.fotonavia.com\/?page_id=303","title":{"rendered":"Utilidades"},"content":{"rendered":"<h1 style=\"text-align: center;\">Datos \u00fatiles<\/h1>\n<p style=\"text-align: center;\">\n<p>\u00a0 Todo fot\u00f3grafo que quiera obtener unos resultados un poco mas all\u00e1 de los \u00abnormales\u00bb, debe tener ganas de buscar, observar, debe conocer t\u00e9cnicas, materiales, debe mirar muchas fotograf\u00edas&#8230; si&#8230; pero adem\u00e1s de todas esas cosas\u00a0que debemos conocer y dominar y que figuran en todos los dec\u00e1logos de todo buen fot\u00f3grafo,\u00a0 hay otros datos de inter\u00e9s que pueden ayudar y mucho a que nuestras \u00absalidas fotogr\u00e1ficas\u00bb no sean un fracaso, por ejemplo anticiparnos conociendo\u00a0la climatolog\u00eda que vamos a encontrarnos, o como ser\u00e1n las mareas en el d\u00eda y la hora en\u00a0el\u00a0que vamos a ir determinada playa a hacer fotos \u00bfno cre\u00e9is?&#8230; en esta secci\u00f3n trataremos de recopilar informaciones de todo tipo que puedan ser de inter\u00e9s a la hora de hacer fotograf\u00edas, algunas de estas informaciones ser\u00e1n de \u00e1mbito local, y otras a nivel mas global, pero todas ellas pueden servirnos de gu\u00eda&#8230; y de ayuda.<\/p>\n<p>Colabora con nosotros a trav\u00e9s de tus comentarios\u00a0\u00f3 aport\u00e1ndonos alguna informaci\u00f3n que pueda servirnos para ampliar esta esperemos que gran colecci\u00f3n de datos de inter\u00e9s, para todos los fot\u00f3grafos, en la secci\u00f3n de <a href=\"http:\/\/www.fotonavia.net\/?page_id=2\">Contactos<\/a>\u00a0encontrar\u00e1s todos los datos\u00a0necesarios para contactar con nosotros y \u00a0que puedas aportar as\u00ed,\u00a0tu granito de arena a esta comunidad.<\/p>\n<p>.<\/p>\n<h2>Material fotogr\u00e1fico<\/h2>\n<ul>\n<li>\n<div><a href=\"https:\/\/www.fotonavia.com\/?page_id=334\"><strong><em>Siglas de objetivos<\/em><\/strong><\/a><\/div>\n<\/li>\n<li>\n<div><em><strong><a href=\"https:\/\/www.fotonavia.com\/?page_id=442\">Tama\u00f1os de los sensores de las c\u00e1maras fotogr\u00e1ficas<\/a><\/strong><\/em><\/div>\n<\/li>\n<li>\n<div><a href=\"https:\/\/www.fotonavia.com\/?page_id=369\"><strong><em>Tipos de objetivos<\/em><\/strong><\/a><\/div>\n<\/li>\n<\/ul>\n<p>.<\/p>\n<h2>Cuadros y Tablas de inter\u00e9s<\/h2>\n<ul>\n<li>\n<div><a href=\"https:\/\/www.fotonavia.com\/?page_id=314\"><strong><em>Orientaci\u00f3n del sol en las horas extremas del d\u00eda<\/em><\/strong><\/a><\/div>\n<\/li>\n<li>\n<div><em><strong><a href=\"https:\/\/www.fotonavia.com\/?page_id=642\">Tabla de equivalencias de exposiciones<\/a><\/strong><\/em><\/div>\n<\/li>\n<li>\n<div><a href=\"https:\/\/www.fotonavia.com\/?page_id=659\"><em><strong>Tabla para calcular largas exposiciones<\/strong><\/em><\/a><\/div>\n<\/li>\n<\/ul>\n","protected":false},"excerpt":{"rendered":"<p>Datos \u00fatiles \u00a0 Todo fot\u00f3grafo que quiera obtener unos resultados un poco mas all\u00e1 de los \u00abnormales\u00bb, debe tener ganas de buscar, observar, debe conocer t\u00e9cnicas, materiales, debe mirar muchas fotograf\u00edas&#8230; si&#8230; pero adem\u00e1s de todas esas cosas\u00a0que debemos conocer y dominar y que figuran en todos los dec\u00e1logos de todo buen fot\u00f3grafo,\u00a0 hay otros [&hellip;]<\/p>\n","protected":false},"author":1,"featured_media":0,"parent":0,"menu_order":5,"comment_status":"open","ping_status":"closed","template":"","meta":{"footnotes":""},"class_list":["post-303","page","type-page","status-publish","hentry"],"_links":{"self":[{"href":"https:\/\/www.fotonavia.com\/index.php?rest_route=\/wp\/v2\/pages\/303","targetHints":{"allow":["GET"]}}],"collection":[{"href":"https:\/\/www.fotonavia.com\/index.php?rest_route=\/wp\/v2\/pages"}],"about":[{"href":"https:\/\/www.fotonavia.com\/index.php?rest_route=\/wp\/v2\/types\/page"}],"author":[{"embeddable":true,"href":"https:\/\/www.fotonavia.com\/index.php?rest_route=\/wp\/v2\/users\/1"}],"replies":[{"embeddable":true,"href":"https:\/\/www.fotonavia.com\/index.php?rest_route=%2Fwp%2Fv2%2Fcomments&post=303"}],"version-history":[{"count":3,"href":"https:\/\/www.fotonavia.com\/index.php?rest_route=\/wp\/v2\/pages\/303\/revisions"}],"predecessor-version":[{"id":2276,"href":"https:\/\/www.fotonavia.com\/index.php?rest_route=\/wp\/v2\/pages\/303\/revisions\/2276"}],"wp:attachment":[{"href":"https:\/\/www.fotonavia.com\/index.php?rest_route=%2Fwp%2Fv2%2Fmedia&parent=303"}],"curies":[{"name":"wp","href":"https:\/\/api.w.org\/{rel}","templated":true}]}}