{"id":314,"date":"2010-01-01T17:52:21","date_gmt":"2010-01-01T16:52:21","guid":{"rendered":"http:\/\/s299004171.mialojamiento.es\/Fotonavia\/?page_id=314"},"modified":"2011-12-25T13:25:02","modified_gmt":"2011-12-25T12:25:02","slug":"orientacion-del-sol-en-las-horas-extremas-del-dia","status":"publish","type":"page","link":"https:\/\/www.fotonavia.com\/?page_id=314","title":{"rendered":"Orientaci\u00f3n del sol en las horas extremas del d\u00eda"},"content":{"rendered":"<h2 style=\"text-align: center;\">Orientaci\u00f3n del sol en las horas extremas del d\u00eda<\/h2>\n<p>Este es un diagrama, que junto a una br\u00fajula, te puede ser muy \u00fatil para predecir por donde aparecer\u00e1 el sol al amanecer, o por donde se pondr\u00e1 y con ello poder planificar mejor nuestros emplazamientos previos a estos momentos tan hermosos del d\u00eda, haciendo clic en la imagen la ver\u00e1s a su tama\u00f1o real y si vuelves a hacer clic esta vez con el bot\u00f3n derecho del rat\u00f3n sobre la imagen grande puedes escoger en el men\u00fa contextual la opci\u00f3n <strong><em>\u00abGuardar imagen como&#8230;\u00bb<\/em><\/strong> para\u00a0 descarg\u00e1rtela en tu ordenador e imprimirla para a\u00f1adirla a la documentaci\u00f3n de tu mochila.<\/p>\n<h4 style=\"text-align: center;\"><a href=\"http:\/\/s299004171.mialojamiento.es\/Fotonavia\/wp-content\/uploads\/2010\/01\/Orientacion-del-sol.jpg\"><img decoding=\"async\" class=\"alignnone  wp-image-308\" title=\"Orientacion del sol\" src=\"https:\/\/www.fotonavia.com\/wp-content\/uploads\/2010\/01\/Orientacion-del-sol-600x299.jpg\" alt=\"Haz &quot;Clic&quot; en la imagen para verla a tama\u00f1o completo.\" \/><\/a><\/h4>\n<address style=\"text-align: center;\"><em>Haz \u00abClic\u00bb en la imagen para poder verla a tama\u00f1o completo<\/em><\/address>\n<address style=\"text-align: center;\">.<\/address>\n<h4 style=\"text-align: center;\"><a href=\"http:\/\/s299004171.mialojamiento.es\/Fotonavia\/?page_id=303\">VOLVER A DATOS Y AYUDAS<\/a><\/h4>\n","protected":false},"excerpt":{"rendered":"<p>Orientaci\u00f3n del sol en las horas extremas del d\u00eda Este es un diagrama, que junto a una br\u00fajula, te puede ser muy \u00fatil para predecir por donde aparecer\u00e1 el sol al amanecer, o por donde se pondr\u00e1 y con ello poder planificar mejor nuestros emplazamientos previos a estos momentos tan hermosos del d\u00eda, haciendo clic [&hellip;]<\/p>\n","protected":false},"author":1,"featured_media":0,"parent":303,"menu_order":0,"comment_status":"closed","ping_status":"closed","template":"","meta":{"footnotes":""},"class_list":["post-314","page","type-page","status-publish","hentry"],"_links":{"self":[{"href":"https:\/\/www.fotonavia.com\/index.php?rest_route=\/wp\/v2\/pages\/314","targetHints":{"allow":["GET"]}}],"collection":[{"href":"https:\/\/www.fotonavia.com\/index.php?rest_route=\/wp\/v2\/pages"}],"about":[{"href":"https:\/\/www.fotonavia.com\/index.php?rest_route=\/wp\/v2\/types\/page"}],"author":[{"embeddable":true,"href":"https:\/\/www.fotonavia.com\/index.php?rest_route=\/wp\/v2\/users\/1"}],"replies":[{"embeddable":true,"href":"https:\/\/www.fotonavia.com\/index.php?rest_route=%2Fwp%2Fv2%2Fcomments&post=314"}],"version-history":[{"count":1,"href":"https:\/\/www.fotonavia.com\/index.php?rest_route=\/wp\/v2\/pages\/314\/revisions"}],"predecessor-version":[{"id":1809,"href":"https:\/\/www.fotonavia.com\/index.php?rest_route=\/wp\/v2\/pages\/314\/revisions\/1809"}],"up":[{"embeddable":true,"href":"https:\/\/www.fotonavia.com\/index.php?rest_route=\/wp\/v2\/pages\/303"}],"wp:attachment":[{"href":"https:\/\/www.fotonavia.com\/index.php?rest_route=%2Fwp%2Fv2%2Fmedia&parent=314"}],"curies":[{"name":"wp","href":"https:\/\/api.w.org\/{rel}","templated":true}]}}