{"id":334,"date":"2010-01-02T17:59:39","date_gmt":"2010-01-02T16:59:39","guid":{"rendered":"http:\/\/s299004171.mialojamiento.es\/Fotonavia\/?page_id=334"},"modified":"2010-01-02T17:59:39","modified_gmt":"2010-01-02T16:59:39","slug":"siglas-de-objetivos","status":"publish","type":"page","link":"https:\/\/www.fotonavia.com\/?page_id=334","title":{"rendered":"Siglas de objetivos"},"content":{"rendered":"<h2 style=\"text-align: center;\">Siglas de objetivos<\/h2>\n<p style=\"text-align: center;\">En primer lugar quiero aclarar algunos conceptos sobre varios detalles que facilitaran la comprensi\u00f3n de las definiciones de las siglas que se\u00a0definen en este art\u00edculo, os recomiendo leer <a href=\"http:\/\/s299004171.mialojamiento.es\/Fotonavia\/?page_id=349\">el articulo dedicado al tama\u00f1o de los sensores<\/a>, para tener mas clara la diferencia entre\u00a0formatos <strong><em>Full Frame<\/em><\/strong> y <strong><em>DX<\/em><\/strong> por ejemplo, aparte de esto\u00a0os comento varias definiciones<\/p>\n<ul>\n<li><strong>SLR<\/strong> &#8211;\u00a0\u00a0C\u00e1mara anal\u00f3gica r\u00e9flex objetivos intercambiables\u00a0.<\/li>\n<li><strong>DSLR<\/strong> &#8211;\u00a0\u00a0C\u00e1mara con sensor digital r\u00e9flex objetivos intercambiables\u00a0.<\/li>\n<li><strong>APS-C<\/strong> &#8211; Advanced Photo System C, es decir, Sistema Avanzado de fotografia tipo \u00abC\u00bb Clasic, con unas porporciones de 3:2 al igual que en la fotograf\u00eda de 35 mm. pero con un sensor de tama\u00f1o menor, concretamente de 25.1 x 16.7 mm.<\/li>\n<li><strong>FF (Full Frame)<\/strong> &#8211; Tama\u00f1o completo, se refiere a un tama\u00f1o igual al de un negativo clasico o una diapositiva, suele referirse al tama\u00f1o del sensor de 36&#215;24 mm.<\/li>\n<\/ul>\n<p>Aunque la mayor\u00eda de las siglas aqu\u00ed recopiladas, son bastante conocidas por\u00a0muchos\u00a0aficionados a la fotograf\u00eda, estoy seguro que a mas de uno nos servir\u00e1n para confirmar si el objetivo que buscamos en un momento dado es lo que pensamos o no.<\/p>\n<p>Toda la informaci\u00f3n ha sido clasificada por marcas, para su f\u00e1cil localizaci\u00f3n y para evitar confusiones ya que en algunas marcas se utilizan las mismas siglas para definir algo, cuando\u00a0en otras marcas esa misma sigla, no significa lo mismo.<\/p>\n<p>.<\/p>\n<h2><span style=\"text-decoration: underline;\">Canon<\/span><\/h2>\n<p><strong>AL<\/strong> &#8212; Lentes asf\u00e9ricas.<br \/>\n<strong>CA<\/strong> &#8212; Apertura circular.<br \/>\n<strong>CaF2<\/strong> &#8212; Lentes de fluorita.<br \/>\n<strong>DO<\/strong> &#8212; Elementos difractivos.<br \/>\n<strong>EF<\/strong> &#8212; Enfoque electr\u00f3nico (Comprende casi toda la gama EOS).<br \/>\n<strong>EF-S<\/strong> &#8212; Enfoque electr\u00f3nico, pero exclusivamente para c\u00e1maras con factor x1.6 (APS).<br \/>\n<strong>Float<\/strong> &#8212; Elementos flotantes.<br \/>\n<strong>FT-M<\/strong> &#8212; Enfoque con motor desembragable.<br \/>\n<strong>I\/R<\/strong>&#8212; \u00a0Enfoque trasero interno.<br \/>\n<strong>IS<\/strong> &#8212; Estabilizador de imagen.<br \/>\n<strong>L<\/strong> &#8212; Serie profesional.<br \/>\n<strong>MP-E<\/strong> &#8212; Objetivos macro de enfoque manual con diafragma electr\u00f3nico.<br \/>\n<strong>S-UD<\/strong> &#8212; Elementos de muy baja dispersi\u00f3n.<br \/>\n<strong>TS-E<\/strong> &#8212; Objetivos descentrables y basculantes.<br \/>\n<strong>UD<\/strong> &#8212; Elementos de baja dispersi\u00f3n.<br \/>\n<strong>USM<\/strong> &#8212; Motor ultras\u00f3nico.<\/p>\n<p>.<\/p>\n<h2><span style=\"text-decoration: underline;\">Nikon<\/span><\/h2>\n<p><strong>C<\/strong> &#8212;\u00a0\u00a0Inicial para indicar \u00f3pticas con revestimiento (coated) que se dej\u00f3 de usar en el momento en el que todas lo llevaban, bueno, si no todas la mayor\u00eda, de esto no estoy seguro.<br \/>\n<strong>AI<\/strong> &#8212;\u00a0\u00a0Enfoque manual que en acoplador del fot\u00f3metro llevaba \u00abAperture Indexing\u00bb.<br \/>\n<strong>AI-S<\/strong> &#8212;\u00a0\u00a0Enfoque manual con Auto (apertura) Indexing&#8230;sucediendo al AI. El objetivo tiene una muesca en el anillo de apertura para permitir que la c\u00e1mara detecte la apertura actual. El AI-S incorpor\u00f3 una leng\u00fceta en la parte posterior del objetivo que afect\u00f3 a la medici\u00f3n en ciertas c\u00e1maras con m\u00e1s &#8216;a\u00f1itos&#8217;.<br \/>\n<strong>AI-P<\/strong> &#8212; AI con Program&#8230; como una variaci\u00f3n del AI-S incorporando &#8216;CPU&#8217;.<br \/>\n<strong>P<\/strong> &#8212; Program&#8230; objetivos manuales sin adaptador AI.<br \/>\n<strong>E o Series E<\/strong> &#8212;\u00a0\u00a0Serie de objetivos baratos de cara al &#8216;aficionado&#8217; con enfoque manual&#8230;la marca Nikon en lugar de Nikkor.<br \/>\n<strong>AF &#8212; <\/strong>Esta ser\u00eda la denominaci\u00f3n original del autofoco-autofocus, para explicar que el enfoque se produc\u00eda por el motor interno del cuerpo.<br \/>\n<strong>DX<\/strong> &#8212; \u00d3pticas dise\u00f1adas para su uso en c\u00e1maras digitales \u00abno Full Frame\u00bb.<br \/>\n<strong>AF-I<\/strong> &#8212; Objetivos de Autofocus-Internal&#8230; un sistema de enfoque interno usado en grandes teles (300 mm f\/2.8 hasta 600 mm f\/4.0)&#8230; en el a\u00f1o 1996 se reemplaz\u00f3 por el AF-S&#8230;<br \/>\n<strong>AF-S y SWM<\/strong> &#8212; Objetivo con motor ultras\u00f3nico interno.<br \/>\n<strong>ED<\/strong> &#8212; Objetivo con cristal de muy baja dispersi\u00f3n usados para corregir las aberraciones crom\u00e1ticas y que actualmente ya existen bajo el nombre de <strong>&#8216;Super-ED&#8217;<\/strong>.<br \/>\n<strong>IF<\/strong> &#8212; Objetivo con motor de enfoque interno.<br \/>\n<strong>N<\/strong> &#8212; Objetivo con recubrimiento de nanocristal&#8230; (de lo mejorcito actualmente&#8230;).<br \/>\n<strong>G<\/strong> &#8212; Objetivo sin anillo de diafragma pero con las caracter\u00edsticas de los tipo <strong>D<\/strong>,\u00a0\u00a0osea que se requiere un cuerpo que controle la abertura o de lo contrario solo se podr\u00e1 usar el objetivo con prioridad a la apertura en modos programados.<br \/>\n<strong>D<\/strong> &#8212; El objetivo\u00a0 informa de la distancia de enfoque a la c\u00e1mara para mejorar la medici\u00f3n de luz continua y flash.<br \/>\n<strong>DC<\/strong> &#8212; Objetivos con control de desenfoque ideales para un control total de la profundidad de campo.<br \/>\n<strong>PC<\/strong> &#8212; Objetivos con movimiento de descentramiento e inclinaci\u00f3n.<br \/>\n<strong>IX <\/strong>&#8212;\u00a0\u00a0Objetivos dise\u00f1ados para el sistema Pronea APS&#8230; todos eran autofocus y solo compatibles con las c\u00e1maras Pronea&#8230;<br \/>\n<strong>Micro<\/strong> &#8212; Objetivos con la capacidad de realizar aumento para la fotograf\u00eda macro.<br \/>\n<strong>VR<\/strong> &#8212; Objetivos con estabilizador de imagen.<br \/>\n<strong>VRII<\/strong> &#8212; Objetivos con estabilizador de imagen de segunda generaci\u00f3n.<\/p>\n<p>Mas sobre las siglas de Nikon&#8230;<\/p>\n<p><strong>Pre-AI<\/strong> \u00f3 <strong>Non-AI<\/strong> \u00f3 <strong>NAI<\/strong>: montura <strong>F<\/strong> original con acoplador para el fot\u00f3metro&#8230; (solo en lentes bastante antiguas)<\/p>\n<p><strong>U, B, T, Q, P, H, S, O, N, D<\/strong>: esto lo puedes encontrar detr\u00e1s o delante de la palabra &#8216;nikkor&#8217; en los primeros objetivos, referido al n\u00famero de elementos empleados en su dise\u00f1o&#8230;<br \/>\nlas iniciales creo que se corresponden con <strong>U<\/strong>ns &#8216;1&#8217;, <strong>B<\/strong>ini &#8216;2&#8217;, <strong>T<\/strong>res &#8216;3&#8217;, <strong>Q<\/strong>uatour &#8216;4&#8217;, <strong>P<\/strong>ente &#8216;5&#8217;, <strong>H<\/strong>ex &#8216;6&#8217;, <strong>S<\/strong>eptem &#8216;7&#8217;, <strong>O<\/strong>cto &#8216;8&#8217;, <strong>N<\/strong>ovem &#8216;9&#8217; y el <strong>D<\/strong>ecem &#8217;10&#8217;&#8230;<\/p>\n<p>.<\/p>\n<h2><span style=\"text-decoration: underline;\">Tamron<\/span><\/h2>\n<p><strong>AD<\/strong> &#8212;Dispersi\u00f3n an\u00f3mala .<br \/>\n<strong>ASL<\/strong> &#8212;Lentes asf\u00e9ricas.<br \/>\n<strong>Di\u00a0&#8212;<\/strong> Objetivo para c\u00e1maras SLR digitales y anal\u00f3gicas.<br \/>\n<strong>Dii\u00a0&#8212;<\/strong> Nueva generaci\u00f3n de objetivos con dise\u00f1o\u00a0exclusivo para c\u00e1maras digitales \u00abno Full Frame\u00bb.<br \/>\n<strong>XR\u00a0&#8212;<\/strong> Objetivo con un cristal con\u00a0mayor \u00edndice de refracci\u00f3n.<br \/>\n<strong>SP<\/strong> &#8212; Objetivo construido con elementos de baja dispersi\u00f3n.<br \/>\n<strong>IF<\/strong> &#8212; Objetivo con \u00a0sistema de enfoque interno.<br \/>\n<strong>LD<\/strong> &#8212; Lentes baja dispersi\u00f3n.<br \/>\n<strong>LD XR<\/strong> &#8212; Lente con componentes de cristal especial de gran valor.<br \/>\n<strong>VC<\/strong> &#8212; Objetivo equipado de estabilizador de imagen.<\/p>\n<p>.<\/p>\n<h2><span style=\"text-decoration: underline;\">Tokina<\/span><\/h2>\n<p><strong>ATX<\/strong> &#8212; Gama de alta calidad .<br \/>\n<strong>ATX-Pro<\/strong> &#8212;Gama profesional .<br \/>\n<strong>FE<\/strong> &#8212; Elementos flotantes .<br \/>\n<strong>FC<\/strong> &#8212;Enfoque con motor desembragable .<br \/>\n<strong>FC-One Touch<\/strong> &#8212;Enfoque con motor desembragable, con anillo desplazable para pasar de auto a manual .<br \/>\n<strong>F&amp;R Aspherical<\/strong> &#8212;Elementos delantero y trasero asf\u00e9ricos (corregido el astigmatismo) .<br \/>\n<strong>HLD<\/strong> &#8212;Elementos de alta refracci\u00f3n y baja dispersi\u00f3n .<br \/>\n<strong>IF<\/strong> &#8212;Enfoque interno .<br \/>\n<strong>IRF<\/strong> &#8212;Enfoque interno trasero .<br \/>\n<strong>MC<\/strong> &#8212;Recubrimientos multicapa .<br \/>\n<strong>SD<\/strong> &#8212;Elementos de muy baja dispersi\u00f3n .<\/p>\n<p>.<\/p>\n<h2><span style=\"text-decoration: underline;\">Sigma<\/span><\/h2>\n<p><strong>ASP\u00a0&#8212;<\/strong>Lente con ensamblaje de elementos asf\u00e9ricos<br \/>\n<strong>APO\u00a0&#8212;<\/strong>Construido con cristales de baja dispersi\u00f3n.<br \/>\n<strong>DC\u00a0&#8212;<\/strong> Objetivo para c\u00e1maras digitales pero \u00abno Full Frame\u00bb.<br \/>\n<strong>DG\u00a0&#8212; <\/strong>Objetivo<strong> <\/strong>para c\u00e1maras \u00abFull Frame\u00bb.<br \/>\n<strong>EX<\/strong> &#8212;\u00a0 Objetivo profesional con renovado dise\u00f1o \u00f3ptico y mec\u00e1nico.<br \/>\n<strong>HSM<\/strong> &#8212; Objetivo con motor ultras\u00f3nico\u00a0\u00a0(AF\u00a0m\u00e1s r\u00e1pido y silencioso).<br \/>\n<strong>OS<\/strong> &#8212; Objetivo con estabilizador de imagen.<\/p>\n<p>.<\/p>\n<h2><span style=\"text-decoration: underline;\">Sony (Conica y Minolta)<\/span><\/h2>\n<p><strong>AD<\/strong> &#8212; Dispersi\u00f3n an\u00f3mala.<br \/>\n<strong>DT<\/strong> &#8212; Exclusivamente para c\u00e1maras con factor x1.6 (APS) .<br \/>\n<strong>G<\/strong> &#8212; Serie profesional.<br \/>\n<strong>SSM<\/strong> &#8212; Motor supers\u00f3nico.<br \/>\n<strong>AF<\/strong> &#8212; Autoenfoque.<br \/>\n<strong>REFLEX<\/strong> &#8212; Objetivo catadi\u00f3ptrico (espejos).<br \/>\n<strong>ADI<\/strong> &#8212; Indicaci\u00f3n al flash con integraci\u00f3n de la distancia de enfoque.<br \/>\n<strong>DMF<\/strong> &#8212; Enfoque con motor desembragable.<br \/>\n<strong>STF<\/strong> &#8212; Desenfoque suave.<\/p>\n<p>.<\/p>\n<p>He de decir que la mayor\u00eda de esta informaci\u00f3n la he ido recopilando con el tiempo de algunas webs y foros y de la Wikipedia, por lo que como siempre,\u00a0doy desde aqu\u00ed todo\u00a0mi agradecimiento\u00a0a todos aquellos que comparten su sapiencia con el resto de los mortales.<\/p>\n<p>Esperamos que si hay alg\u00fan dato incorrecto nos lo comenteis para corregirlo y esperemos tambien con vuestras aportaciones \u00abvia comentarios\u00bb \u00f3 \u00abvia email\u00bb poder ampliar y mejorar esta lista de datos para\u00a0ofrecer mayor informaci\u00f3n\u00a0a todo aquel que la necesite.<\/p>\n<h5 style=\"text-align: right;\">MUCHAS GRACIAS.<\/h5>\n<h4 style=\"text-align: center;\"><a href=\"http:\/\/s299004171.mialojamiento.es\/Fotonavia\/?page_id=303\">VOLVER A DATOS \u00daTILES<\/a><\/h4>\n","protected":false},"excerpt":{"rendered":"<p>Siglas de objetivos En primer lugar quiero aclarar algunos conceptos sobre varios detalles que facilitaran la comprensi\u00f3n de las definiciones de las siglas que se\u00a0definen en este art\u00edculo, os recomiendo leer el articulo dedicado al tama\u00f1o de los sensores, para tener mas clara la diferencia entre\u00a0formatos Full Frame y DX por ejemplo, aparte de esto\u00a0os [&hellip;]<\/p>\n","protected":false},"author":1,"featured_media":0,"parent":303,"menu_order":0,"comment_status":"closed","ping_status":"closed","template":"","meta":{"footnotes":""},"class_list":["post-334","page","type-page","status-publish","hentry"],"_links":{"self":[{"href":"https:\/\/www.fotonavia.com\/index.php?rest_route=\/wp\/v2\/pages\/334","targetHints":{"allow":["GET"]}}],"collection":[{"href":"https:\/\/www.fotonavia.com\/index.php?rest_route=\/wp\/v2\/pages"}],"about":[{"href":"https:\/\/www.fotonavia.com\/index.php?rest_route=\/wp\/v2\/types\/page"}],"author":[{"embeddable":true,"href":"https:\/\/www.fotonavia.com\/index.php?rest_route=\/wp\/v2\/users\/1"}],"replies":[{"embeddable":true,"href":"https:\/\/www.fotonavia.com\/index.php?rest_route=%2Fwp%2Fv2%2Fcomments&post=334"}],"version-history":[{"count":0,"href":"https:\/\/www.fotonavia.com\/index.php?rest_route=\/wp\/v2\/pages\/334\/revisions"}],"up":[{"embeddable":true,"href":"https:\/\/www.fotonavia.com\/index.php?rest_route=\/wp\/v2\/pages\/303"}],"wp:attachment":[{"href":"https:\/\/www.fotonavia.com\/index.php?rest_route=%2Fwp%2Fv2%2Fmedia&parent=334"}],"curies":[{"name":"wp","href":"https:\/\/api.w.org\/{rel}","templated":true}]}}