{"id":442,"date":"2010-01-03T20:26:45","date_gmt":"2010-01-03T19:26:45","guid":{"rendered":"http:\/\/s299004171.mialojamiento.es\/Fotonavia\/?page_id=442"},"modified":"2011-12-25T13:26:47","modified_gmt":"2011-12-25T12:26:47","slug":"otra","status":"publish","type":"page","link":"https:\/\/www.fotonavia.com\/?page_id=442","title":{"rendered":"Tama\u00f1os de los sensores digitales"},"content":{"rendered":"<h2>Tama\u00f1os de los sensores digitales.<\/h2>\n<p>Partiremos de la base de que se suele considerar como <em>Sensor Standard<\/em> al sensor denominado habitualmente <strong><em>Full Frame<\/em><\/strong> ya que se corresponde exactamente al tama\u00f1o que ten\u00edan las diapositivas y los negativos de los fotogramas de las pel\u00edculas fotogr\u00e1ficas de las c\u00e1maras SLR, denominadas <strong><em>anal\u00f3gicas,<\/em><\/strong> es decir las cl\u00e1sicas c\u00e1maras de 35 mm. que dominaron el mundo de la fotograf\u00eda durante la mayor parte de su historia, es decir llamaremos <em><strong>Full Frame<\/strong><\/em> (tama\u00f1o completo, en ingles) a los sensores de un tama\u00f1o de 36 mm. de ancho por 24 mm. de alto.<\/p>\n<p>El siguiente cuadro, obtenido a partir de uno que se encuentra disponible en la Wikipedia, para entender la influencia del tama\u00f1o de los sensores de las c\u00e1maras digitales en la distancia focal de los objetivos, podemos ver en la columna en cuya cabecera figura 35mm. (full frame) donde se cruza con la fila denominada <em>Factor de recorte<\/em> le otorgan un valor de <strong>1.0<\/strong>, dicho de otro modo&#8230; un coeficiente multiplicador de focal igual a <strong>1x<\/strong> pero \u00bfque quiere decir esto&#8230;? pues esto quiere decir que este es el valor por el que tendr\u00edamos que multiplicar la distancia focal de un objetivo usado en una c\u00e1mara con este sensor, para saber cual ser\u00eda su equivalente en las tradicionales <strong><em>c\u00e1maras anal\u00f3gicas&#8230; <\/em><\/strong>y que cuando por ejemplo montamos en una c\u00e1mara DSLR equipada con este sensor, un objetivo de 50 mm. tendremos una imagen equivalente a la que se obten\u00eda anteriormente con una <strong><em>c\u00e1mara anal\u00f3gica<\/em><\/strong> y una \u00f3ptica de 50 mm. ya que <strong>50 mm. x 1= 50 mm.<\/strong><\/p>\n<p><a href=\"http:\/\/s299004171.mialojamiento.es\/Fotonavia\/wp-content\/uploads\/2010\/01\/Tama-sensores.jpg\"><img loading=\"lazy\" decoding=\"async\" width=\"596\" height=\"169\" class=\"wp-image-428 aligncenter\" title=\"Tama-sensores\" src=\"https:\/\/www.fotonavia.com\/wp-content\/uploads\/2010\/01\/Tama-sensores.jpg\" alt=\"\" srcset=\"https:\/\/www.fotonavia.com\/wp-content\/uploads\/2010\/01\/Tama-sensores.jpg 596w, https:\/\/www.fotonavia.com\/wp-content\/uploads\/2010\/01\/Tama-sensores-300x85.jpg 300w\" sizes=\"auto, (max-width: 596px) 100vw, 596px\" \/><\/a><\/p>\n<p>&nbsp;<\/p>\n<p>Imaginemos que este mismo objetivo lo us\u00e1semos en una c\u00e1mara <strong>Nikon DX,<\/strong> si os fij\u00e1is en el cuadro, el <em>Factor de recorte<\/em> de este sensor es <strong>1,52 <\/strong>esto quiere decir que este objetivo montado en una c\u00e1mara con este sensor se comportar\u00eda como uno de 76 mm. en una <strong><em>c\u00e1mara anal\u00f3gica<\/em><\/strong> <em>(que es la referencia para hacernos una idea)<\/em> ya que <strong>50 mm. x 1.52= 76 mm.<\/strong> es decir, como un teleobjetivo corto, con todas sus ventajas y sus desventajas.<\/p>\n<p>En el siguiente recuadro vemos a tama\u00f1o real (o casi&#8230;) la diferencia existente entre los diferentes sensores digitales de c\u00e1maras fotogr\u00e1ficas, los cuadros azulados corresponden al tama\u00f1o full frame y sirven de referencia para comparar con los tama\u00f1os de los diferentes sensores mostrados y cuyas \u00e1reas est\u00e1n rellenadas de color gris.<\/p>\n<p>&nbsp;<\/p>\n<p><a href=\"http:\/\/s299004171.mialojamiento.es\/Fotonavia\/wp-content\/uploads\/2010\/01\/Tamasensores.jpg\"><img loading=\"lazy\" decoding=\"async\" width=\"580\" height=\"812\" class=\"wp-image-427 aligncenter\" title=\"Tamasensores\" src=\"https:\/\/www.fotonavia.com\/wp-content\/uploads\/2010\/01\/Tamasensores.jpg\" alt=\"\" srcset=\"https:\/\/www.fotonavia.com\/wp-content\/uploads\/2010\/01\/Tamasensores.jpg 580w, https:\/\/www.fotonavia.com\/wp-content\/uploads\/2010\/01\/Tamasensores-214x300.jpg 214w\" sizes=\"auto, (max-width: 580px) 100vw, 580px\" \/><\/a><\/p>\n<p>Es evidente que estas diferencias de tama\u00f1o, no solo influyen en el factor de multiplicaci\u00f3n de las focales de los objetivos, tambi\u00e9n influyen y mucho en la posibilidad de ampliaci\u00f3n de las im\u00e1genes capturadas con ellos, parece mas que claro que no es lo mismo partir de un original full frame que \u00abcuatro tercios\u00bb (Four Thirds System) para ampliar una fotograf\u00eda a \u00abtama\u00f1o p\u00f3ster\u00bb&#8230; ya que si observamos el cuadro anterior la diferencia de \u00e1reas entre ambos sensores es abismal&#8230; de 864 mm\u00b2 a 225 mm\u00b2, por lo tanto la pixelizaci\u00f3n de ambas fotograf\u00edas ser\u00eda muy diferente.<\/p>\n<p>Resumiendo, cuanto m\u00e1s grande es el sensor, m\u00e1s podremos ampliar nuestras fotograf\u00edas sin perdidas de calidad apreciables, pero claro&#8230; m\u00e1s caro ser\u00e1 nuestro equipo, cada uno tendr\u00e1 que valorar cuales son sus prioridades, cuales sus necesidades y decidir en consecuencia, espero haber podido ayudaros a aclarar algunas de vuestras dudas.<\/p>\n<h4 style=\"text-align: center;\"><a href=\"http:\/\/s299004171.mialojamiento.es\/Fotonavia\/?page_id=303\">VOLVER A DATOS \u00daTILES<\/a><\/h4>\n","protected":false},"excerpt":{"rendered":"<p>Tama\u00f1os de los sensores digitales. Partiremos de la base de que se suele considerar como Sensor Standard al sensor denominado habitualmente Full Frame ya que se corresponde exactamente al tama\u00f1o que ten\u00edan las diapositivas y los negativos de los fotogramas de las pel\u00edculas fotogr\u00e1ficas de las c\u00e1maras SLR, denominadas anal\u00f3gicas, es decir las cl\u00e1sicas c\u00e1maras [&hellip;]<\/p>\n","protected":false},"author":1,"featured_media":0,"parent":303,"menu_order":0,"comment_status":"closed","ping_status":"closed","template":"","meta":{"footnotes":""},"class_list":["post-442","page","type-page","status-publish","hentry"],"_links":{"self":[{"href":"https:\/\/www.fotonavia.com\/index.php?rest_route=\/wp\/v2\/pages\/442","targetHints":{"allow":["GET"]}}],"collection":[{"href":"https:\/\/www.fotonavia.com\/index.php?rest_route=\/wp\/v2\/pages"}],"about":[{"href":"https:\/\/www.fotonavia.com\/index.php?rest_route=\/wp\/v2\/types\/page"}],"author":[{"embeddable":true,"href":"https:\/\/www.fotonavia.com\/index.php?rest_route=\/wp\/v2\/users\/1"}],"replies":[{"embeddable":true,"href":"https:\/\/www.fotonavia.com\/index.php?rest_route=%2Fwp%2Fv2%2Fcomments&post=442"}],"version-history":[{"count":1,"href":"https:\/\/www.fotonavia.com\/index.php?rest_route=\/wp\/v2\/pages\/442\/revisions"}],"predecessor-version":[{"id":1810,"href":"https:\/\/www.fotonavia.com\/index.php?rest_route=\/wp\/v2\/pages\/442\/revisions\/1810"}],"up":[{"embeddable":true,"href":"https:\/\/www.fotonavia.com\/index.php?rest_route=\/wp\/v2\/pages\/303"}],"wp:attachment":[{"href":"https:\/\/www.fotonavia.com\/index.php?rest_route=%2Fwp%2Fv2%2Fmedia&parent=442"}],"curies":[{"name":"wp","href":"https:\/\/api.w.org\/{rel}","templated":true}]}}