{"id":494,"date":"2010-01-16T21:15:20","date_gmt":"2010-01-16T20:15:20","guid":{"rendered":"http:\/\/s299004171.mialojamiento.es\/Fotonavia\/?page_id=494"},"modified":"2013-12-15T14:41:18","modified_gmt":"2013-12-15T13:41:18","slug":"enfoque-rapido-en-photoshop-para-subir-a-web","status":"publish","type":"page","link":"https:\/\/www.fotonavia.com\/?page_id=494","title":{"rendered":"Enfoque r\u00e1pido en Photoshop para Web"},"content":{"rendered":"<h1 style=\"text-align: center;\"><a href=\"https:\/\/www.fotonavia.com\/?page_id=95\" target=\"_blank\">Trucos y Tutoriales<\/a><\/h1>\n<h6 style=\"text-align: center;\">AJUSTES\u00a0 EN\u00a0 PHOTOSHOP<\/h6>\n<h2 style=\"text-align: center;\">ENFOQUE R\u00c1PIDO EN PHOTOSHOP PARA WEB<\/h2>\n<p style=\"text-align: center;\">\u00a0<\/p>\n<p style=\"text-align: left;\">Aqu\u00ed os muestro un sistema de enfoque de im\u00e1genes. Es sencillo, r\u00e1pido y no crea halos. \u00a1Es exclusivo para subir a Web!<\/p>\n<p style=\"text-align: left;\">Proceso paso a paso:<\/p>\n<p style=\"text-align: left;\">1\u00ba Imagen\/Tama\u00f1o de imagen. Y ponemos el doble p\u00edxeles del tama\u00f1o que va a tener la imagen definitiva.<\/p>\n<p><a rel=\"attachment wp-att-480\" href=\"https:\/\/www.fotonavia.com\/?attachment_id=480\"><img decoding=\"async\" class=\"aligncenter\" src=\"https:\/\/www.fotonavia.com\/wp-content\/uploads\/2010\/01\/Captura-de-pantalla-2010-01-16-a-las-09.47.282.png\" alt=\"\" \/><\/a><\/p>\n<p style=\"text-align: left;\">2\u00ba Filtro\/Enfocar\/Enfocar. Este paso lo repetimos una, dos, tres&#8230; seg\u00fan nosotros lo veamos adecuado.<\/p>\n<p style=\"text-align: left;\">3\u00ba Volvemos a cambiar el tama\u00f1o de la imagen al tama\u00f1o definitivo. Imagen\/Tama\u00f1o de imagen.<\/p>\n<p><a rel=\"attachment wp-att-481\" href=\"https:\/\/www.fotonavia.com\/?attachment_id=481\"><img decoding=\"async\" class=\"aligncenter\" src=\"https:\/\/www.fotonavia.com\/wp-content\/uploads\/2010\/01\/Captura-de-pantalla-2010-01-16-a-las-09.54.521.png\" alt=\"\" \/><\/a><\/p>\n<p style=\"text-align: left;\">3\u00ba Solo nos falta guardar la imagen en formato JPEG.<\/p>\n<p style=\"text-align: left;\">RESULTADOS<\/p>\n<p style=\"text-align: left;\">Imagen con el doble de p\u00edxeles sin enfocar.<\/p>\n<p><a rel=\"attachment wp-att-482\" href=\"https:\/\/www.fotonavia.com\/?attachment_id=482\"><img decoding=\"async\" class=\"aligncenter\" src=\"https:\/\/www.fotonavia.com\/wp-content\/uploads\/2010\/01\/Tama\u00f1o_doble_sin_enfocar2.png\" alt=\"\" \/><\/a><\/p>\n<p style=\"text-align: left;\">Imagen con Filtro\/Enfocar\/Enfocar, aplicado tres veces. Aparentemente la imagen est\u00e1 estropeada&#8230; pasada de enfoque.<\/p>\n<p><a rel=\"attachment wp-att-483\" href=\"https:\/\/www.fotonavia.com\/?attachment_id=483\"><img decoding=\"async\" class=\"aligncenter\" src=\"https:\/\/www.fotonavia.com\/wp-content\/uploads\/2010\/01\/Tama\u00f1o_doble_con_enfocar1.png\" alt=\"\" \/><\/a><\/p>\n<p style=\"text-align: left;\">Imagen definitiva, bajada al tama\u00f1o final de 800 p\u00edxeles por el lado mayor.<\/p>\n<p><a rel=\"attachment wp-att-484\" href=\"https:\/\/www.fotonavia.com\/?attachment_id=484\"><img decoding=\"async\" class=\"aligncenter\" src=\"https:\/\/www.fotonavia.com\/wp-content\/uploads\/2010\/01\/Imagen_definitiva1.png\" alt=\"\" \/><\/a><\/p>\n<p style=\"text-align: left;\">Es otro m\u00e9todo de enfoque, f\u00e1cil y r\u00e1pido. Adem\u00e1s se puede crear una acci\u00f3n que automatice el proceso.<\/p>\n<p style=\"text-align: left;\">Espero que os sea de utilidad.<\/p>\n<div style=\"text-align: center;\"><strong>\u00a0<\/strong><\/div>\n<div style=\"text-align: center;\"><strong><a href=\"https:\/\/www.fotonavia.com\/?page_id=95\" target=\"_blank\">VOLVER A TRUCOS Y TUTORIALES<\/a><\/strong><\/div>\n","protected":false},"excerpt":{"rendered":"<p>Trucos y Tutoriales AJUSTES\u00a0 EN\u00a0 PHOTOSHOP ENFOQUE R\u00c1PIDO EN PHOTOSHOP PARA WEB \u00a0 Aqu\u00ed os muestro un sistema de enfoque de im\u00e1genes. Es sencillo, r\u00e1pido y no crea halos. \u00a1Es exclusivo para subir a Web! Proceso paso a paso: 1\u00ba Imagen\/Tama\u00f1o de imagen. Y ponemos el doble p\u00edxeles del tama\u00f1o que va a tener la [&hellip;]<\/p>\n","protected":false},"author":2,"featured_media":0,"parent":95,"menu_order":0,"comment_status":"closed","ping_status":"closed","template":"","meta":{"footnotes":""},"class_list":["post-494","page","type-page","status-publish","hentry"],"_links":{"self":[{"href":"https:\/\/www.fotonavia.com\/index.php?rest_route=\/wp\/v2\/pages\/494","targetHints":{"allow":["GET"]}}],"collection":[{"href":"https:\/\/www.fotonavia.com\/index.php?rest_route=\/wp\/v2\/pages"}],"about":[{"href":"https:\/\/www.fotonavia.com\/index.php?rest_route=\/wp\/v2\/types\/page"}],"author":[{"embeddable":true,"href":"https:\/\/www.fotonavia.com\/index.php?rest_route=\/wp\/v2\/users\/2"}],"replies":[{"embeddable":true,"href":"https:\/\/www.fotonavia.com\/index.php?rest_route=%2Fwp%2Fv2%2Fcomments&post=494"}],"version-history":[{"count":4,"href":"https:\/\/www.fotonavia.com\/index.php?rest_route=\/wp\/v2\/pages\/494\/revisions"}],"predecessor-version":[{"id":2239,"href":"https:\/\/www.fotonavia.com\/index.php?rest_route=\/wp\/v2\/pages\/494\/revisions\/2239"}],"up":[{"embeddable":true,"href":"https:\/\/www.fotonavia.com\/index.php?rest_route=\/wp\/v2\/pages\/95"}],"wp:attachment":[{"href":"https:\/\/www.fotonavia.com\/index.php?rest_route=%2Fwp%2Fv2%2Fmedia&parent=494"}],"curies":[{"name":"wp","href":"https:\/\/api.w.org\/{rel}","templated":true}]}}