{"id":538,"date":"2010-03-12T21:39:31","date_gmt":"2010-03-12T20:39:31","guid":{"rendered":"http:\/\/www.fotonavia.net\/?page_id=538"},"modified":"2013-12-15T14:48:01","modified_gmt":"2013-12-15T13:48:01","slug":"538-2","status":"publish","type":"page","link":"https:\/\/www.fotonavia.com\/?page_id=538","title":{"rendered":"M\u00e9todos b\u00e1sicos de conversion a Blanco y Negro"},"content":{"rendered":"<h1 style=\"text-align: center;\"><a href=\"https:\/\/www.fotonavia.com\/?page_id=95\" target=\"_blank\">Trucos y Tutoriales<\/a><\/h1>\n<p style=\"text-align: center;\">\n<h6 style=\"text-align: center;\">BLANCO Y NEGRO<\/h6>\n<h3 style=\"text-align: center;\">M\u00c9TODOS B\u00c1SICOS DE CONVERSI\u00d3N A BLANCO Y NEGRO<\/h3>\n<p style=\"text-align: center;\">\u00a0<\/p>\n<p style=\"text-align: center;\">\n<p style=\"text-align: left;\">Aqu\u00ed veremos algunos m\u00e9todos para que pasar fotos de Color a Blanco y Negro sin ning\u00fan problema.<\/p>\n<p style=\"text-align: left;\">En estas de t\u00e9cnicas de conversi\u00f3n a Blanco y Negro hay que tener en cuenta \u00a0los resultados\u00a0 son autom\u00e1ticos, pru\u00e9balos todos, son muy sencillos.<\/p>\n<p style=\"text-align: left;\">La foto con la que os ir\u00e9 mostrando ejemplos ser\u00e1 esta:<\/p>\n<p style=\"text-align: center;\"><a href=\"https:\/\/www.fotonavia.com\/wp-content\/uploads\/2010\/03\/DSC_4712.jpg\"><img loading=\"lazy\" decoding=\"async\" class=\"alignnone size-large wp-image-545\" title=\"DSC_4712\" src=\"https:\/\/www.fotonavia.com\/wp-content\/uploads\/2010\/03\/DSC_4712-600x368.jpg\" alt=\"\" width=\"600\" height=\"368\" \/><\/a><\/p>\n<p style=\"text-align: left;\">Se trata del Ayuntamiento de San Antol\u00edn de Ibias, que fotografi\u00e9 y escog\u00ed para el tutorial, por tener elementos importantes a tener en cuenta al pasar fotos a Blanco y Negro, como son: diferentes texturas, diferentes colores, distintas iluminaciones, en fin puede servir de buen ejemplo.<\/p>\n<p style=\"text-align: left;\"><strong>M\u00c9TODOS DE CONVERSI\u00d3N DE FOTOGRAF\u00cdAS EN COLOR A BLANCO Y NEGRO<\/strong><\/p>\n<p style=\"text-align: left;\">Cada foto es un mundo y lo que no funciona bien en una foto, puede quedar de maravilla en otra, es importante conocerlos todos, y aplicar el que mas nos guste, pero no despreci\u00e9is ninguno por demasiado f\u00e1cil o soso, a veces el mas sencillo es el mas eficaz, todo depende de la imagen\u00a0original.<\/p>\n<p style=\"text-align: left;\">Si quer\u00e9is hacer un viraje, y la imagen esta en \u00abEscala de grises\u00bb\u00a0en la mayor\u00eda de los m\u00e9todos que podemos aplicar,\u00a0hay que convertirla a modo \u00abRGB\u00bb, ya que algunos m\u00e9todos solo funcionar\u00e1n en este modo, y relacionado con esto, tambi\u00e9n os quiero comentar que algunos m\u00e9todos puede que tengan problemas en im\u00e1genes de <strong>16 bits<\/strong>, tratad de trabajar siempre as\u00ed, pero si veis que alg\u00fan comando \u00fa opci\u00f3n del men\u00fa, no aparece, pas\u00e1is la imagen a <strong>8 bits<\/strong>, de esta forma pod\u00e9is hacer ambas conversiones:<\/p>\n<p style=\"text-align: center;\"><a href=\"https:\/\/www.fotonavia.com\/wp-content\/uploads\/2010\/03\/Modo8bits.jpg\"><img loading=\"lazy\" decoding=\"async\" class=\"aligncenter size-full wp-image-563\" title=\"Modo8bits\" src=\"https:\/\/www.fotonavia.com\/wp-content\/uploads\/2010\/03\/Modo8bits.jpg\" alt=\"\" width=\"349\" height=\"349\" srcset=\"https:\/\/www.fotonavia.com\/wp-content\/uploads\/2010\/03\/Modo8bits.jpg 349w, https:\/\/www.fotonavia.com\/wp-content\/uploads\/2010\/03\/Modo8bits-150x150.jpg 150w, https:\/\/www.fotonavia.com\/wp-content\/uploads\/2010\/03\/Modo8bits-300x300.jpg 300w\" sizes=\"auto, (max-width: 349px) 100vw, 349px\" \/><\/a><\/p>\n<p style=\"text-align: center;\">\n<p style=\"text-align: left;\"><strong>IMAGEN&gt;&gt;MODO&gt;&gt;8 Bits\/canal<\/strong><\/p>\n<p style=\"text-align: center;\"><a href=\"https:\/\/www.fotonavia.com\/wp-content\/uploads\/2010\/03\/ModoBGB.jpg\"><img loading=\"lazy\" decoding=\"async\" class=\"aligncenter size-full wp-image-564\" title=\"ModoBGB\" src=\"https:\/\/www.fotonavia.com\/wp-content\/uploads\/2010\/03\/ModoBGB.jpg\" alt=\"\" width=\"356\" height=\"305\" srcset=\"https:\/\/www.fotonavia.com\/wp-content\/uploads\/2010\/03\/ModoBGB.jpg 356w, https:\/\/www.fotonavia.com\/wp-content\/uploads\/2010\/03\/ModoBGB-300x257.jpg 300w\" sizes=\"auto, (max-width: 356px) 100vw, 356px\" \/><\/a><\/p>\n<p style=\"text-align: center;\">\n<p style=\"text-align: left;\"><strong>IMAGEN&gt;&gt;MODO&gt;&gt;Color RGB<\/strong><\/p>\n<p style=\"text-align: left;\">Todos los textos que os mostrar\u00e9, de la misma forma que la l\u00ednea anterior, se refieren a la secuencia de la ruta a seguir por los men\u00fas de la parte superior de la pantalla, para llegar en Photoshop CS3 y posiblemente en varias versiones mas de Photoshop a la opci\u00f3n deseada.<\/p>\n<p style=\"text-align: left;\">Vamos all\u00e1&#8230;<\/p>\n<h3 style=\"text-align: center;\"><span style=\"text-decoration: underline;\">M\u00e9todo de la Escala de Grises<\/span><\/h3>\n<p style=\"text-align: left;\"><strong>1.-Abrir la imagen<br \/>\n2.-Convertir a Escala de grises de la siguiente forma:<\/strong><\/p>\n<p style=\"text-align: left;\"><strong>IMAGEN&gt;&gt;MODO&gt;&gt;Escala de grises<\/strong><\/p>\n<h3 style=\"text-align: center;\"><a href=\"https:\/\/www.fotonavia.com\/wp-content\/uploads\/2010\/03\/MenuEscalaDeGrises.jpg\"><img loading=\"lazy\" decoding=\"async\" class=\"aligncenter size-full wp-image-562\" title=\"MenuEscalaDeGrises\" src=\"https:\/\/www.fotonavia.com\/wp-content\/uploads\/2010\/03\/MenuEscalaDeGrises.jpg\" alt=\"\" width=\"400\" height=\"127\" srcset=\"https:\/\/www.fotonavia.com\/wp-content\/uploads\/2010\/03\/MenuEscalaDeGrises.jpg 400w, https:\/\/www.fotonavia.com\/wp-content\/uploads\/2010\/03\/MenuEscalaDeGrises-300x95.jpg 300w\" sizes=\"auto, (max-width: 400px) 100vw, 400px\" \/><\/a><\/h3>\n<p style=\"text-align: center;\">\n<p style=\"text-align: center;\"><strong>Resultado:<\/strong><\/p>\n<p style=\"text-align: center;\"><a href=\"https:\/\/www.fotonavia.com\/wp-content\/uploads\/2010\/03\/EscalaDeGrises.jpg\"><img loading=\"lazy\" decoding=\"async\" class=\"size-full wp-image-546 aligncenter\" title=\"EscalaDeGrises\" src=\"https:\/\/www.fotonavia.com\/wp-content\/uploads\/2010\/03\/EscalaDeGrises.jpg\" alt=\"\" width=\"630\" height=\"387\" srcset=\"https:\/\/www.fotonavia.com\/wp-content\/uploads\/2010\/03\/EscalaDeGrises.jpg 700w, https:\/\/www.fotonavia.com\/wp-content\/uploads\/2010\/03\/EscalaDeGrises-300x184.jpg 300w\" sizes=\"auto, (max-width: 630px) 100vw, 630px\" \/><\/a><\/p>\n<p style=\"text-align: center;\">\u00a0<\/p>\n<p style=\"text-align: center;\">\u00a0<\/p>\n<h3 style=\"text-align: center;\"><span style=\"text-decoration: underline;\">M\u00e9todo de Desaturar<\/span><\/h3>\n<p style=\"text-align: left;\"><strong>1.-Abrir la imagen<br \/>\n2.-Desaturar los colores, de la siguiente forma:<\/strong><\/p>\n<p style=\"text-align: left;\"><strong>IMAGEN&gt;&gt;AJUSTES&gt;&gt;Desaturar<\/strong><\/p>\n<p style=\"text-align: center;\"><a href=\"https:\/\/www.fotonavia.com\/wp-content\/uploads\/2010\/03\/MenuDesaturar.jpg\"><img loading=\"lazy\" decoding=\"async\" class=\"aligncenter size-full wp-image-561\" title=\"MenuDesaturar\" src=\"https:\/\/www.fotonavia.com\/wp-content\/uploads\/2010\/03\/MenuDesaturar.jpg\" alt=\"\" width=\"450\" height=\"208\" srcset=\"https:\/\/www.fotonavia.com\/wp-content\/uploads\/2010\/03\/MenuDesaturar.jpg 450w, https:\/\/www.fotonavia.com\/wp-content\/uploads\/2010\/03\/MenuDesaturar-300x138.jpg 300w\" sizes=\"auto, (max-width: 450px) 100vw, 450px\" \/><\/a><\/p>\n<p style=\"text-align: center;\">\n<p style=\"text-align: center;\"><strong>Resultado:<\/strong><\/p>\n<p style=\"text-align: center;\"><strong><a href=\"https:\/\/www.fotonavia.com\/wp-content\/uploads\/2010\/03\/Desaturar.jpg\"><img loading=\"lazy\" decoding=\"async\" class=\"size-full wp-image-551 aligncenter\" title=\"Desaturar\" src=\"https:\/\/www.fotonavia.com\/wp-content\/uploads\/2010\/03\/Desaturar.jpg\" alt=\"\" width=\"630\" height=\"387\" srcset=\"https:\/\/www.fotonavia.com\/wp-content\/uploads\/2010\/03\/Desaturar.jpg 700w, https:\/\/www.fotonavia.com\/wp-content\/uploads\/2010\/03\/Desaturar-300x184.jpg 300w\" sizes=\"auto, (max-width: 630px) 100vw, 630px\" \/><\/a><\/strong><\/p>\n<div style=\"text-align: center;\"><strong>\u00a0<\/strong><\/div>\n<div style=\"text-align: center;\"><strong><a href=\"https:\/\/www.fotonavia.com\/?page_id=95\" target=\"_blank\">VOLVER A TRUCOS Y TUTORIALES<\/a><\/strong><\/div>\n","protected":false},"excerpt":{"rendered":"<p>Trucos y Tutoriales BLANCO Y NEGRO M\u00c9TODOS B\u00c1SICOS DE CONVERSI\u00d3N A BLANCO Y NEGRO \u00a0 Aqu\u00ed veremos algunos m\u00e9todos para que pasar fotos de Color a Blanco y Negro sin ning\u00fan problema. En estas de t\u00e9cnicas de conversi\u00f3n a Blanco y Negro hay que tener en cuenta \u00a0los resultados\u00a0 son autom\u00e1ticos, pru\u00e9balos todos, son muy [&hellip;]<\/p>\n","protected":false},"author":1,"featured_media":0,"parent":95,"menu_order":0,"comment_status":"closed","ping_status":"closed","template":"","meta":{"footnotes":""},"class_list":["post-538","page","type-page","status-publish","hentry"],"_links":{"self":[{"href":"https:\/\/www.fotonavia.com\/index.php?rest_route=\/wp\/v2\/pages\/538","targetHints":{"allow":["GET"]}}],"collection":[{"href":"https:\/\/www.fotonavia.com\/index.php?rest_route=\/wp\/v2\/pages"}],"about":[{"href":"https:\/\/www.fotonavia.com\/index.php?rest_route=\/wp\/v2\/types\/page"}],"author":[{"embeddable":true,"href":"https:\/\/www.fotonavia.com\/index.php?rest_route=\/wp\/v2\/users\/1"}],"replies":[{"embeddable":true,"href":"https:\/\/www.fotonavia.com\/index.php?rest_route=%2Fwp%2Fv2%2Fcomments&post=538"}],"version-history":[{"count":4,"href":"https:\/\/www.fotonavia.com\/index.php?rest_route=\/wp\/v2\/pages\/538\/revisions"}],"predecessor-version":[{"id":2247,"href":"https:\/\/www.fotonavia.com\/index.php?rest_route=\/wp\/v2\/pages\/538\/revisions\/2247"}],"up":[{"embeddable":true,"href":"https:\/\/www.fotonavia.com\/index.php?rest_route=\/wp\/v2\/pages\/95"}],"wp:attachment":[{"href":"https:\/\/www.fotonavia.com\/index.php?rest_route=%2Fwp%2Fv2%2Fmedia&parent=538"}],"curies":[{"name":"wp","href":"https:\/\/api.w.org\/{rel}","templated":true}]}}