{"id":575,"date":"2010-03-21T07:23:03","date_gmt":"2010-03-21T06:23:03","guid":{"rendered":"http:\/\/www.fotonavia.net\/?page_id=575"},"modified":"2013-12-15T15:48:40","modified_gmt":"2013-12-15T14:48:40","slug":"el-histograma","status":"publish","type":"page","link":"https:\/\/www.fotonavia.com\/?page_id=575","title":{"rendered":"El Histograma"},"content":{"rendered":"<h2 style=\"text-align: center;\">7.-EL HISTOGRAMA<\/h2>\n<p>Un histograma muestra la distribuci\u00f3n de los pixeles que hay en una imagen para cada valor de luminosidad, mostrado en <strong>256<\/strong> columnas verticales alineadas, y que cada una, muestra un distinto valor de luminosidad de forma progresiva entre el\u00a0<strong>0<\/strong> a la izquierda\u00a0 (negro profundo sin detalle) y <strong>255<\/strong> a la derecha (blanco total sin detalle).<\/p>\n<p>Cuando hablamos de \u00abtonos claros\u00bb, o de \u00abtonos oscuros\u00bb, o de \u00abvalores de luminosidad\u00bb, nos referimos a los tonos de los colores, <span style=\"text-decoration: underline;\">NO A LOS COLORES,<\/span> podemos tener una zona en nuestra fotograf\u00eda de color\u00a0\u00abrojo muy claro\u00bb, con lo cual los pixeles que representar\u00edan ese color en un histograma, estar\u00edan en la zona derecha del mismo, podemos tener un \u00abrojo normal\u00bb, que se mostrar\u00eda en la zona central, o un \u00abrojo muy oscuro\u00bb que a su vez ser\u00eda representado en la zona izquierda del histograma con\u00a0una cantidad proporcional de pixeles\u00a0al de la zona ocupada por dicho color. Lo mismo pasar\u00eda con zonas amarillas, verdes, azules, etc. &#8230;hablamos de tonos, no de colores, es muy importante tener esto muy claro.<\/p>\n<p>Si observamos un histograma de una imagen en <strong>RGB<\/strong> de 8 bits, el eje horizontal representa los diferentes niveles de luminosidad de la imagen, es decir la cantidad de pixeles de cada grado de luminosidad encontrados en la imagen, en un rango que va como dec\u00edamos desde el <strong>0<\/strong> (negro profundo y sin detalle) a a la izquierda del todo hasta el <strong>255<\/strong> (blanco puro sin detalle) a la derecha del todo.<\/p>\n<p>La altura del histograma representa la cantidad de pixeles que aparecen en la imagen con cada determinado valor de luminosidad, es decir un pico de gran altura en determinada zona del histograma, quiere decir que hay mucha zona de la imagen con el valor de luminosidad correspondiente a la zona donde se encuentra dicho pico en el histograma.<\/p>\n<p>Esto quiere decir que un histograma con grandes picos en la zona izquierda y en la derecha y pocos pixeles en la zona central, es un claro indicativo de una fotograf\u00eda muy contrastada (muchos pixeles oscuros, pocos con tonos medios y muchos muy claros) mientras que un histograma con la mayor\u00eda de los pixeles localizados en la zona central y escasez de pixeles en la zona derecha y en la zona\u00a0 izquierda es se\u00f1al de una fotograf\u00eda muy poco contrastada muchos pixeles\u00a0en los\u00a0tonos medios), si la zona de informaci\u00f3n, los picos se acumulan a la izquierda ser\u00e1 una fotograf\u00eda en la que predominen los tonos oscuros, y si esta informaci\u00f3n esta prioritariamente en la derecha, se tratar\u00e1 de una imagen muy clara. Veamos unas im\u00e1genes de ejemplo que se entender\u00e1 mejor:<\/p>\n<p style=\"text-align: center;\">\n<p style=\"text-align: center;\">.<\/p>\n<h4 style=\"text-align: center;\">Foto muy contrastada<\/h4>\n<p style=\"text-align: center;\">Hay claramente 2 zonas, una muy clara y otra muy oscura y no existen tonos medios\u00a0<\/p>\n<p style=\"text-align: center;\"><a href=\"https:\/\/www.fotonavia.com\/wp-content\/uploads\/2010\/03\/FOTOMUYCONTRASTADA.jpg\"><img loading=\"lazy\" decoding=\"async\" class=\"aligncenter size-full wp-image-606\" title=\"FOTOMUYCONTRASTADA\" src=\"https:\/\/www.fotonavia.com\/wp-content\/uploads\/2010\/03\/FOTOMUYCONTRASTADA.jpg\" alt=\"\" width=\"600\" height=\"387\" srcset=\"https:\/\/www.fotonavia.com\/wp-content\/uploads\/2010\/03\/FOTOMUYCONTRASTADA.jpg 600w, https:\/\/www.fotonavia.com\/wp-content\/uploads\/2010\/03\/FOTOMUYCONTRASTADA-300x193.jpg 300w\" sizes=\"auto, (max-width: 600px) 100vw, 600px\" \/><\/a>\u00a0<\/p>\n<p style=\"text-align: center;\">\n<p style=\"text-align: center;\">.<\/p>\n<h4 style=\"text-align: center;\">Foto muy poco\u00a0contrastada<\/h4>\n<p style=\"text-align: center;\">Aqui ocurre lo contrario, la informaci\u00f3n se amontona en la zona central del histograma porque todos los pixeles son de tonos medios.<\/p>\n<p style=\"text-align: center;\"><a href=\"https:\/\/www.fotonavia.com\/wp-content\/uploads\/2010\/03\/FOTOTONOSMEDIOS.jpg\"><img loading=\"lazy\" decoding=\"async\" class=\"aligncenter size-full wp-image-607\" title=\"FOTOTONOSMEDIOS\" src=\"https:\/\/www.fotonavia.com\/wp-content\/uploads\/2010\/03\/FOTOTONOSMEDIOS.jpg\" alt=\"\" width=\"600\" height=\"394\" srcset=\"https:\/\/www.fotonavia.com\/wp-content\/uploads\/2010\/03\/FOTOTONOSMEDIOS.jpg 600w, https:\/\/www.fotonavia.com\/wp-content\/uploads\/2010\/03\/FOTOTONOSMEDIOS-300x197.jpg 300w\" sizes=\"auto, (max-width: 600px) 100vw, 600px\" \/><\/a><\/p>\n<p style=\"text-align: center;\">\u00a0<\/p>\n<p style=\"text-align: center;\">\u00a0<\/p>\n<p>.<\/p>\n<h4 style=\"text-align: center;\">Foto con predominio de zonas oscuras<\/h4>\n<p style=\"text-align: center;\">Aqui si nos fijamos la mayor\u00eda de los pixeles son oscuros,\u00a0y el histograma lo delata.<\/p>\n<p style=\"text-align: center;\"><a href=\"https:\/\/www.fotonavia.com\/wp-content\/uploads\/2010\/03\/FOTOOSCURA.jpg\"><img loading=\"lazy\" decoding=\"async\" class=\"aligncenter size-full wp-image-609\" title=\"FOTOOSCURA\" src=\"https:\/\/www.fotonavia.com\/wp-content\/uploads\/2010\/03\/FOTOOSCURA.jpg\" alt=\"\" width=\"600\" height=\"393\" srcset=\"https:\/\/www.fotonavia.com\/wp-content\/uploads\/2010\/03\/FOTOOSCURA.jpg 600w, https:\/\/www.fotonavia.com\/wp-content\/uploads\/2010\/03\/FOTOOSCURA-300x196.jpg 300w\" sizes=\"auto, (max-width: 600px) 100vw, 600px\" \/><\/a><\/p>\n<p style=\"text-align: center;\">\u00a0<\/p>\n<p style=\"text-align: center;\">\u00a0<\/p>\n<p>.<\/p>\n<h4 style=\"text-align: center;\">Foto con predominio de zonas claras<\/h4>\n<p style=\"text-align: center;\">Y aqu\u00ed la mayor\u00eda son claros<\/p>\n<p style=\"text-align: center;\"><a href=\"https:\/\/www.fotonavia.com\/wp-content\/uploads\/2010\/03\/FOTOCLARA.jpg\"><img loading=\"lazy\" decoding=\"async\" class=\"aligncenter size-full wp-image-608\" title=\"FOTOCLARA\" src=\"https:\/\/www.fotonavia.com\/wp-content\/uploads\/2010\/03\/FOTOCLARA.jpg\" alt=\"\" width=\"600\" height=\"394\" srcset=\"https:\/\/www.fotonavia.com\/wp-content\/uploads\/2010\/03\/FOTOCLARA.jpg 600w, https:\/\/www.fotonavia.com\/wp-content\/uploads\/2010\/03\/FOTOCLARA-300x197.jpg 300w\" sizes=\"auto, (max-width: 600px) 100vw, 600px\" \/><\/a><\/p>\n<p style=\"text-align: center;\">\n<p style=\"text-align: center;\">.<\/p>\n<p style=\"text-align: left;\">Como veis, aprender a \u00ableer\u00bb un histograma es mucho mas \u00a0sencillo de lo que pudiera parecer y eso nos servir\u00e1 y mucho en posteriores cap\u00edtulos de este Curso b\u00e1sico de fotograf\u00eda.<\/p>\n<p>Entonces, os preguntareis cual es el histograma correcto, pues bien no existe, las 4 muestras de histogramas expuestos en las fotos de ejemplo, no se parecen en nada entre si, y sin embargo los 4 pertenecen a fotograf\u00edas correctamente expuestas, es decir \u00aba priori\u00bb no existe un histograma perfecto, pero su entendimiento\u00a0si nos\u00a0va servir de ayuda para mejorar nuestras im\u00e1genes, tanto en el momento de la exposici\u00f3n, como posteriormente en el procesado de las mismas.<\/p>\n<p>Usar el visor LCD de la c\u00e1mara para determinar si una foto esta correctamente expuesta desde el punto de vista t\u00e9cnico, no es un m\u00e9todo fiable, por lo menos esa es mi opini\u00f3n. Saber analizar estos histogramas es muy importante, la mayor\u00eda de c\u00e1maras digitales actuales tienen la opci\u00f3n de mostrar el histograma de cada foto que hacemos, con lo cual podemos decidir si la exposici\u00f3n ha sido correcta o debemos aplicar correcciones y repetir la exposici\u00f3n, ya que no siempre las mediciones autom\u00e1ticas de las c\u00e1maras son precisas y exactas, es mas, en situaciones complicadas, como contraluces, o fotograf\u00edas en condiciones de mucha, o poca luz, son bastante propensas a errores.<\/p>\n<p style=\"text-align: center;\">\n<p style=\"text-align: center;\">.<br \/>\n<strong>VEAMOS UNOS EJEMPLOS<br \/>\n<\/strong>Un histograma cuya informaci\u00f3n se sale por la derecha, indica una sobreexposici\u00f3n, con la evidente perdida de detalle en las altas luces.<\/p>\n<p style=\"text-align: center;\">\u00a0<\/p>\n<p style=\"text-align: center;\"><span style=\"text-decoration: underline;\"><a href=\"https:\/\/www.fotonavia.com\/wp-content\/uploads\/2010\/03\/MuyClaro.jpg\"><img loading=\"lazy\" decoding=\"async\" class=\"aligncenter size-full wp-image-610\" title=\"MuyClaro\" src=\"https:\/\/www.fotonavia.com\/wp-content\/uploads\/2010\/03\/MuyClaro.jpg\" alt=\"\" width=\"400\" height=\"173\" srcset=\"https:\/\/www.fotonavia.com\/wp-content\/uploads\/2010\/03\/MuyClaro.jpg 400w, https:\/\/www.fotonavia.com\/wp-content\/uploads\/2010\/03\/MuyClaro-300x129.jpg 300w\" sizes=\"auto, (max-width: 400px) 100vw, 400px\" \/><\/a><\/span><\/p>\n<p><span style=\"text-decoration: underline;\">Soluci\u00f3n<\/span>: Reducir la exposici\u00f3n cerrando el diafragma, aumentando la velocidad de obturaci\u00f3n, y\/o bajando la sensibilidad ISO.<\/p>\n<p style=\"text-align: center;\">\n<p style=\"text-align: center;\">.<\/p>\n<p><strong>OTRO\u00a0EJEMPLO<\/strong><\/p>\n<p>En este caso vemos que la c\u00e1mara nos muestra un histograma de una imagen poco contrastada, y con la informaci\u00f3n de pixeles bastante centrada en el histograma.<\/p>\n<p style=\"text-align: center;\">\u00a0<\/p>\n<p style=\"text-align: center;\"><span style=\"text-decoration: underline;\"><a href=\"https:\/\/www.fotonavia.com\/wp-content\/uploads\/2010\/03\/BajoContraste.jpg\"><img loading=\"lazy\" decoding=\"async\" class=\"aligncenter size-full wp-image-619\" title=\"BajoContraste\" src=\"https:\/\/www.fotonavia.com\/wp-content\/uploads\/2010\/03\/BajoContraste.jpg\" alt=\"\" width=\"400\" height=\"173\" srcset=\"https:\/\/www.fotonavia.com\/wp-content\/uploads\/2010\/03\/BajoContraste.jpg 400w, https:\/\/www.fotonavia.com\/wp-content\/uploads\/2010\/03\/BajoContraste-300x129.jpg 300w\" sizes=\"auto, (max-width: 400px) 100vw, 400px\" \/><\/a><\/span><\/p>\n<p><span style=\"text-decoration: underline;\">Soluci\u00f3n<\/span>: Aumentar la exposici\u00f3n ligeramente, abriendo mas el diafragma, reduciendo la velocidad de obturaci\u00f3n, y\/o aumentando la sensibilidad ISO para arrimar mas la informaci\u00f3n mostrada en el histograma a la esquina inferior derecha (sin pasarnos&#8230;) y posteriormente en el programa de edici\u00f3n de im\u00e1genes ajustaremos el contraste para rellenar el histograma hacia la izquierda. Hemos \u00abestirado\u00bb el histograma, y quedar\u00eda mas o menos as\u00ed:<\/p>\n<p style=\"text-align: center;\"><a href=\"https:\/\/www.fotonavia.com\/wp-content\/uploads\/2010\/03\/AmpliadoElRangoDinamico.jpg\"><img loading=\"lazy\" decoding=\"async\" class=\"aligncenter size-full wp-image-620\" title=\"AmpliadoElRangoDinamico\" src=\"https:\/\/www.fotonavia.com\/wp-content\/uploads\/2010\/03\/AmpliadoElRangoDinamico.jpg\" alt=\"\" width=\"400\" height=\"173\" srcset=\"https:\/\/www.fotonavia.com\/wp-content\/uploads\/2010\/03\/AmpliadoElRangoDinamico.jpg 400w, https:\/\/www.fotonavia.com\/wp-content\/uploads\/2010\/03\/AmpliadoElRangoDinamico-300x129.jpg 300w\" sizes=\"auto, (max-width: 400px) 100vw, 400px\" \/><\/a><\/p>\n<p style=\"text-align: center;\">\n<p style=\"text-align: center;\">\u00a0<br \/>\n.<\/p>\n<p><strong>OTRO EJEMPLO M\u00c1S<\/strong><\/p>\n<p>Por el contario, un histograma cuya informaci\u00f3n se sale por la izquierda indica que habr\u00e1 zonas de negro profundo sin detalle.<\/p>\n<p style=\"text-align: center;\">\u00a0<\/p>\n<p style=\"text-align: center;\"><span style=\"text-decoration: underline;\"><a href=\"https:\/\/www.fotonavia.com\/wp-content\/uploads\/2010\/03\/MuyOscura.jpg\"><img loading=\"lazy\" decoding=\"async\" class=\"aligncenter size-full wp-image-611\" title=\"MuyOscura\" src=\"https:\/\/www.fotonavia.com\/wp-content\/uploads\/2010\/03\/MuyOscura.jpg\" alt=\"\" width=\"400\" height=\"173\" srcset=\"https:\/\/www.fotonavia.com\/wp-content\/uploads\/2010\/03\/MuyOscura.jpg 400w, https:\/\/www.fotonavia.com\/wp-content\/uploads\/2010\/03\/MuyOscura-300x129.jpg 300w\" sizes=\"auto, (max-width: 400px) 100vw, 400px\" \/><\/a><\/span><\/p>\n<p><span style=\"text-decoration: underline;\">Soluci\u00f3n<\/span>: Aumentar la exposici\u00f3n abriendo mas el diafragma, reduciendo la velocidad de obturaci\u00f3n, y\/o aumentando la sensibilidad ISO.<\/p>\n<p style=\"text-align: center;\">\n<p style=\"text-align: center;\">.<\/p>\n<p><strong>M\u00c1S \u00a0EJEMPLOS<\/strong><\/p>\n<p>Este seria un ejemplo de foto muy contrastada pero correctamente expuesta, lo ideal seg\u00fan mi criterio y el de la gran mayor\u00eda de fot\u00f3grafos digitales, es que la informaci\u00f3n llegue lo mas a la derecha posible pero sin pasarse, ya que todo lo que se salga del histograma por este lado, ser\u00e1n blancos puros sin detalle, ( irrecuperables ), adem\u00e1s de otras razones que tratar\u00e9 de explicar en un articulo llamado \u00abDerecheo de la exposici\u00f3n\u00bb, y que principalmente est\u00e1n basadas en el aumento de informaci\u00f3n en las zonas de altas luces de las im\u00e1genes digitales.<\/p>\n<p style=\"text-align: center;\">\u00a0<\/p>\n<p style=\"text-align: center;\"><span style=\"text-decoration: underline;\"><a href=\"https:\/\/www.fotonavia.com\/wp-content\/uploads\/2010\/03\/AltoContraste.jpg\"><img loading=\"lazy\" decoding=\"async\" class=\"aligncenter size-full wp-image-621\" title=\"AltoContraste\" src=\"https:\/\/www.fotonavia.com\/wp-content\/uploads\/2010\/03\/AltoContraste.jpg\" alt=\"\" width=\"400\" height=\"173\" srcset=\"https:\/\/www.fotonavia.com\/wp-content\/uploads\/2010\/03\/AltoContraste.jpg 400w, https:\/\/www.fotonavia.com\/wp-content\/uploads\/2010\/03\/AltoContraste-300x129.jpg 300w\" sizes=\"auto, (max-width: 400px) 100vw, 400px\" \/><\/a><\/span><\/p>\n<p><span style=\"text-decoration: underline;\">Soluci\u00f3n<\/span>: Si el contraste nos parece muy fuerte se puede suavizar f\u00e1cilmente en nuestro editor de im\u00e1genes habitual, Photoshop, PSP, Capture ONE, o el que sea.<\/p>\n<p style=\"text-align: center;\">\n<p style=\"text-align: center;\">.<\/p>\n<p>Pd.: Como complemeto a este cap\u00edtulo os recomiendo leer el siguiente articulo sobre el \u00abDerecheo del Histograma\u00bb\u00a0\u00a0\u00a0<a href=\"https:\/\/www.fotonavia.com\/?p=678\">https:\/\/www.fotonavia.com\/?p=678<\/a><\/p>\n<p style=\"text-align: center;\">\n<p style=\"text-align: center;\">\n<p style=\"text-align: center;\"><span style=\"text-decoration: underline;\">_______________________________<\/span><span style=\"text-decoration: underline;\">_____________________________<\/span><\/p>\n<p style=\"text-align: center;\">\u00a0<\/p>\n<h3 style=\"text-align: center;\"><span style=\"text-decoration: underline;\">ATENCION, MUY IMPORTANTE<\/span><\/h3>\n<p style=\"text-align: left;\">Todo esto son solamente conceptos t\u00e9cnicos, en ning\u00fan momento deben tomarse como normas, o reglas a seguir siempre y en cada momento, cada fotograf\u00eda\u00a0es un mundo, un histograma \u00abt\u00e9cnicamente incorrecto\u00bb puede pertenecer perfectamente\u00a0a una fotograf\u00eda maravillosa, as\u00ed como un histograma perfecto, puede corresponder a una imagen muy sosa, que no trasmite nada, me explico, si por ejemplo haces una foto de un rostro iluminado por una luz de una vela en plena noche, la foto tendr\u00e1 muchas zonas de negro profundo, que se saldr\u00e1n por la izquierda sin que ello impida que la fotograf\u00eda pueda ser bell\u00edsima.<\/p>\n<p style=\"text-align: left;\">El conocimiento y entendimiento de todas las t\u00e9cnicas, que rodean el mundo de la fotograf\u00eda deben servirnos para mejorar,\u00a0 y aprender de los errores, pero JAMAS para limitar nuestra creatividad, conocerlas, no significa que no podamos obviarlas si lo creemos oportuno.<\/p>\n<p style=\"text-align: center;\"><span style=\"text-decoration: underline;\">______________________________________________________________<\/span><\/p>\n<p>.<\/p>\n<p style=\"text-align: center;\"><strong><a href=\"https:\/\/www.fotonavia.com\/?page_id=92\">&lt; &lt; \u2013 &#8211; VOLVER AL MEN\u00da DEL CURSO DE FOTOGRAFIA DIGITAL B\u00c1SICA<\/a><\/strong><\/p>\n","protected":false},"excerpt":{"rendered":"<p>7.-EL HISTOGRAMA Un histograma muestra la distribuci\u00f3n de los pixeles que hay en una imagen para cada valor de luminosidad, mostrado en 256 columnas verticales alineadas, y que cada una, muestra un distinto valor de luminosidad de forma progresiva entre el\u00a00 a la izquierda\u00a0 (negro profundo sin detalle) y 255 a la derecha (blanco total [&hellip;]<\/p>\n","protected":false},"author":1,"featured_media":0,"parent":92,"menu_order":7,"comment_status":"closed","ping_status":"closed","template":"","meta":{"footnotes":""},"class_list":["post-575","page","type-page","status-publish","hentry"],"_links":{"self":[{"href":"https:\/\/www.fotonavia.com\/index.php?rest_route=\/wp\/v2\/pages\/575","targetHints":{"allow":["GET"]}}],"collection":[{"href":"https:\/\/www.fotonavia.com\/index.php?rest_route=\/wp\/v2\/pages"}],"about":[{"href":"https:\/\/www.fotonavia.com\/index.php?rest_route=\/wp\/v2\/types\/page"}],"author":[{"embeddable":true,"href":"https:\/\/www.fotonavia.com\/index.php?rest_route=\/wp\/v2\/users\/1"}],"replies":[{"embeddable":true,"href":"https:\/\/www.fotonavia.com\/index.php?rest_route=%2Fwp%2Fv2%2Fcomments&post=575"}],"version-history":[{"count":4,"href":"https:\/\/www.fotonavia.com\/index.php?rest_route=\/wp\/v2\/pages\/575\/revisions"}],"predecessor-version":[{"id":2295,"href":"https:\/\/www.fotonavia.com\/index.php?rest_route=\/wp\/v2\/pages\/575\/revisions\/2295"}],"up":[{"embeddable":true,"href":"https:\/\/www.fotonavia.com\/index.php?rest_route=\/wp\/v2\/pages\/92"}],"wp:attachment":[{"href":"https:\/\/www.fotonavia.com\/index.php?rest_route=%2Fwp%2Fv2%2Fmedia&parent=575"}],"curies":[{"name":"wp","href":"https:\/\/api.w.org\/{rel}","templated":true}]}}