{"id":834,"date":"2010-07-19T11:05:31","date_gmt":"2010-07-19T10:05:31","guid":{"rendered":"http:\/\/www.fotonavia.net\/?page_id=834"},"modified":"2013-12-15T14:55:07","modified_gmt":"2013-12-15T13:55:07","slug":"virajes-de-fotografias-en-blanco-y-negro","status":"publish","type":"page","link":"https:\/\/www.fotonavia.com\/?page_id=834","title":{"rendered":"Virajes de fotograf\u00edas en Blanco y Negro"},"content":{"rendered":"<h1 style=\"text-align: center;\"><a href=\"https:\/\/www.fotonavia.com\/?page_id=95\" target=\"_blank\">Trucos y Tutoriales<\/a><\/h1>\n<h6 style=\"text-align: center;\">BLANCO Y NEGRO<\/h6>\n<h3 style=\"text-align: center;\">VIRAJES DE FOTOGRAF\u00cdAS EN BLANCO y NEGRO<\/h3>\n<p style=\"text-align: center;\">\u00a0<\/p>\n<p style=\"text-align: left;\">(Si la fotograf\u00eda a\u00fan est\u00e1 en color, la pasaremos a Blanco y Negro, tienes varios m\u00e9todos b\u00e1sicos muy bien descritos <a href=\"https:\/\/www.fotonavia.com\/?page_id=538\" target=\"_blank\">aqu\u00ed <\/a>)<\/p>\n<p style=\"text-align: left;\">1.-Abrir la imagen en Blanco y Negro<\/p>\n<p style=\"text-align: center;\"><a href=\"https:\/\/www.fotonavia.com\/wp-content\/uploads\/2010\/07\/Virajes01.jpg\"><img loading=\"lazy\" decoding=\"async\" class=\"size-large wp-image-835  aligncenter\" title=\"Virajes01\" src=\"https:\/\/www.fotonavia.com\/wp-content\/uploads\/2010\/07\/Virajes01-600x368.jpg\" alt=\"\" width=\"600\" height=\"368\" \/><\/a><\/p>\n<p style=\"text-align: left;\">Una vez que estamos con la imagen visible en la pantalla\u00a0de Photoshop, vamos a la ventana de la herramienta Capas, (si no esta visible, ve al men\u00fa Ventana, y haz clic en Capas)<\/p>\n<p style=\"text-align: center;\"><a href=\"https:\/\/www.fotonavia.com\/wp-content\/uploads\/2010\/07\/Virajes02.jpg\"><img loading=\"lazy\" decoding=\"async\" class=\"size-full wp-image-836  aligncenter\" title=\"Virajes02\" src=\"https:\/\/www.fotonavia.com\/wp-content\/uploads\/2010\/07\/Virajes02.jpg\" alt=\"\" width=\"325\" height=\"281\" srcset=\"https:\/\/www.fotonavia.com\/wp-content\/uploads\/2010\/07\/Virajes02.jpg 325w, https:\/\/www.fotonavia.com\/wp-content\/uploads\/2010\/07\/Virajes02-300x259.jpg 300w\" sizes=\"auto, (max-width: 325px) 100vw, 325px\" \/><\/a><\/p>\n<p style=\"text-align: left;\">Ya en la ventana <strong>Capas<\/strong>, hacemos clic en el icono de crear nueva capa de ajuste <strong><span style=\"color: #ff0000;\">(1)<\/span><\/strong>, (el del circulo mitad blanco y mitad negro)\u00a0y seleccionamos la opci\u00f3n <strong>Tono\/Saturaci\u00f3n<\/strong> <strong><span style=\"color: #ff0000;\">(2)<\/span><\/strong><\/p>\n<p style=\"text-align: center;\"><a href=\"https:\/\/www.fotonavia.com\/wp-content\/uploads\/2010\/07\/Virajes03.jpg\"><img loading=\"lazy\" decoding=\"async\" class=\"size-full wp-image-837  aligncenter\" title=\"Virajes03\" src=\"https:\/\/www.fotonavia.com\/wp-content\/uploads\/2010\/07\/Virajes03.jpg\" alt=\"\" width=\"600\" height=\"462\" srcset=\"https:\/\/www.fotonavia.com\/wp-content\/uploads\/2010\/07\/Virajes03.jpg 600w, https:\/\/www.fotonavia.com\/wp-content\/uploads\/2010\/07\/Virajes03-300x231.jpg 300w\" sizes=\"auto, (max-width: 600px) 100vw, 600px\" \/><\/a><\/p>\n<p style=\"text-align: left;\">Nos saldr\u00e1 la siguiente ventana, y hacemos <strong>\u00abdoble clic\u00bb<\/strong> en el icono marcado con la flecha para abrir la ventana de ajustes que hemos seleccionado.<\/p>\n<p style=\"text-align: center;\"><a href=\"https:\/\/www.fotonavia.com\/wp-content\/uploads\/2010\/07\/Virajes04.jpg\"><img loading=\"lazy\" decoding=\"async\" class=\"size-large wp-image-838  aligncenter\" title=\"Virajes04\" src=\"https:\/\/www.fotonavia.com\/wp-content\/uploads\/2010\/07\/Virajes04-600x489.jpg\" alt=\"\" width=\"600\" height=\"489\" \/><\/a><\/p>\n<p style=\"text-align: left;\">Seleccionamos <strong>Colorear<\/strong> y <strong>Previsualizar<\/strong> <strong><span style=\"color: #ff0000;\">(1)<\/span><\/strong>, y en los deslizables de <strong>Tono y Saturaci\u00f3n<\/strong> <strong><span style=\"color: #ff0000;\">(2)<\/span><\/strong>, ponemos los valores que creamos oportunos, yo para esta foto he escogido <strong>30<\/strong> en <strong>Tono<\/strong> y <strong>25<\/strong> en <strong>Saturaci\u00f3n<\/strong>, pero eso depende del d\u00eda que tiene cada uno, y de la foto a tratar, aunque para sepia no variar\u00e1 demasiado, de valores situados entre <strong>25<\/strong> y <strong>40<\/strong> aproximadamente en tono, y la saturaci\u00f3n al gusto del artista.<\/p>\n<p style=\"text-align: left;\">Le damos a <strong>OK<\/strong> <span style=\"color: #ff0000;\"><strong>(3)<\/strong><\/span> y ya est\u00e1, y si no nos gusta, <strong>\u00abdoble clic\u00bb<\/strong> en el icono se\u00f1alado en la imagen anterior con la flecha, y volvemos a la ventana de ajustes de <strong>Tono y Saturaci\u00f3n<\/strong> para rehacer los ajustes que creamos mas acertados, cuando acabemos, el resultado ser\u00e1 parecido a este:<\/p>\n<p style=\"text-align: center;\"><a href=\"https:\/\/www.fotonavia.com\/wp-content\/uploads\/2010\/07\/Virajes05.jpg\"><img loading=\"lazy\" decoding=\"async\" class=\"size-large wp-image-839  aligncenter\" title=\"Virajes05\" src=\"https:\/\/www.fotonavia.com\/wp-content\/uploads\/2010\/07\/Virajes05-600x368.jpg\" alt=\"\" width=\"600\" height=\"368\" \/><\/a><\/p>\n<p style=\"text-align: left;\">No obstante, y como estos virajes a veces \u00abempastan\u00bb un poco la foto, yo a veces les doy un toque personal, pongo la capa de <strong>Tono\/Saturaci\u00f3n<\/strong> en modo de fisi\u00f3n <strong>Multiplicar<\/strong> y juego con la opacidad de la capa, en este ejemplo eleg\u00ed un valor de <strong>80%<\/strong>.<\/p>\n<p style=\"text-align: center;\"><a href=\"https:\/\/www.fotonavia.com\/wp-content\/uploads\/2010\/07\/Virajes06.jpg\"><img loading=\"lazy\" decoding=\"async\" class=\"size-full wp-image-840  aligncenter\" title=\"Virajes06\" src=\"https:\/\/www.fotonavia.com\/wp-content\/uploads\/2010\/07\/Virajes06.jpg\" alt=\"\" width=\"481\" height=\"354\" \/><\/a><\/p>\n<p style=\"text-align: left;\">Y el resultado para mi, es mas atractivo, pero eso ya es cuesti\u00f3n de gustos&#8230;.<\/p>\n<p style=\"text-align: center;\"><a href=\"https:\/\/www.fotonavia.com\/wp-content\/uploads\/2010\/07\/Virajes07.jpg\"><img loading=\"lazy\" decoding=\"async\" class=\"size-large wp-image-841  aligncenter\" title=\"Virajes07\" src=\"https:\/\/www.fotonavia.com\/wp-content\/uploads\/2010\/07\/Virajes07-600x368.jpg\" alt=\"\" width=\"600\" height=\"368\" \/><\/a><\/p>\n<p style=\"text-align: left;\">Una vez \u00abvirada\u00bb la foto, puede ser conveniente reajustar curvas,\u00a0 niveles,\u00a0 contrastes \u00f3 lo que sea oportuno.<\/p>\n<p style=\"text-align: left;\"><strong>Si os gustan los virajes, os vendr\u00e1 de perlas saber los valores num\u00e9ricos de los tonos en RGB, as\u00ed que os pongo esta tabla tan descriptiva&#8230; <\/strong><\/p>\n<p style=\"text-align: center;\"><a href=\"https:\/\/www.fotonavia.com\/wp-content\/uploads\/2010\/07\/Virajes08.jpg\"><img loading=\"lazy\" decoding=\"async\" class=\"size-full wp-image-842  aligncenter\" title=\"Virajes08\" src=\"https:\/\/www.fotonavia.com\/wp-content\/uploads\/2010\/07\/Virajes08.jpg\" alt=\"\" width=\"450\" height=\"391\" \/><\/a><\/p>\n<div style=\"text-align: center;\"><strong>\u00a0<\/strong><\/div>\n<div style=\"text-align: center;\"><strong><a href=\"https:\/\/www.fotonavia.com\/?page_id=95\" target=\"_blank\">VOLVER A TRUCOS Y TUTORIALES<\/a><\/strong><\/div>\n","protected":false},"excerpt":{"rendered":"<p>Trucos y Tutoriales BLANCO Y NEGRO VIRAJES DE FOTOGRAF\u00cdAS EN BLANCO y NEGRO \u00a0 (Si la fotograf\u00eda a\u00fan est\u00e1 en color, la pasaremos a Blanco y Negro, tienes varios m\u00e9todos b\u00e1sicos muy bien descritos aqu\u00ed ) 1.-Abrir la imagen en Blanco y Negro Una vez que estamos con la imagen visible en la pantalla\u00a0de Photoshop, [&hellip;]<\/p>\n","protected":false},"author":1,"featured_media":0,"parent":95,"menu_order":0,"comment_status":"open","ping_status":"closed","template":"","meta":{"footnotes":""},"class_list":["post-834","page","type-page","status-publish","hentry"],"_links":{"self":[{"href":"https:\/\/www.fotonavia.com\/index.php?rest_route=\/wp\/v2\/pages\/834","targetHints":{"allow":["GET"]}}],"collection":[{"href":"https:\/\/www.fotonavia.com\/index.php?rest_route=\/wp\/v2\/pages"}],"about":[{"href":"https:\/\/www.fotonavia.com\/index.php?rest_route=\/wp\/v2\/types\/page"}],"author":[{"embeddable":true,"href":"https:\/\/www.fotonavia.com\/index.php?rest_route=\/wp\/v2\/users\/1"}],"replies":[{"embeddable":true,"href":"https:\/\/www.fotonavia.com\/index.php?rest_route=%2Fwp%2Fv2%2Fcomments&post=834"}],"version-history":[{"count":4,"href":"https:\/\/www.fotonavia.com\/index.php?rest_route=\/wp\/v2\/pages\/834\/revisions"}],"predecessor-version":[{"id":2252,"href":"https:\/\/www.fotonavia.com\/index.php?rest_route=\/wp\/v2\/pages\/834\/revisions\/2252"}],"up":[{"embeddable":true,"href":"https:\/\/www.fotonavia.com\/index.php?rest_route=\/wp\/v2\/pages\/95"}],"wp:attachment":[{"href":"https:\/\/www.fotonavia.com\/index.php?rest_route=%2Fwp%2Fv2%2Fmedia&parent=834"}],"curies":[{"name":"wp","href":"https:\/\/api.w.org\/{rel}","templated":true}]}}