{"id":873,"date":"2010-08-06T09:14:21","date_gmt":"2010-08-06T08:14:21","guid":{"rendered":"http:\/\/www.fotonavia.net\/?page_id=873"},"modified":"2013-12-15T14:52:35","modified_gmt":"2013-12-15T13:52:35","slug":"b-y-n-por-el-metodo-del-mezclador-de-canales","status":"publish","type":"page","link":"https:\/\/www.fotonavia.com\/?page_id=873","title":{"rendered":"B y N por el m\u00e9todo del mezclador de canales"},"content":{"rendered":"<h1 style=\"text-align: center;\"><a href=\"https:\/\/www.fotonavia.com\/?page_id=95\" target=\"_blank\">Trucos y Tutoriales<\/a><\/h1>\n<h6 style=\"text-align: center;\">BLANCO Y NEGRO<\/h6>\n<h3 style=\"text-align: center;\">B y N POR EL M\u00c9TODO DEL MEZCLADOR DE CANALES<\/h3>\n<p style=\"text-align: center;\">\u00a0<\/p>\n<p style=\"text-align: left;\">1.-Abrir la imagen<\/p>\n<p style=\"text-align: center;\"><a href=\"https:\/\/www.fotonavia.com\/wp-content\/uploads\/2010\/08\/MZC01.jpg\"><img loading=\"lazy\" decoding=\"async\" class=\"size-large wp-image-881  aligncenter\" title=\"MZC01\" src=\"https:\/\/www.fotonavia.com\/wp-content\/uploads\/2010\/08\/MZC01-600x368.jpg\" alt=\"\" width=\"600\" height=\"368\" \/><\/a><\/p>\n<p style=\"text-align: left;\">2.-Ajustar en color todo lo que nos apetezca, tratando de \u00abseparar\u00bb los colores lo mas posible para una mas f\u00e1cil edici\u00f3n en la conversi\u00f3n a B y N, aunque esto no siempre es necesario.<\/p>\n<p style=\"text-align: left;\">3.-Activa el Mezclador de canales de la siguiente forma: IMAGEN&gt;&gt;AJUSTES&gt;&gt;Mezclador de Canales<\/p>\n<p style=\"text-align: center;\"><a href=\"https:\/\/www.fotonavia.com\/wp-content\/uploads\/2010\/08\/MZC02.jpg\"><img loading=\"lazy\" decoding=\"async\" class=\"size-full wp-image-882  aligncenter\" title=\"MZC02\" src=\"https:\/\/www.fotonavia.com\/wp-content\/uploads\/2010\/08\/MZC02.jpg\" alt=\"\" width=\"500\" height=\"332\" srcset=\"https:\/\/www.fotonavia.com\/wp-content\/uploads\/2010\/08\/MZC02.jpg 500w, https:\/\/www.fotonavia.com\/wp-content\/uploads\/2010\/08\/MZC02-300x199.jpg 300w, https:\/\/www.fotonavia.com\/wp-content\/uploads\/2010\/08\/MZC02-72x48.jpg 72w\" sizes=\"auto, (max-width: 500px) 100vw, 500px\" \/><\/a><\/p>\n<p style=\"text-align: left;\">4.-Nos saldr\u00e1 esta ventana, en la que activaremos las casillas Previsualizar para ir viendo los resultados de nuestros ajustes en tiempo real, y Monocromo que convierte la imagen a Blanco y Negro.<\/p>\n<p style=\"text-align: center;\"><a href=\"https:\/\/www.fotonavia.com\/wp-content\/uploads\/2010\/08\/MZC03.jpg\"><img loading=\"lazy\" decoding=\"async\" class=\"size-full wp-image-883  aligncenter\" title=\"MZC03\" src=\"https:\/\/www.fotonavia.com\/wp-content\/uploads\/2010\/08\/MZC03.jpg\" alt=\"\" width=\"500\" height=\"367\" srcset=\"https:\/\/www.fotonavia.com\/wp-content\/uploads\/2010\/08\/MZC03.jpg 500w, https:\/\/www.fotonavia.com\/wp-content\/uploads\/2010\/08\/MZC03-300x220.jpg 300w\" sizes=\"auto, (max-width: 500px) 100vw, 500px\" \/><\/a><\/p>\n<p style=\"text-align: left;\">5.-Veremos que al marcar, la casilla Monocromo en la opci\u00f3n Canal de salida aparece la palabra Gris que confirma que el resultado ser\u00e1 una imagen en Blanco y Negro, as\u00ed mismo en la opci\u00f3n Ajuste preestablecido podemos seleccionar una de las opciones que simular\u00edan a los efectos conseguidos con filtros de colores en la fotograf\u00eda con pel\u00edcula de Blanco y Negro, (la de los rollos de toda la vida), como orientaci\u00f3n os doy alguna pista&#8230;<\/p>\n<p style=\"padding-left: 90px; text-align: left;\"><strong>Filtro Amarillo.&#8212;&gt;<\/strong>Realza las nubes y oscurece los cielos azules.<\/p>\n<p style=\"padding-left: 90px; text-align: left;\"><strong>Filtro Azul Filtro. &#8212;&gt;<\/strong>Aclara sujetos azules. Aumenta el brillo en paisajes.<\/p>\n<p style=\"padding-left: 90px; text-align: left;\"><strong>Filtro Naranja.&#8212;&gt;<\/strong>Realza algo m\u00e1s las nubes que el filtro amarillo.<\/p>\n<p style=\"padding-left: 90px; text-align: left;\"><strong>Filtro Verde.&#8212;&gt;<\/strong>Oscurece los cielos y aclara la vegetaci\u00f3n. Id\u00f3neo tambi\u00e9n para retratos.<\/p>\n<p style=\"padding-left: 90px; text-align: left;\"><strong>Filtro infrarrojo.&#8212;&gt;<\/strong>Aclara los verdes espectacularmente y oscurece los cielos.<\/p>\n<p style=\"padding-left: 90px; text-align: left;\"><strong>Filtro Rojo.&#8212;&gt;<\/strong>Oscurece los cielos azules, produciendo un efecto impactante de dramatismo. Aumenta contrastes.<\/p>\n<p style=\"text-align: center;\"><a href=\"https:\/\/www.fotonavia.com\/wp-content\/uploads\/2010\/08\/MZC04.jpg\"><img loading=\"lazy\" decoding=\"async\" class=\"size-full wp-image-884  aligncenter\" title=\"MZC04\" src=\"https:\/\/www.fotonavia.com\/wp-content\/uploads\/2010\/08\/MZC04.jpg\" alt=\"\" width=\"500\" height=\"366\" srcset=\"https:\/\/www.fotonavia.com\/wp-content\/uploads\/2010\/08\/MZC04.jpg 500w, https:\/\/www.fotonavia.com\/wp-content\/uploads\/2010\/08\/MZC04-300x219.jpg 300w\" sizes=\"auto, (max-width: 500px) 100vw, 500px\" \/><\/a><\/p>\n<p style=\"text-align: left;\">Tambi\u00e9n podemos hacer nuestro blanco y negro personalizado, moviendo a nuestro gusto los deslizadores de los canales de colores, mientras vamos observando el resultado, por defecto, Photoshop utiliza el canal rojo, pero podemos trabajar con la informaci\u00f3n recogida en los canales Verde y Azul. Lo que haremos es buscar el equilibrio entre los tres, de modo que la imagen quede a nuestro gusto.<\/p>\n<p style=\"text-align: left;\">Lo que si es importante es mantener la suma de los porcentajes de rojo, verde y azul en 100%, ya que de lo contrario obtendremos efectos no deseados.<\/p>\n<p style=\"text-align: left;\"><strong>Recordad, que para no perder brillo en la imagen es muy importante que la suma de todos los valores de los canales de la imagen sumen 100%.<\/strong><\/p>\n<p style=\"text-align: center;\"><a href=\"https:\/\/www.fotonavia.com\/wp-content\/uploads\/2010\/08\/MZC05.jpg\"><img loading=\"lazy\" decoding=\"async\" class=\"size-full wp-image-885  aligncenter\" title=\"MZC05\" src=\"https:\/\/www.fotonavia.com\/wp-content\/uploads\/2010\/08\/MZC05.jpg\" alt=\"\" width=\"500\" height=\"367\" srcset=\"https:\/\/www.fotonavia.com\/wp-content\/uploads\/2010\/08\/MZC05.jpg 500w, https:\/\/www.fotonavia.com\/wp-content\/uploads\/2010\/08\/MZC05-300x220.jpg 300w\" sizes=\"auto, (max-width: 500px) 100vw, 500px\" \/><\/a><\/p>\n<p style=\"text-align: left;\">Las opciones de resultados con este sistema son much\u00edsimas, por lo tanto no hag\u00e1is ni el mas m\u00ednimo caso del resultado que os muestro es tan solo uno de tantos que se pueden conseguir, el Blanco y Negro, lo haces a tu gusto. Este es solo un ejemplo<\/p>\n<p style=\"text-align: center;\"><a href=\"https:\/\/www.fotonavia.com\/wp-content\/uploads\/2010\/08\/MZC06.jpg\"><img loading=\"lazy\" decoding=\"async\" class=\"size-large wp-image-886  aligncenter\" title=\"MZC06\" src=\"https:\/\/www.fotonavia.com\/wp-content\/uploads\/2010\/08\/MZC06-600x368.jpg\" alt=\"\" width=\"600\" height=\"368\" \/><\/a><\/p>\n<p style=\"text-align: left;\">Para este resultado he usado los valores 24, 37, 39 (que como ver\u00e9is suman 100) que son los valores que simulan los resultados obtenidos con una pel\u00edcula m\u00edtica en Blanco y Negro, la Kodak T-Max.<\/p>\n<p style=\"text-align: left;\">La imagen en este m\u00e9todo, es tratada en RGB es decir en un sistema aditivo de colores basado en rojo, verde y azul, los colores primarios (en ingles <strong><span style=\"color: #ff0000;\">R<\/span>ED, <span style=\"color: #008000;\">G<\/span>REEN, Y <span style=\"color: #0000ff;\">B<\/span>LUE<\/strong>).<\/p>\n<p style=\"text-align: center;\"><a href=\"https:\/\/www.fotonavia.com\/wp-content\/uploads\/2010\/08\/MZC07.jpg\"><img loading=\"lazy\" decoding=\"async\" class=\"size-full wp-image-887  aligncenter\" title=\"MZC07\" src=\"https:\/\/www.fotonavia.com\/wp-content\/uploads\/2010\/08\/MZC07.jpg\" alt=\"\" width=\"180\" height=\"180\" \/><\/a><\/p>\n<p style=\"text-align: left;\">Con estos colores es posible representar cualquier color mediante la mezcla por adici\u00f3n de los tres colores de luz primarios, esto quiere decir que si la fotograf\u00eda esta bien expuesta es posible conseguir una gama de grises ampl\u00edsima, es un m\u00e9todo muy bueno e intuitivo, y muy f\u00e1cil de aplicar, no dejes de probarlo.<\/p>\n<p style=\"text-align: left;\">En mi ejemplo us\u00e9 los valores que simulan la pel\u00edcula fotogr\u00e1fica en Blanco y Negro, Kodak Tmax 100 y que son estos Kodak Tmax 100: 24,37,39 (es decir 24 el el Canal rojo, 37 en el canal verde, y 39 en el canal azul, que como ver\u00e9is suman 100, como debe ser).<\/p>\n<p style=\"text-align: center;\"><a href=\"https:\/\/www.fotonavia.com\/wp-content\/uploads\/2010\/08\/MZC08.jpg\"><img loading=\"lazy\" decoding=\"async\" class=\"size-full wp-image-888  aligncenter\" title=\"MZC08\" src=\"https:\/\/www.fotonavia.com\/wp-content\/uploads\/2010\/08\/MZC08.jpg\" alt=\"\" width=\"500\" height=\"367\" \/><\/a><\/p>\n<p style=\"text-align: left;\">A continuaci\u00f3n os dejo los valores que simulan las pel\u00edculas y filtros cl\u00e1sicos del blanco y negro Valores de pel\u00edculas en Blanco y Negro:<\/p>\n<p style=\"padding-left: 90px; text-align: left;\"><strong>Agfa 200X:<\/strong> 18,41,41<\/p>\n<p style=\"padding-left: 90px; text-align: left;\"><strong>Agfapan 25:<\/strong> 25,39,36<\/p>\n<p style=\"padding-left: 90px; text-align: left;\"><strong>Agfapan 100:<\/strong> 21,40,39<\/p>\n<p style=\"padding-left: 90px; text-align: left;\"><strong>Agfapan 400:<\/strong> 20,41,39<\/p>\n<p style=\"padding-left: 90px; text-align: left;\"><strong>Ilford Delta 100:<\/strong> 21,42,37<\/p>\n<p style=\"padding-left: 90px; text-align: left;\"><strong>Ilford Delta 400:<\/strong> 22,42,36<\/p>\n<p style=\"padding-left: 90px; text-align: left;\"><strong>Ilford Delta 400 Pro &amp; 3200:<\/strong> 31,36,33<\/p>\n<p style=\"padding-left: 90px; text-align: left;\"><strong>Ilford FP4:<\/strong> 28,41,31<\/p>\n<p style=\"padding-left: 90px; text-align: left;\"><strong>Ilford HP5:<\/strong> 23,37,40<\/p>\n<p style=\"padding-left: 90px; text-align: left;\"><strong>Ilford Pan F:<\/strong> 33,36,31<\/p>\n<p style=\"padding-left: 90px; text-align: left;\"><strong>Ilford SFX:<\/strong> 36,31,33<\/p>\n<p style=\"padding-left: 90px; text-align: left;\"><strong>Ilford XP2 S\u00faper:<\/strong> 21,42,37<\/p>\n<p style=\"padding-left: 90px; text-align: left;\"><strong>Kodak Tmax 100:<\/strong> 24,37,39<\/p>\n<p style=\"padding-left: 90px; text-align: left;\"><strong>Kodak Tmax 400:<\/strong> 27,36,37<\/p>\n<p style=\"padding-left: 90px; text-align: left;\"><strong>Kodak Tri-X:<\/strong> 25,35,40<\/p>\n<p style=\"text-align: left;\">\u00a0<\/p>\n<p style=\"text-align: left;\">Simulando los filtros que se utilizan delante del objetivo:<\/p>\n<p style=\"padding-left: 90px; text-align: left;\"><strong>Sin filtro:<\/strong> 40,30,30<\/p>\n<p style=\"padding-left: 90px; text-align: left;\"><strong>Filtro rojo:<\/strong> 90,10,0<\/p>\n<p style=\"padding-left: 90px; text-align: left;\"><strong>Filtro Naranja:<\/strong> 78,22,0<\/p>\n<p style=\"padding-left: 90px; text-align: left;\"><strong>Filtro Amarillo:<\/strong> 60,28,12<\/p>\n<p style=\"padding-left: 90px; text-align: left;\"><strong>Filtro Verde:<\/strong> 10,70,20<\/p>\n<p style=\"padding-left: 90px; text-align: left;\"><strong>Filtro Verde Oscuro:<\/strong> 50,0,50<\/p>\n<p style=\"padding-left: 90px; text-align: left;\"><strong>Filtro Verde Amarillo:<\/strong> 35,48,17<\/p>\n<p style=\"padding-left: 90px; text-align: left;\"><strong>Filtro Azul Suave:<\/strong> 50,50,0<\/p>\n<p style=\"text-align: left;\">\u00a0<\/p>\n<p style=\"text-align: left;\">Otros ajustes interesantes:<\/p>\n<p style=\"padding-left: 90px; text-align: left;\"><strong>Contraste normal:<\/strong> 43,33,30<\/p>\n<p style=\"padding-left: 90px; text-align: left;\"><strong>Alto contraste:<\/strong> 40,34,60<\/p>\n<p style=\"padding-left: 90px; text-align: left;\"><strong>Blanco y negro gen\u00e9rico:<\/strong> 24,68,8<\/p>\n<p style=\"padding-left: 90px; text-align: left;\"><strong>Una mas:<\/strong> 50,50,0<\/p>\n<p style=\"padding-left: 90px; text-align: left;\"><strong>Y otra:<\/strong> 25,75,0<\/p>\n<p style=\"text-align: left;\">\u00a0<\/p>\n<p style=\"text-align: left;\">Otras variantes en las que incluimos el valor Constante (el de la parte inferior de la pantalla del mezclador de canales) y que para su incursi\u00f3n, es preciso que cumpla la regla de sumar 100% en total, es decir, que si vamos a utilizar un valor de Constante, igual a -2 debemos sumar 102 en el total de la suma de los canales de los colores, para que al sumarle -2 nos d\u00e9 el resultado buscado: 100%<\/p>\n<p style=\"padding-left: 90px; text-align: left;\"><strong>Filtro Rojo:<\/strong> 100,15,0 y -15<\/p>\n<p style=\"padding-left: 90px; text-align: left;\"><strong>Filtro Verde:<\/strong> 35,55,20 y -10<\/p>\n<p style=\"padding-left: 90px; text-align: left;\"><strong>Filtro Azul:<\/strong> 15,15,80 y -10<\/p>\n<p style=\"padding-left: 90px; text-align: left;\"><strong>Filtro Amarillo:<\/strong> 60,30,12 y -2<\/p>\n<p style=\"padding-left: 90px; text-align: left;\"><strong>Filtro Naranja:<\/strong> 75,20,20 y -15<\/p>\n<p style=\"padding-left: 90px; text-align: left;\"><strong>Filtro Amarillo-Verde:<\/strong> 25,65,15 y -5<\/p>\n<p style=\"text-align: left;\">Los n\u00fameros del final (negativos, -15, -10, -2, etc.) se refieren al valor de la <span style=\"text-decoration: underline;\">Constante<\/span><\/p>\n<p style=\"text-align: left;\">No me dir\u00e9is, que no hay opciones&#8230;<\/p>\n<p style=\"text-align: left;\">\u00a0<\/p>\n<p style=\"text-align: center;\"><strong><a href=\"https:\/\/www.fotonavia.com\/?page_id=95\" target=\"_blank\">VOLVER A TRUCOS Y TUTORIALES<\/a><\/strong><\/p>\n","protected":false},"excerpt":{"rendered":"<p>Trucos y Tutoriales BLANCO Y NEGRO B y N POR EL M\u00c9TODO DEL MEZCLADOR DE CANALES \u00a0 1.-Abrir la imagen 2.-Ajustar en color todo lo que nos apetezca, tratando de \u00abseparar\u00bb los colores lo mas posible para una mas f\u00e1cil edici\u00f3n en la conversi\u00f3n a B y N, aunque esto no siempre es necesario. 3.-Activa [&hellip;]<\/p>\n","protected":false},"author":1,"featured_media":0,"parent":95,"menu_order":0,"comment_status":"closed","ping_status":"closed","template":"","meta":{"footnotes":""},"class_list":["post-873","page","type-page","status-publish","hentry"],"_links":{"self":[{"href":"https:\/\/www.fotonavia.com\/index.php?rest_route=\/wp\/v2\/pages\/873","targetHints":{"allow":["GET"]}}],"collection":[{"href":"https:\/\/www.fotonavia.com\/index.php?rest_route=\/wp\/v2\/pages"}],"about":[{"href":"https:\/\/www.fotonavia.com\/index.php?rest_route=\/wp\/v2\/types\/page"}],"author":[{"embeddable":true,"href":"https:\/\/www.fotonavia.com\/index.php?rest_route=\/wp\/v2\/users\/1"}],"replies":[{"embeddable":true,"href":"https:\/\/www.fotonavia.com\/index.php?rest_route=%2Fwp%2Fv2%2Fcomments&post=873"}],"version-history":[{"count":4,"href":"https:\/\/www.fotonavia.com\/index.php?rest_route=\/wp\/v2\/pages\/873\/revisions"}],"predecessor-version":[{"id":2250,"href":"https:\/\/www.fotonavia.com\/index.php?rest_route=\/wp\/v2\/pages\/873\/revisions\/2250"}],"up":[{"embeddable":true,"href":"https:\/\/www.fotonavia.com\/index.php?rest_route=\/wp\/v2\/pages\/95"}],"wp:attachment":[{"href":"https:\/\/www.fotonavia.com\/index.php?rest_route=%2Fwp%2Fv2%2Fmedia&parent=873"}],"curies":[{"name":"wp","href":"https:\/\/api.w.org\/{rel}","templated":true}]}}