{"id":89,"date":"2009-10-05T18:05:39","date_gmt":"2009-10-05T16:05:39","guid":{"rendered":"http:\/\/s299004171.mialojamiento.es\/Fotonavia\/?page_id=89"},"modified":"2020-11-22T16:05:19","modified_gmt":"2020-11-22T14:05:19","slug":"entrevistas","status":"publish","type":"page","link":"https:\/\/www.fotonavia.com\/?page_id=89","title":{"rendered":"Enlaces"},"content":{"rendered":"<h1 style=\"text-align: center;\">P\u00e1gina de enlaces de inter\u00e9s fotogr\u00e1fico<\/h1>\n<p>&nbsp;<\/p>\n<h3 style=\"text-align: left; padding-left: 30px;\">Galerias para ver buenas&nbsp;Fotograf\u00edas<\/h3>\n<p style=\"text-align: left;\"><a rel=\"noopener noreferrer\" href=\"http:\/\/1x.com\/\" target=\"_blank\">http:\/\/1x.com\/<\/a>&nbsp; (La mejor galer\u00eda de la red)<\/p>\n<p style=\"text-align: left;\"><a href=\"http:\/\/500px.com\/\">http:\/\/500px.com\/<\/a><\/p>\n<p style=\"text-align: left;\"><a href=\"http:\/\/www.pbase.com\/galleries\">http:\/\/www.pbase.com\/galleries<\/a><\/p>\n<p style=\"text-align: left;\"><a rel=\"noopener noreferrer\" href=\"http:\/\/www.flickr.com\/\" target=\"_blank\">http:\/\/www.flickr.com\/<\/a><\/p>\n<p style=\"text-align: left;\"><a rel=\"noopener noreferrer\" href=\"http:\/\/photo.net\/\" target=\"_blank\">http:\/\/photo.net\/<\/a><\/p>\n<p style=\"text-align: left;\"><a href=\"http:\/\/www.fotocommunity.es\/\">http:\/\/www.fotocommunity.es\/<\/a><\/p>\n<p style=\"text-align: left;\"><a href=\"http:\/\/browse.deviantart.com\/photography\/\">http:\/\/browse.deviantart.com\/photography\/<\/a><\/p>\n<p style=\"text-align: left;\"><a href=\"http:\/\/photography.nationalgeographic.com\/photography\/\">http:\/\/photography.nationalgeographic.com\/photography\/<\/a><\/p>\n<p style=\"text-align: left;\"><a href=\"http:\/\/lens.blogs.nytimes.com\/\">http:\/\/lens.blogs.nytimes.com\/<\/a>&nbsp;(Fotografia de reportaje)<\/p>\n<p style=\"text-align: left;\"><a href=\"http:\/\/blogs.publico.es\/mesadeluz\/\">http:\/\/blogs.publico.es\/mesadeluz\/<\/a>&nbsp;&nbsp;(Fotografia de reportaje)<\/p>\n<p style=\"text-align: left;\"><a href=\"http:\/\/blog.flickr.net\/en\">http:\/\/blog.flickr.net\/en<\/a>&nbsp;(Lo mejor de Flickr)<\/p>\n<p style=\"text-align: left;\"><a href=\"http:\/\/www.boston.com\/sports\/blogs\/bigshots\/\">http:\/\/www.boston.com\/sports\/blogs\/bigshots\/<\/a>&nbsp;(Fotografia deportiva)<\/p>\n<p style=\"text-align: left;\"><a href=\"http:\/\/photos.denverpost.com\/\">http:\/\/photos.denverpost.com\/<\/a>&nbsp; (Fotografia de reportaje)<\/p>\n<p style=\"text-align: left;\"><a href=\"http:\/\/mediastorm.com\/\">http:\/\/mediastorm.com\/<\/a>&nbsp;(Hibrido de Fotografia y Video, con algunos sencillamente maravillosos)<\/p>\n<p style=\"text-align: left;\"><a href=\"http:\/\/www.robgalbraith.com\/bins\/index.asp\">http:\/\/www.robgalbraith.com\/bins\/index.asp<\/a>&nbsp;(Una de las mas prestigisas autoridades del mundo de la fotografia digital)<\/p>\n<p>&nbsp;<\/p>\n<p>&nbsp;<\/p>\n<h3 style=\"text-align: left; padding-left: 30px;\">Webs&nbsp;sobre Fotograf\u00eda (en castellano)<\/h3>\n<p style=\"text-align: left;\"><a rel=\"noopener noreferrer\" href=\"http:\/\/www.backfocus.es\/\" target=\"_blank\">http:\/\/www.backfocus.es\/<\/a><\/p>\n<p style=\"text-align: left;\"><a rel=\"noopener noreferrer\" href=\"http:\/\/www.nikonistas.com\/\" target=\"_blank\">http:\/\/www.nikonistas.com\/<\/a><\/p>\n<p style=\"text-align: left;\"><a rel=\"noopener noreferrer\" href=\"http:\/\/www.canonistas.com\/\" target=\"_blank\">http:\/\/www.canonistas.com\/<\/a><\/p>\n<p style=\"text-align: left;\"><a rel=\"noopener noreferrer\" href=\"http:\/\/www.caborian.com\/\" target=\"_blank\">http:\/\/www.caborian.com\/<\/a><\/p>\n<p style=\"text-align: left;\"><a rel=\"noopener noreferrer\" href=\"http:\/\/www.fotografia.net\/\" target=\"_blank\">http:\/\/www.fotografia.net\/<\/a><\/p>\n<p style=\"text-align: left;\"><a rel=\"noopener noreferrer\" href=\"http:\/\/www.ojodigital.com\/\" target=\"_blank\">http:\/\/www.ojodigital.com\/<\/a><\/p>\n<p style=\"text-align: left;\"><a rel=\"noopener noreferrer\" href=\"http:\/\/www.dzoom.org.es\/\" target=\"_blank\">http:\/\/www.dzoom.org.es\/<\/a><\/p>\n<p style=\"text-align: left;\"><a rel=\"noopener noreferrer\" href=\"http:\/\/www.hugorodriguez.com\/\" target=\"_blank\">http:\/\/www.hugorodriguez.com\/<\/a><\/p>\n<p style=\"text-align: left;\"><a rel=\"noopener noreferrer\" href=\"http:\/\/www.jggweb.com\/\" target=\"_blank\">http:\/\/www.jggweb.com\/<\/a><\/p>\n<p style=\"text-align: left;\"><a rel=\"noopener noreferrer\" href=\"http:\/\/www.dslrmagazine.com\/\" target=\"_blank\">http:\/\/www.dslrmagazine.com\/<\/a><\/p>\n<p>&nbsp;<\/p>\n<p>&nbsp;<\/p>\n<h3 style=\"text-align: left; padding-left: 30px;\">Otras webs&nbsp;sobre Fotograf\u00eda<\/h3>\n<p><a rel=\"noopener noreferrer\" href=\"http:\/\/www.lifepixel.com\/\" target=\"_blank\">http:\/\/www.lifepixel.com\/<\/a>&nbsp;&nbsp; (De lo mejor en fotograf\u00eda Infrarroja)<\/p>\n<p style=\"text-align: left;\"><a href=\"http:\/\/www.wrotniak.net\/photo\/infrared\/\">http:\/\/www.wrotniak.net\/photo\/infrared\/<\/a>&nbsp;(Mas sobre &nbsp;fotograf\u00eda Infrarroja)<\/p>\n<p style=\"text-align: left;\"><a rel=\"noopener noreferrer\" href=\"http:\/\/proyectosolargrafia.wordpress.com\/\" target=\"_blank\">http:\/\/proyectosolargrafia.<wbr>wordpress.com\/<\/a>&nbsp; (Proyecto de Solarigraf\u00eda \u00abLos Caminos del Sol\u00bb)<\/p>\n<p>&nbsp;<\/p>\n<p>&nbsp;<\/p>\n<h3 style=\"text-align: left; padding-left: 30px;\">Foros sobre Fotograf\u00eda&nbsp;(en castellano)<\/h3>\n<p><a href=\"http:\/\/strobistenespanol.blogspot.com.es\/\">http:\/\/strobistenespanol.blogspot.com.es\/<\/a><\/p>\n<p style=\"text-align: left;\"><a rel=\"noopener noreferrer\" href=\"http:\/\/www.canonistas.com\/foros\/\" target=\"_blank\">http:\/\/www.canonistas.com\/foros\/<\/a><\/p>\n<p style=\"text-align: left;\"><a rel=\"noopener noreferrer\" href=\"http:\/\/www.ojodigital.com\/foro\/forum.php\" target=\"_blank\">http:\/\/www.ojodigital.com\/foro\/forum.php<\/a><\/p>\n<p style=\"text-align: left;\"><a rel=\"noopener noreferrer\" href=\"http:\/\/fotopopular.com\/smf2\/index.php\" target=\"_blank\">http:\/\/fotopopular.com\/smf2\/index.php<\/a><\/p>\n<p style=\"text-align: left;\"><a rel=\"noopener noreferrer\" href=\"http:\/\/www.caborian.com\/foro\/index.php\" target=\"_blank\">http:\/\/www.caborian.com\/foro\/index.php<\/a><\/p>\n<p style=\"text-align: left;\"><a rel=\"noopener noreferrer\" href=\"http:\/\/www.forocreativo.net\/\" target=\"_blank\">http:\/\/www.forocreativo.net\/<\/a><\/p>\n<p>&nbsp;<\/p>\n<p>&nbsp;<\/p>\n<h3 style=\"text-align: left; padding-left: 30px;\">P\u00e1ginas para aprender Photoshop<\/h3>\n<p style=\"text-align: left;\"><a href=\"http:\/\/www.canaladobe.com\/tag\/photoshop\/\">http:\/\/www.canaladobe.com\/tag\/photoshop\/<\/a>&nbsp; (Imprescindible para conocer las novedades)<\/p>\n<p style=\"text-align: left;\"><a href=\"http:\/\/www.fotografodigital.com\/2012\/03\/100-video-tutoriales-en-espanol\/\">http:\/\/www.fotografodigital.com\/2012\/03\/100-video-tutoriales-en-espanol\/<\/a>&nbsp; (Los tutoriales en video&nbsp;mejor explicados) IMPRESCINDIBLE!!!<\/p>\n<p style=\"text-align: left;\"><a rel=\"noopener noreferrer\" href=\"http:\/\/www.canalphotoshop.com\/foro\/index.php\" target=\"_blank\">http:\/\/www.canalphotoshop.com\/foro\/index.php<\/a><\/p>\n<p style=\"text-align: left;\"><a rel=\"noopener noreferrer\" href=\"https:\/\/www.photoshopeando.com\/\" target=\"_blank\">https:\/\/www.photoshopeando.com\/<\/a><\/p>\n<p style=\"text-align: left;\"><a rel=\"noopener noreferrer\" href=\"http:\/\/www.todo-photoshop.com\/\" target=\"_blank\">http:\/\/www.todo-photoshop.com\/<\/a><\/p>\n<p style=\"text-align: left;\"><a rel=\"noopener noreferrer\" href=\"http:\/\/www.solophotoshop.com\/\" target=\"_blank\">http:\/\/www.solophotoshop.com\/<\/a><\/p>\n<p style=\"text-align: left;\"><a rel=\"noopener noreferrer\" href=\"http:\/\/www.photoshop-designs.com\/foro\/\" target=\"_blank\">http:\/\/www.photoshop-designs.com\/foro\/<\/a><\/p>\n<p style=\"text-align: left;\"><a rel=\"noopener noreferrer\" href=\"http:\/\/www.telefonica.net\/web2\/photoshopparafotografos\/index.html\" target=\"_blank\">http:\/\/www.telefonica.net\/web2\/photoshopparafotografos\/index.html<\/a><\/p>\n<p style=\"text-align: left;\"><a rel=\"noopener noreferrer\" href=\"http:\/\/www.photoshopcafe.com\/index.htm\" target=\"_blank\">http:\/\/www.photoshopcafe.com\/index.htm<\/a><\/p>\n<p style=\"text-align: left;\"><a rel=\"noopener noreferrer\" href=\"http:\/\/www.foro-creativo.com\/\" target=\"_blank\">http:\/\/www.foro-creativo.com\/<\/a><\/p>\n<p style=\"text-align: left;\"><a rel=\"noopener noreferrer\" href=\"http:\/\/www.photoshop-scripts.com\/public\/foro\/index.php\" target=\"_blank\">http:\/\/www.photoshop-scripts.com\/public\/foro\/index.php<\/a><\/p>\n<p style=\"text-align: left;\"><a rel=\"noopener noreferrer\" href=\"http:\/\/psd.tutsplus.com\/\" target=\"_blank\">http:\/\/psd.tutsplus.com\/<\/a><\/p>\n<p style=\"text-align: left;\"><a rel=\"noopener noreferrer\" href=\"http:\/\/www.good-tutorials.com\/tutorials\/photography\" target=\"_blank\">http:\/\/www.good-tutorials.com\/tutorials\/photography<\/a><\/p>\n<p style=\"text-align: left;\"><a rel=\"noopener noreferrer\" href=\"http:\/\/www.photoshopcafe.com\/\" target=\"_blank\">http:\/\/www.photoshopcafe.com\/<\/a><\/p>\n<p style=\"text-align: left;\"><a rel=\"noopener noreferrer\" href=\"http:\/\/www.planetphotoshop.com\/category\/tutorials\" target=\"_blank\">http:\/\/www.planetphotoshop.com\/category\/tutorials<\/a><\/p>\n<p style=\"text-align: left;\"><a rel=\"noopener noreferrer\" href=\"http:\/\/zonaphotoshop.com\/category\/tutoriales\/\" target=\"_blank\">http:\/\/zonaphotoshop.com\/category\/tutoriales\/<\/a><\/p>\n<p>&nbsp;<\/p>\n<p>&nbsp;<\/p>\n<h3 style=\"text-align: left; padding-left: 30px;\">Recursos para Fotograf\u00eda<\/h3>\n<p><a rel=\"noopener noreferrer\" href=\"https:\/\/www.lightpollutionmap.info\/#zoom=10.04&amp;lat=43.4206&amp;lon=-6.5296&amp;layers=B0TFFFFFFFFFFFFFFF\" target=\"_blank\">https:\/\/www.lightpollutionmap.info\/#zoom=10.04&amp;lat=43.4206&amp;lon=-6.5296&amp;layers=B0TFFFFFFFFFFFFFFF<\/a>&nbsp; (Mapa Contaminaci\u00f3n L\u00faminica)<\/p>\n<p>&nbsp;<\/p>\n<p>&nbsp;<\/p>\n<p>&nbsp;<\/p>\n<h3 style=\"text-align: left; padding-left: 30px;\">P\u00e1ginas de Fotograf\u00eda amigas de Fotonavia<\/h3>\n<p>&nbsp;<\/p>\n<p style=\"text-align: left;\"><a rel=\"noopener noreferrer\" href=\"http:\/\/osnegativosviveiro.blogspot.com\/\" target=\"_blank\">http:\/\/osnegativosviveiro.blogspot.com\/<\/a>&nbsp; (El grupo de Viveiro hermando con Fotonavia)<\/p>\n<p>&nbsp;<\/p>\n<h4 style=\"text-align: center;\"><em><span style=\"text-decoration: underline;\">Esta p\u00e1gina de enlaces estar\u00e1 en permanente actualizaci\u00f3n.<\/span><\/em><\/h4>\n","protected":false},"excerpt":{"rendered":"<p>P\u00e1gina de enlaces de inter\u00e9s fotogr\u00e1fico &nbsp; Galerias para ver buenas&nbsp;Fotograf\u00edas http:\/\/1x.com\/&nbsp; (La mejor galer\u00eda de la red) http:\/\/500px.com\/ http:\/\/www.pbase.com\/galleries http:\/\/www.flickr.com\/ http:\/\/photo.net\/ http:\/\/www.fotocommunity.es\/ http:\/\/browse.deviantart.com\/photography\/ http:\/\/photography.nationalgeographic.com\/photography\/ http:\/\/lens.blogs.nytimes.com\/&nbsp;(Fotografia de reportaje) http:\/\/blogs.publico.es\/mesadeluz\/&nbsp;&nbsp;(Fotografia de reportaje) http:\/\/blog.flickr.net\/en&nbsp;(Lo mejor de Flickr) http:\/\/www.boston.com\/sports\/blogs\/bigshots\/&nbsp;(Fotografia deportiva) http:\/\/photos.denverpost.com\/&nbsp; (Fotografia de reportaje) http:\/\/mediastorm.com\/&nbsp;(Hibrido de Fotografia y Video, con algunos sencillamente maravillosos) http:\/\/www.robgalbraith.com\/bins\/index.asp&nbsp;(Una de las mas prestigisas [&hellip;]<\/p>\n","protected":false},"author":1,"featured_media":0,"parent":0,"menu_order":7,"comment_status":"closed","ping_status":"closed","template":"","meta":{"footnotes":""},"class_list":["post-89","page","type-page","status-publish","hentry"],"_links":{"self":[{"href":"https:\/\/www.fotonavia.com\/index.php?rest_route=\/wp\/v2\/pages\/89","targetHints":{"allow":["GET"]}}],"collection":[{"href":"https:\/\/www.fotonavia.com\/index.php?rest_route=\/wp\/v2\/pages"}],"about":[{"href":"https:\/\/www.fotonavia.com\/index.php?rest_route=\/wp\/v2\/types\/page"}],"author":[{"embeddable":true,"href":"https:\/\/www.fotonavia.com\/index.php?rest_route=\/wp\/v2\/users\/1"}],"replies":[{"embeddable":true,"href":"https:\/\/www.fotonavia.com\/index.php?rest_route=%2Fwp%2Fv2%2Fcomments&post=89"}],"version-history":[{"count":24,"href":"https:\/\/www.fotonavia.com\/index.php?rest_route=\/wp\/v2\/pages\/89\/revisions"}],"predecessor-version":[{"id":3434,"href":"https:\/\/www.fotonavia.com\/index.php?rest_route=\/wp\/v2\/pages\/89\/revisions\/3434"}],"wp:attachment":[{"href":"https:\/\/www.fotonavia.com\/index.php?rest_route=%2Fwp%2Fv2%2Fmedia&parent=89"}],"curies":[{"name":"wp","href":"https:\/\/api.w.org\/{rel}","templated":true}]}}