{"id":890,"date":"2010-08-28T08:45:35","date_gmt":"2010-08-28T07:45:35","guid":{"rendered":"http:\/\/www.fotonavia.net\/?page_id=890"},"modified":"2013-12-15T15:06:09","modified_gmt":"2013-12-15T14:06:09","slug":"consejos-para-hacer-fotografia-nocturna","status":"publish","type":"page","link":"https:\/\/www.fotonavia.com\/?page_id=890","title":{"rendered":"Fotograf\u00eda nocturna, consejos pr\u00e1cticos"},"content":{"rendered":"<h1 style=\"text-align: center;\"><a href=\"https:\/\/www.fotonavia.com\/wp-content\/uploads\/2010\/08\/Una-noche-en-Silencio.jpg\"><\/a><a href=\"https:\/\/www.fotonavia.com\/?page_id=95\" target=\"_blank\">Trucos y Tutoriales<\/a><\/h1>\n<h6 style=\"text-align: center;\">T\u00c9CNICAS FOTOGR\u00c1FICAS<\/h6>\n<h3 style=\"text-align: center;\">FOTOGRAF\u00cdA NOCTURNA, CONSEJOS PR\u00c1CTICOS<\/h3>\n<p style=\"text-align: center;\">\u00a0<\/p>\n<p style=\"text-align: left;\">La fotograf\u00eda nocturna, es una de las t\u00e9cnicas\u00a0m\u00e1s\u00a0llamativas y mas agradecidas (si se me permite la expresi\u00f3n&#8230;)\u00a0 para fot\u00f3grafos y\u00a0aficionados. La gran cantidad de efectos \u00f3pticos, el cromatismo espectacular\u00a0e imprevisible en muchas ocasiones,\u00a0las l\u00edneas y figuras que se forman, son el gran atractivo de esta especialidad y todo ello es debido a los largos tiempos de exposici\u00f3n que se emplean. La fotograf\u00eda nocturna es un reto, un desaf\u00edo, que pone a prueba nuestra visi\u00f3n fotogr\u00e1fica y nuestros conocimientos sobre esta materia, pero a la vez, nos\u00a0brinda\u00a0a los\u00a0fot\u00f3grafos la oportunidad de\u00a0explotar\u00a0nuestra creatividad y crear im\u00e1genes\u00a0 realmente atractivas y en ocasiones muy impactantes.<\/p>\n<p style=\"text-align: left;\">La noche y sus condiciones lum\u00ednicas son tan cambiantes que no se pueden marcar unas reglas que garanticen el exito en nuestras fotograf\u00edas, ya que lo que vale para un momento seguramente no nos servir\u00eda para unos minutos despues, pero si existen unas pautas que nos pueden ayudar a obtener mejores resultados.<\/p>\n<p style=\"text-align: left;\">En este articulo, y por todo lo dicho anteriormente, \u00a0solo intentar\u00e9 daros unos consejos para que cuando salg\u00e1is a fotografiar la noche, sep\u00e1is captarla en toda su belleza.<\/p>\n<p style=\"text-align: center;\"><strong><span style=\"text-decoration: underline;\">Consejos para\u00a0 nuestras salidas fotogr\u00e1ficas nocturnas<\/span><\/strong><\/p>\n<p style=\"text-align: center;\"><strong><span style=\"text-decoration: underline;\">PREPARACI\u00d3N DE LA EXCURSI\u00d3N<\/span><\/strong><\/p>\n<p style=\"text-align: left;\"><strong>Estudia el terreno<\/strong>. Es conveniente visitar de d\u00eda el lugar al que vamos a ir a hacer fotos nocturnas, para buscar localizaciones y previsualizar encuadres, para\u00a0observar posibles peligros de los accesos o del terreno.<\/p>\n<p style=\"text-align: left;\"><strong>Escoge las condiciones adecuadas<\/strong>. La climatolog\u00eda, la fase lunar, las mareas si vas a ir a la costa&#8230; son cosas previsibles y que debemos valorar para que nuestra salida sea lo mas fruct\u00edfera y satisfactoria.<\/p>\n<p style=\"text-align: left;\"><strong>No vayas solo<\/strong>. No es nada aconsejable ir solo, por seguridad y por si acaso tienes algun peque\u00f1o accidente o alguna\u00a0caida, adem\u00e1s de que no est\u00e1 nada\u00a0mal un poco de charla mientras esperas los largos tiempos de exposici\u00f3n.<\/p>\n<p style=\"text-align: left;\"><strong>Lleva una linterna<\/strong>. Y llevate pilas de repuesto para ella, si la sesi\u00f3n se alarga es conveniente tener garantizada una vuelta a casa o al coche sin riesgos a\u00f1adidos.<\/p>\n<p style=\"text-align: left;\"><strong>Planifica la excursi\u00f3n<\/strong>.\u00a0No cargues con cosas innecesarias, solo el quipo que necesitar\u00e1s, ropa de abrigo, bater\u00edas de repuesto, una botellita de agua, un tel\u00e9fono m\u00f3vil cargado a tope y sobre todo avisa a alguien de tu salida y de adonde vas a ir.<\/p>\n<p style=\"text-align: center;\"><strong><span style=\"text-decoration: underline;\">CONSEJOS T\u00c9CNICOS<\/span><\/strong><\/p>\n<p style=\"text-align: left;\"><strong>Utiliza el ISO menor que admita tu c\u00e1mara<\/strong>. La fotograf\u00eda nocturna, por sus largas exposiciones, provoca la aparici\u00f3n del llamado \u00abruido fotogr\u00e1fico\u00bb, un grano similar al producido al disparar con valores\u00a0ISO muy altos, de ah\u00ed la conveniencia de reducir la sensibilidad ISO para no aumentar este efecto mas all\u00e1 de lo deseable. Ojo, nunca uses ISO autom\u00e1tico, si tienes dudas revisa el manual de tu c\u00e1mara.<\/p>\n<p style=\"text-align: left;\"><strong>Evita fotos movidas<\/strong>. Utiliza un tr\u00edpode estable y un cale disparador o un mando a distancia para no provocar vibraciones al pulsar el disparador de la c\u00e1mara, tambi\u00e9n es conveniente utilizar el levantamiento de espejo si tu c\u00e1mara es una r\u00e9flex y dispone de esta opci\u00f3n.<\/p>\n<p style=\"text-align: left;\"><strong>Tapa el ocular de la c\u00e1mara<\/strong>. La entrada de luz no deseada por el ocular es muy f\u00e1cil de evitar, tapando el ocular, casi todas las c\u00e1maras disponen de una tapita para ello y en su ausencia cualquier otro m\u00e9todo es v\u00e1lido&#8230; un trocito de cinta aislante por ejemplo.<\/p>\n<p style=\"text-align: left;\"><strong>Enfoca a mano<\/strong>. El autofocus de tu c\u00e1mara probablemente se volver\u00e1 loco intentando enfocar sin conseguirlo si lo tienes en modo autom\u00e1tico, ponlo en modo manual y enfoca mirando el aro de distancias, si fotograf\u00edas un paisaje ponlo un poco antes del infinito y por supuesto&#8230; si controlas la t\u00e9cnica de la \u00abhiperfocal\u00bb este es el momento ideal para ponerla en pr\u00e1ctica, si no sabes de que estoy hablando con esta palabra tan rimbombante, no te preocupes, pronto prepararemos un articulo sobre ello, mientras tanto lo dicho&#8230; enfoca un poquito antes del infinito y deja el autofocus en modo manual.\u00a0<\/p>\n<p style=\"text-align: left;\"><strong>Reduce\u00a0el calentamiento del sensor<\/strong>.\u00a0Uno de los problemas que te encontrar\u00e1s practicando estas t\u00e9cnicas es la aparici\u00f3n de \u00abpixeles calientes\u00bb en nuestras im\u00e1genes, unos puntitos generalmente rojos o azules que aparecen de forma no deseada y que son producidos por un exceso de calor en nuestro sensor debido al trabajo continuado durante periodos de tiempo mucho mayores a los que fueron previstos al ser dise\u00f1ados&#8230; \u00bfcomo evitar esto?&#8230; pues dejando enfriar la c\u00e1mara un ratito entre disparo y disparo, se aminora este efecto, si lo que pretendemos es captar el movimiento de las estrellas es mejor hacer 4 tomas de 5 minutos que una de 20&#8230; y mezclaras luego en PhotoShop, tambi\u00e9n se puede usar la t\u00e9cnica llamada \u00abdark frame\u00bb que consiste en hacer una toma con la tapa del objetivo puesta y con el mismo tiempo de exposici\u00f3n que la foto que hemos realizado, para que solo salgan en ella estos \u00abpixeles calientes\u00bb y luego en PhotoShop \u00abrestarla\u00bb de la imagen captada, esto es muy usado en fotograf\u00eda\u00a0 de astrolog\u00eda, pero no os asust\u00e9is, nuestras c\u00e1maras actuales (o la mayor\u00eda de ellas&#8230;) tienen una opci\u00f3n llamada generalmente \u00a0\u00abReducci\u00f3n de ruido en largas exposiciones\u00bb que hace todo esto de forma autom\u00e1tica, eso si despu\u00e9s de una foto de 10 minutos tendremos que esperar otros tantos a que la c\u00e1mara complete este proceso, una pesadez, pero que nos ahorra todo ese rollo\u00a0del \u00abdark frame\u00bb, en fin cada uno que act\u00fae como crea conveniente.<\/p>\n<p style=\"text-align: left;\"><strong>Desactiva el estabilizador de imagen<\/strong>. Los objetivos que tienen este mecanismo y los cuerpos de c\u00e1mara que tambien lo incorporan,\u00a0 absorben vibraciones de alta frecuencia, pero\u00a0despues permanecen en movimiento hasta\u00a0unos 10 o 12\u00a0segundos despu\u00e9s de cualquier vibraci\u00f3n, haciendo que las fotos de larga exposici\u00f3n\u00a0parezcan movidas. Lo mejor desactivarlo para fotos nocturnas.<\/p>\n<p style=\"text-align: left;\"><strong>Mide la luz<\/strong>. Aqu\u00ed est\u00e1 uno de los puntos que mas dudas genera las primeras veces que hacemos fotos nocturnas, os explicar\u00e9 un m\u00e9todo sencillo y eficaz. Sube el ISO de tu c\u00e1mara provisionalmente para hacer unas capturas de prueba, por ejemplo yo suelo poner<strong><em> ISO 6400<\/em><\/strong> y una abertura media de diafragma, por ejemplo <strong>f8<\/strong> \u00f3 <strong>f11<\/strong> y para hallar el tiempo de exposici\u00f3n adecuado voy disparando<strong><em> de 10 en 10 segundos<\/em><\/strong>, si veo que lo que mas se acerca a un resultado buscado est\u00e1 alrededor de 20 segundos (por ejemplo, repito&#8230;) tanteo una nueva prueba a 18 o a 22 segundos, para afinar resultados y tratando de vigilar el histograma de la imagen captada&#8230;\u00a0(art\u00edculo sobre el histograma, <a href=\"https:\/\/www.fotonavia.com\/?p=678\" target=\"_blank\">aqu\u00ed<\/a>) olvid\u00e9monos del grano y del ruido de momento, esto solo son pruebas de medici\u00f3n de luz que eliminaremos posteriormente&#8230; Bien, supongamos que ya hemos averiguado la cantidad de segundos de exposici\u00f3n que ser\u00eda adecuada a ese valor ISO 6400 que hemos utilizado de prueba, y el valor ideal es de 22 segundos, pero claro eso no nos vale para disparar a ISO 200 que es lo que queremos&#8230; la formula para hallar el tiempo correcto es sencill\u00edsima, basta con dividir el valor del ISO de prueba\u00a0por el ISO de disparo y el resultado multiplicarlo por la medici\u00f3n escogida&#8230; vamos con el ejemplo y se entender\u00e1 mas f\u00e1cilmente.\u00a0<\/p>\n<p style=\"text-align: left;\"><strong>ISO de PRUEBA (<span style=\"color: #ff0000;\">6400<\/span>)<\/strong><\/p>\n<p style=\"text-align: left;\"><strong>___________________\u00a0\u00a0\u00a0 \u00a0 <span style=\"color: #ff0000;\">X<\/span>\u00a0\u00a0\u00a0\u00a0 \u00a0 Tiempo de medici\u00f3n (<span style=\"color: #ff0000;\">22 Seg<\/span>.)<\/strong><\/p>\n<p style=\"text-align: left;\"><strong>ISO de DISPARO (<span style=\"color: #ff0000;\">200<\/span>)<\/strong><\/p>\n<p style=\"text-align: left;\">Es decir, el resultado de nuestro ejemplo ser\u00eda&#8230;<\/p>\n<h3 style=\"text-align: left;\"><span style=\"color: #ff0000;\">6400\/200= 32\u00a0\u00a0\u00a0\u00a0\u00a0 x 22 seg. = 704 segundos\u00a0 \u00a0(11 minutos y 44 segundos)<\/span><\/h3>\n<p style=\"text-align: left;\">\u00a0<\/p>\n<p style=\"text-align: left;\">Estos consejos son mas que suficientes para captar imagenes de calidad en nuestras salidas nocturnas, ahora lo que resta es tener suerte con la elecci\u00f3n del lugar y el momento y acertar con un encuadre bonito y atractivo.<\/p>\n<p style=\"text-align: left;\">Os dejo un ejemplo de una de mis \u00faltimas fotografias nocturnas&#8230;\u00a0tres y media de la madrugada, 611 segundos de exposici\u00f3n y una noche fant\u00e1stica, espero que os guste.<\/p>\n<p style=\"text-align: center;\">\u00a0<img loading=\"lazy\" decoding=\"async\" class=\"aligncenter\" title=\"Una-noche-en-Silencio\" src=\"https:\/\/www.fotonavia.com\/wp-content\/uploads\/2010\/08\/Una-noche-en-Silencio.jpg\" alt=\"\" width=\"600\" height=\"399\" \/><\/p>\n<p style=\"text-align: left;\">\u00a0En resumen este es el modo correcto de actuaci\u00f3n a la hora de hacer fotos de este tipo&#8230;<\/p>\n<p style=\"text-align: left;\">1.-<strong>Lo primero es colocar\u00a0el tr\u00edpode de forma muy estable, y componer la imagen<\/strong>.<\/p>\n<p style=\"text-align: left;\"><strong>2.-Elegimos el diafragma adecuado para obtener la mejor\u00a0 nitidez y la profundidad de campo mas adecuada.<\/strong><\/p>\n<p style=\"text-align: left;\"><strong>3.-Enfocar\u00a0en modo\u00a0manual, de acuerdo con la zona que queremos que salga enfocada y bloqueamos el enfoque en este modo manual para que el AF no se vuelva loco queriendo enfocar<\/strong><\/p>\n<p style=\"text-align: left;\">4.-<strong>Calculamos el tiempo de exposici\u00f3n o bien con el m\u00e9todo descrito en este articulo o con cualquier otro que nos funcione igual de bien.<\/strong><\/p>\n<p style=\"text-align: left;\"><strong>5<\/strong>.-<strong>Colocamos\u00a0el filtro neutro y tapamos el visor trasero de la c\u00e1mara para evitar luces par\u00e1sitas o flares.<\/strong><\/p>\n<p style=\"text-align: left;\"><strong>6.-Por \u00faltimo fijamos la exposici\u00f3n en\u00a0BULB y\u00a0disparamos con un mando o cable\u00a0a distancia para que no se mueva la c\u00e1mara controlando el tiempo calculado anteriormente para cortar la exposici\u00f3n cuando lo creamos oportuno.<\/strong><\/p>\n<p style=\"text-align: left;\">Solo queda comprobar el resultado en el visor de la c\u00e1mara aumentando el zoom para asegurarnos de que la imagen no est\u00e1 movida y mirando el histograma para asegurarnos de que la exposici\u00f3n ha sido correcta y en caso contrario poder repetirla.<\/p>\n<p style=\"text-align: left;\">\u00a0<\/p>\n<p style=\"text-align: left;\"><strong><em><span style=\"text-decoration: underline;\">Consejos finales.:<\/span><\/em><\/strong><\/p>\n<p style=\"text-align: left;\">Recuerda que si hace viento es aconsejable colgar peso (la mochila por ejemplo) del\u00a0tr\u00edpode para aumentar su estabilidad y colocarnos de forma que lo\u00a0tapemos el viento para evitar en lo posible que se mueva mientras est\u00e1 disparado.<\/p>\n<p style=\"text-align: left;\">Trata de no utilizar aberturas muy cerradas f16 o f22 a no ser que busques una profundidad de campo extrema, ya que si tienes manchas en el sensor o huellas en el filtro, estas se ver\u00e1n de forma mucho mas evidente en la imagen final. Adem\u00e1s usando aberturas alrededor de f8 o f11 casi siempre conseguiremos sacar al objetivo el m\u00e1ximo rendimiento en cuanto a nitidez se refiere.<\/p>\n<p style=\"text-align: center;\">\u00a0<\/p>\n<div style=\"text-align: center;\"><strong><a href=\"https:\/\/www.fotonavia.com\/?page_id=95\" target=\"_self\">VOLVER A TRUCOS Y TUTORIALES<\/a><\/strong><\/div>\n","protected":false},"excerpt":{"rendered":"<p>Trucos y Tutoriales T\u00c9CNICAS FOTOGR\u00c1FICAS FOTOGRAF\u00cdA NOCTURNA, CONSEJOS PR\u00c1CTICOS \u00a0 La fotograf\u00eda nocturna, es una de las t\u00e9cnicas\u00a0m\u00e1s\u00a0llamativas y mas agradecidas (si se me permite la expresi\u00f3n&#8230;)\u00a0 para fot\u00f3grafos y\u00a0aficionados. La gran cantidad de efectos \u00f3pticos, el cromatismo espectacular\u00a0e imprevisible en muchas ocasiones,\u00a0las l\u00edneas y figuras que se forman, son el gran atractivo de esta [&hellip;]<\/p>\n","protected":false},"author":1,"featured_media":0,"parent":95,"menu_order":0,"comment_status":"closed","ping_status":"closed","template":"","meta":{"footnotes":""},"class_list":["post-890","page","type-page","status-publish","hentry"],"_links":{"self":[{"href":"https:\/\/www.fotonavia.com\/index.php?rest_route=\/wp\/v2\/pages\/890","targetHints":{"allow":["GET"]}}],"collection":[{"href":"https:\/\/www.fotonavia.com\/index.php?rest_route=\/wp\/v2\/pages"}],"about":[{"href":"https:\/\/www.fotonavia.com\/index.php?rest_route=\/wp\/v2\/types\/page"}],"author":[{"embeddable":true,"href":"https:\/\/www.fotonavia.com\/index.php?rest_route=\/wp\/v2\/users\/1"}],"replies":[{"embeddable":true,"href":"https:\/\/www.fotonavia.com\/index.php?rest_route=%2Fwp%2Fv2%2Fcomments&post=890"}],"version-history":[{"count":4,"href":"https:\/\/www.fotonavia.com\/index.php?rest_route=\/wp\/v2\/pages\/890\/revisions"}],"predecessor-version":[{"id":2258,"href":"https:\/\/www.fotonavia.com\/index.php?rest_route=\/wp\/v2\/pages\/890\/revisions\/2258"}],"up":[{"embeddable":true,"href":"https:\/\/www.fotonavia.com\/index.php?rest_route=\/wp\/v2\/pages\/95"}],"wp:attachment":[{"href":"https:\/\/www.fotonavia.com\/index.php?rest_route=%2Fwp%2Fv2%2Fmedia&parent=890"}],"curies":[{"name":"wp","href":"https:\/\/api.w.org\/{rel}","templated":true}]}}