{"id":909,"date":"2010-09-10T15:36:51","date_gmt":"2010-09-10T14:36:51","guid":{"rendered":"http:\/\/www.fotonavia.net\/?page_id=909"},"modified":"2013-12-15T15:19:24","modified_gmt":"2013-12-15T14:19:24","slug":"909-2","status":"publish","type":"page","link":"https:\/\/www.fotonavia.com\/?page_id=909","title":{"rendered":"Fotograf\u00eda envejecida con texturas"},"content":{"rendered":"<h1 style=\"text-align: center;\"><a href=\"https:\/\/www.fotonavia.com\/?page_id=95\" target=\"_blank\">Trucos y Tutoriales<\/a><\/h1>\n<h6 style=\"text-align: center;\">PROCESADOS ARTISITCOS\u00a0 EN\u00a0 PHOTOSHOP<\/h6>\n<h3 style=\"text-align: center;\">FOTOGRAFIA ENVEJECIDA CON EL METODO DE APLICACION DE TEXTURAS<\/h3>\n<p style=\"text-align: center;\">\u00a0<\/p>\n<p>En primer lugar queremos agradecer a JLuis, uno de nuestros grandes\u00a0compa\u00f1eros del foro esta gran aportaci\u00f3n a\u00a0 Fotonavia,\u00a0 la creaci\u00f3n de un tutorial interesante como pocos sobre como dar a una imagen un aspecto de fotograf\u00eda envejecida mediante un m\u00e9todo muy \u00fatil y pr\u00e1ctico. MUCHAS GRACIAS\u00a0 JLUIS<\/p>\n<p style=\"text-align: left;\">El primer paso ser\u00e1 descargar de internet una textura para photoshop de \u201cpapel viejo\u201d. La imagen que os muestro la descargu\u00e9 haciendo una b\u00fasqueda en google por \u201cold paper\u201d.<\/p>\n<p style=\"text-align: center;\"><a href=\"https:\/\/www.fotonavia.com\/wp-content\/uploads\/2010\/09\/image002.jpg\"><img loading=\"lazy\" decoding=\"async\" class=\"aligncenter size-full wp-image-911\" title=\"image002\" src=\"https:\/\/www.fotonavia.com\/wp-content\/uploads\/2010\/09\/image002.jpg\" alt=\"\" width=\"367\" height=\"245\" srcset=\"https:\/\/www.fotonavia.com\/wp-content\/uploads\/2010\/09\/image002.jpg 367w, https:\/\/www.fotonavia.com\/wp-content\/uploads\/2010\/09\/image002-300x200.jpg 300w, https:\/\/www.fotonavia.com\/wp-content\/uploads\/2010\/09\/image002-72x48.jpg 72w\" sizes=\"auto, (max-width: 367px) 100vw, 367px\" \/><\/a><\/p>\n<p style=\"text-align: left;\">El siguiente paso ser\u00e1 abrir en C\u00e1mera Raw la foto que queremos envejecer. Para ello vamos a Bridge y pulsando sobre la foto con el bot\u00f3n derecho del rat\u00f3n, seleccionamos abrir en C\u00e1mera Raw.<\/p>\n<p style=\"text-align: center;\"><a href=\"https:\/\/www.fotonavia.com\/wp-content\/uploads\/2010\/09\/image004.jpg\"><img loading=\"lazy\" decoding=\"async\" class=\"aligncenter size-full wp-image-912\" title=\"image004\" src=\"https:\/\/www.fotonavia.com\/wp-content\/uploads\/2010\/09\/image004.jpg\" alt=\"\" width=\"426\" height=\"563\" srcset=\"https:\/\/www.fotonavia.com\/wp-content\/uploads\/2010\/09\/image004.jpg 426w, https:\/\/www.fotonavia.com\/wp-content\/uploads\/2010\/09\/image004-226x300.jpg 226w\" sizes=\"auto, (max-width: 426px) 100vw, 426px\" \/><\/a><\/p>\n<p style=\"text-align: left;\">Se nos abrir\u00e1 la siguiente ventana en la que tendremos que seguir los siguientes pasos:<\/p>\n<ol style=\"text-align: left;\">\n<li>Subir la temperatura de color de la fotograf\u00eda para darle un tono ligeramente amarillento.<\/li>\n<li>Bajar la saturaci\u00f3n hasta conseguir atenuar los colores dejando la foto a vuestro gusto.<\/li>\n<li style=\"text-align: left;\">Una vez que la foto est\u00e9 a gusto de cada uno pulsamos en \u201cAbri Imagen\u201d para que nos la abra en Photoshop.<\/li>\n<\/ol>\n<p style=\"text-align: center;\"><a href=\"https:\/\/www.fotonavia.com\/wp-content\/uploads\/2010\/09\/image006.jpg\"><img loading=\"lazy\" decoding=\"async\" class=\"aligncenter size-full wp-image-913\" title=\"image006\" src=\"https:\/\/www.fotonavia.com\/wp-content\/uploads\/2010\/09\/image006.jpg\" alt=\"\" width=\"571\" height=\"457\" srcset=\"https:\/\/www.fotonavia.com\/wp-content\/uploads\/2010\/09\/image006.jpg 571w, https:\/\/www.fotonavia.com\/wp-content\/uploads\/2010\/09\/image006-300x240.jpg 300w\" sizes=\"auto, (max-width: 571px) 100vw, 571px\" \/><\/a><\/p>\n<p style=\"text-align: left;\">Para esta foto, los valores que he empleado son los siguientes:<\/p>\n<ol style=\"text-align: left;\">\n<li>Temperatura de color: +20<\/li>\n<li>Saturaci\u00f3n: -28<\/li>\n<\/ol>\n<p style=\"text-align: left;\">\u00a0Una vez que la imagen ya est\u00e9 abierta en Ps, lo primero que debemos hacer es duplicar la capa. De este modo nos aseguraremos de que conservamos la \u201ccopia original\u201d ante posibles errores de procesado o simplemente por si quisieramos aplicar alguna m\u00e1scara de capa. Para duplicar la capa pincharemos sobre ella con el bot\u00f3n derecho del rat\u00f3n, seleccionando \u201cduplicar capa\u201d o con la combinaci\u00f3n del teclado <strong>CONTROL+J<\/strong>.<\/p>\n<p style=\"text-align: center;\"><a href=\"https:\/\/www.fotonavia.com\/wp-content\/uploads\/2010\/09\/image007.jpg\"><img loading=\"lazy\" decoding=\"async\" class=\"aligncenter size-full wp-image-914\" title=\"image007\" src=\"https:\/\/www.fotonavia.com\/wp-content\/uploads\/2010\/09\/image007.jpg\" alt=\"\" width=\"272\" height=\"416\" srcset=\"https:\/\/www.fotonavia.com\/wp-content\/uploads\/2010\/09\/image007.jpg 272w, https:\/\/www.fotonavia.com\/wp-content\/uploads\/2010\/09\/image007-196x300.jpg 196w\" sizes=\"auto, (max-width: 272px) 100vw, 272px\" \/><\/a><\/p>\n<p style=\"text-align: left;\">El siguiente paso ser\u00e1 abrir nuestra textura de \u201cold paper\u201d. Para ello vamos al men\u00fa y pulsamos \u201cArchivo\/Abrir\u201d y seleccionamos nuestra imagen de papel viejo.<\/p>\n<p style=\"text-align: left;\">Una vez abierta la textura de papel viejo, lo que tenemos que hacer es copiarla y pegarla encima de la foto que queremos envejecer. Para ello vamos al men\u00fa \u201cSelecci\u00f3n\/Todo\u201d y a continuaci\u00f3n al men\u00fa \u201cEdici\u00f3n\/Copiar\u201d.<\/p>\n<p style=\"text-align: center;\"><a href=\"https:\/\/www.fotonavia.com\/wp-content\/uploads\/2010\/09\/image009.jpg\"><img loading=\"lazy\" decoding=\"async\" class=\"aligncenter size-full wp-image-915\" title=\"image009\" src=\"https:\/\/www.fotonavia.com\/wp-content\/uploads\/2010\/09\/image009.jpg\" alt=\"\" width=\"241\" height=\"393\" \/><\/a><\/p>\n<p style=\"text-align: center;\"><a href=\"https:\/\/www.fotonavia.com\/wp-content\/uploads\/2010\/09\/image011.jpg\"><img loading=\"lazy\" decoding=\"async\" class=\"aligncenter size-full wp-image-916\" title=\"image011\" src=\"https:\/\/www.fotonavia.com\/wp-content\/uploads\/2010\/09\/image011.jpg\" alt=\"\" width=\"322\" height=\"417\" srcset=\"https:\/\/www.fotonavia.com\/wp-content\/uploads\/2010\/09\/image011.jpg 322w, https:\/\/www.fotonavia.com\/wp-content\/uploads\/2010\/09\/image011-231x300.jpg 231w\" sizes=\"auto, (max-width: 322px) 100vw, 322px\" \/><\/a><\/p>\n<p style=\"text-align: left;\">Una vez copiada la textura, volvemos a la imagen que queremos envejecer y, en el men\u00fa \u201cEdici\u00f3n\u201d seleccionamos la opci\u00f3n \u201cpegar\u201d, con lo cual nos quedar\u00e1 algo parecido a esto:<\/p>\n<p style=\"text-align: center;\"><a href=\"https:\/\/www.fotonavia.com\/wp-content\/uploads\/2010\/09\/image014.jpg\"><img loading=\"lazy\" decoding=\"async\" class=\"aligncenter size-full wp-image-917\" title=\"image014\" src=\"https:\/\/www.fotonavia.com\/wp-content\/uploads\/2010\/09\/image014.jpg\" alt=\"\" width=\"581\" height=\"451\" srcset=\"https:\/\/www.fotonavia.com\/wp-content\/uploads\/2010\/09\/image014.jpg 581w, https:\/\/www.fotonavia.com\/wp-content\/uploads\/2010\/09\/image014-300x232.jpg 300w, https:\/\/www.fotonavia.com\/wp-content\/uploads\/2010\/09\/image014-197x154.jpg 197w\" sizes=\"auto, (max-width: 581px) 100vw, 581px\" \/><\/a><\/p>\n<p style=\"text-align: left;\">El siguiente paso ser\u00e1 modificar el tama\u00f1o de la textura para adaptarlo al tama\u00f1o de nuestra fotograf\u00eda. Para ello, teniendo seleccionada la capa de papel viejo, vamos al men\u00fa \u201cEdici\u00f3n\u201d y seleccionamos la opci\u00f3n \u201ctransformaci\u00f3n libre\u201d o pulsamos la combinaci\u00f3n del teclado <strong>CONTROL+T<\/strong>.<\/p>\n<p style=\"text-align: left;\">Ahora solo nos queda modificar el tama\u00f1o de la textura hasta que coincida con el tama\u00f1o de nuestra foto.<\/p>\n<p style=\"text-align: center;\"><a href=\"https:\/\/www.fotonavia.com\/wp-content\/uploads\/2010\/09\/image015.jpg\"><img loading=\"lazy\" decoding=\"async\" class=\"aligncenter size-full wp-image-918\" title=\"image015\" src=\"https:\/\/www.fotonavia.com\/wp-content\/uploads\/2010\/09\/image015.jpg\" alt=\"\" width=\"319\" height=\"462\" \/><\/a><\/p>\n<p style=\"text-align: center;\"><a href=\"https:\/\/www.fotonavia.com\/wp-content\/uploads\/2010\/09\/image017.jpg\"><img loading=\"lazy\" decoding=\"async\" class=\"aligncenter size-full wp-image-919\" title=\"image017\" src=\"https:\/\/www.fotonavia.com\/wp-content\/uploads\/2010\/09\/image017.jpg\" alt=\"\" width=\"270\" height=\"174\" \/><\/a><\/p>\n<p style=\"text-align: left;\">La imagen resultante ser\u00e1 algo parecido a esto:<\/p>\n<p style=\"text-align: center;\"><a href=\"https:\/\/www.fotonavia.com\/wp-content\/uploads\/2010\/09\/image019.jpg\"><img loading=\"lazy\" decoding=\"async\" class=\"aligncenter size-full wp-image-920\" title=\"image019\" src=\"https:\/\/www.fotonavia.com\/wp-content\/uploads\/2010\/09\/image019.jpg\" alt=\"\" width=\"492\" height=\"381\" \/><\/a><\/p>\n<p style=\"text-align: left;\">Siguientes pasos:<\/p>\n<ol style=\"text-align: left;\">\n<li>En los modos de fusi\u00f3n de capa seleccionaremos la opci\u00f3n \u201cMultiplicar\u201d.<\/li>\n<li style=\"text-align: left;\">Bajaremos la opacidad de la capa hasta que se aprecien con claridad los detalles de la foto original (aproximadamente un 35%).<\/li>\n<\/ol>\n<p style=\"text-align: center;\"><a href=\"https:\/\/www.fotonavia.com\/wp-content\/uploads\/2010\/09\/image020.jpg\"><img loading=\"lazy\" decoding=\"async\" class=\"aligncenter size-full wp-image-921\" title=\"image020\" src=\"https:\/\/www.fotonavia.com\/wp-content\/uploads\/2010\/09\/image020.jpg\" alt=\"\" width=\"333\" height=\"457\" \/><\/a><\/p>\n<p style=\"text-align: left;\">El resultado deber\u00eda ser algo parecido a esto:<\/p>\n<p style=\"text-align: center;\"><a href=\"https:\/\/www.fotonavia.com\/wp-content\/uploads\/2010\/09\/image023.jpg\"><img loading=\"lazy\" decoding=\"async\" class=\"aligncenter size-full wp-image-922\" title=\"image023\" src=\"https:\/\/www.fotonavia.com\/wp-content\/uploads\/2010\/09\/image023.jpg\" alt=\"\" width=\"475\" height=\"318\" \/><\/a><\/p>\n<p style=\"text-align: left;\">Ahora vamos a resaltar un poco m\u00e1s los detalles de la textura de papel viejo:<\/p>\n<ol style=\"text-align: left;\">\n<li>Duplicamos la capa que contiene la textura (CONTROL+J).<\/li>\n<li>Con la nueva capa seleccionada y en el men\u00fa \u201cImagen\/Ajustes\u201d, escogemos la opci\u00f3n \u201cDesaturar\u201d.<\/li>\n<li style=\"text-align: left;\">Modificamos la opacidad de esta nueva capa a nuestro gusto (en mi caso la sub\u00ed hasta el 50%).<\/li>\n<\/ol>\n<p style=\"text-align: center;\"><a href=\"https:\/\/www.fotonavia.com\/wp-content\/uploads\/2010\/09\/image025.jpg\"><img loading=\"lazy\" decoding=\"async\" class=\"aligncenter size-large wp-image-923\" title=\"image025\" src=\"https:\/\/www.fotonavia.com\/wp-content\/uploads\/2010\/09\/image025-600x466.jpg\" alt=\"\" width=\"600\" height=\"466\" \/><\/a><\/p>\n<p style=\"text-align: left;\">El resultado deber\u00eda ser algo as\u00ed:<\/p>\n<p style=\"text-align: center;\"><a href=\"https:\/\/www.fotonavia.com\/wp-content\/uploads\/2010\/09\/image027.jpg\"><img loading=\"lazy\" decoding=\"async\" class=\"aligncenter size-large wp-image-924\" title=\"image027\" src=\"https:\/\/www.fotonavia.com\/wp-content\/uploads\/2010\/09\/image027-600x403.jpg\" alt=\"\" width=\"600\" height=\"403\" \/><\/a><\/p>\n<p style=\"text-align: left;\">Una vez que la foto esta a nuestro gusto y ya para finalizar:<\/p>\n<ol style=\"text-align: left;\">\n<li>Acoplamos todas las capas de la imagen en el menu \u201cCapa\/Acoplar Imagen\u201d.<\/li>\n<li style=\"text-align: left;\">Y la guardamos en formato .jpg<\/li>\n<\/ol>\n<p style=\"text-align: center;\"><a href=\"https:\/\/www.fotonavia.com\/wp-content\/uploads\/2010\/09\/image028.jpg\"><img loading=\"lazy\" decoding=\"async\" class=\"aligncenter size-large wp-image-925\" title=\"image028\" src=\"https:\/\/www.fotonavia.com\/wp-content\/uploads\/2010\/09\/image028-219x600.jpg\" alt=\"\" width=\"219\" height=\"600\" \/><\/a><\/p>\n<p style=\"text-align: left;\">En mi caso, una vez que la imagen estaba acoplada y guardada en formato .jpg, volv\u00ed a abrirla con el Camera Raw para oscurecer un poco la parte superior (cuesti\u00f3n de gustos).<\/p>\n<p style=\"text-align: left;\">Para esto el Camera Raw tiene una nueva funci\u00f3n que se llama \u201cFiltro Graduado\u201d que permite modificar la exposici\u00f3n de la fotograf\u00eda (entre otros par\u00e1metros) en una zona concreta y de manera gradual.<\/p>\n<p style=\"text-align: left;\">El resultado final es el que os muestro a continuaci\u00f3n:<\/p>\n<p style=\"text-align: center;\"><a href=\"https:\/\/www.fotonavia.com\/wp-content\/uploads\/2010\/09\/image031.jpg\"><img loading=\"lazy\" decoding=\"async\" class=\"aligncenter size-large wp-image-926\" title=\"image031\" src=\"https:\/\/www.fotonavia.com\/wp-content\/uploads\/2010\/09\/image031-600x399.jpg\" alt=\"\" width=\"600\" height=\"399\" \/><\/a>\u00a0<\/p>\n<div><strong>\u00a0<\/strong><\/div>\n<div><strong>\u00a0<\/strong><\/div>\n<div style=\"text-align: center;\"><strong><a href=\"https:\/\/www.fotonavia.com\/?page_id=95\" target=\"_blank\">VOLVER A TRUCOS Y TUTORIALES<\/a><\/strong><\/div>\n","protected":false},"excerpt":{"rendered":"<p>Trucos y Tutoriales PROCESADOS ARTISITCOS\u00a0 EN\u00a0 PHOTOSHOP FOTOGRAFIA ENVEJECIDA CON EL METODO DE APLICACION DE TEXTURAS \u00a0 En primer lugar queremos agradecer a JLuis, uno de nuestros grandes\u00a0compa\u00f1eros del foro esta gran aportaci\u00f3n a\u00a0 Fotonavia,\u00a0 la creaci\u00f3n de un tutorial interesante como pocos sobre como dar a una imagen un aspecto de fotograf\u00eda envejecida mediante [&hellip;]<\/p>\n","protected":false},"author":1,"featured_media":0,"parent":95,"menu_order":0,"comment_status":"open","ping_status":"closed","template":"","meta":{"footnotes":""},"class_list":["post-909","page","type-page","status-publish","hentry"],"_links":{"self":[{"href":"https:\/\/www.fotonavia.com\/index.php?rest_route=\/wp\/v2\/pages\/909","targetHints":{"allow":["GET"]}}],"collection":[{"href":"https:\/\/www.fotonavia.com\/index.php?rest_route=\/wp\/v2\/pages"}],"about":[{"href":"https:\/\/www.fotonavia.com\/index.php?rest_route=\/wp\/v2\/types\/page"}],"author":[{"embeddable":true,"href":"https:\/\/www.fotonavia.com\/index.php?rest_route=\/wp\/v2\/users\/1"}],"replies":[{"embeddable":true,"href":"https:\/\/www.fotonavia.com\/index.php?rest_route=%2Fwp%2Fv2%2Fcomments&post=909"}],"version-history":[{"count":6,"href":"https:\/\/www.fotonavia.com\/index.php?rest_route=\/wp\/v2\/pages\/909\/revisions"}],"predecessor-version":[{"id":2264,"href":"https:\/\/www.fotonavia.com\/index.php?rest_route=\/wp\/v2\/pages\/909\/revisions\/2264"}],"up":[{"embeddable":true,"href":"https:\/\/www.fotonavia.com\/index.php?rest_route=\/wp\/v2\/pages\/95"}],"wp:attachment":[{"href":"https:\/\/www.fotonavia.com\/index.php?rest_route=%2Fwp%2Fv2%2Fmedia&parent=909"}],"curies":[{"name":"wp","href":"https:\/\/api.w.org\/{rel}","templated":true}]}}