{"id":92,"date":"2009-10-05T18:09:41","date_gmt":"2009-10-05T16:09:41","guid":{"rendered":"http:\/\/s299004171.mialojamiento.es\/Fotonavia\/?page_id=92"},"modified":"2013-12-15T15:40:52","modified_gmt":"2013-12-15T14:40:52","slug":"curso-de-fotografia","status":"publish","type":"page","link":"https:\/\/www.fotonavia.com\/?page_id=92","title":{"rendered":"Curso Fotograf\u00eda"},"content":{"rendered":"<h1 style=\"text-align: center;\">Curso de fotograf\u00eda digital b\u00e1sica<\/h1>\n<h2 style=\"text-align: center;\">La t\u00e9cnica fotogr\u00e1fica al alcance de todos<\/h2>\n<p style=\"text-align: center;\">\n<p style=\"text-align: left;\">Lo que aqu\u00ed os ofrecemos, \u00a0es un de \u00a0\u00abCurso B\u00e1sico de Fotograf\u00eda Digital\u00bb al alcance de todos, que no pretende ser ni mejor ni peor que otros muchos que circulan por la red, tan solo pretende\u00a0hacer entendible\u00a0de una forma sencilla y r\u00e1pida la t\u00e9cnica fotogr\u00e1fica, especialmente en su versi\u00f3n digital.<\/p>\n<h5 style=\"text-align: center;\"><span style=\"text-decoration: underline;\">CAP\u00cdTULOS PUBLICADOS<\/span><\/h5>\n<ol>\n<li>\n<div style=\"text-align: left;\"><strong><a href=\"https:\/\/www.fotonavia.com\/?page_id=122\">LOS CONCEPTOS<\/a><\/strong><\/div>\n<\/li>\n<li>\n<div style=\"text-align: left;\"><strong><a href=\"https:\/\/www.fotonavia.com\/?page_id=134\">EL DIAFRAGMA<\/a><\/strong><\/div>\n<\/li>\n<li>\n<div style=\"text-align: left;\"><strong><a href=\"https:\/\/www.fotonavia.com\/?page_id=148\">EL OBTURADOR<\/a><\/strong><\/div>\n<\/li>\n<li>\n<div style=\"text-align: left;\"><strong><a href=\"https:\/\/www.fotonavia.com\/?page_id=154\">EL ISO<\/a><\/strong><\/div>\n<\/li>\n<li>\n<div style=\"text-align: left;\"><strong><a href=\"https:\/\/www.fotonavia.com\/?page_id=163\">LA EXPOSICI\u00d3N<\/a><\/strong><\/div>\n<\/li>\n<li>\n<div style=\"text-align: left;\"><strong><a href=\"https:\/\/www.fotonavia.com\/?page_id=172\">LOS MODOS DE EXPOSICI\u00d3N<\/a><\/strong><\/div>\n<\/li>\n<li>\n<div style=\"text-align: left;\"><strong><a href=\"https:\/\/www.fotonavia.com\/?page_id=575\">EL HISTOGRAMA<\/a><\/strong><\/div>\n<\/li>\n<\/ol>\n<p>Para aclarar conceptos y facilitar la comprensi\u00f3n de los temas aqu\u00ed tratados, en ocasiones hemos usado im\u00e1genes que circulan por Internet, de las cuales no conocemos a los autores, queremos desde aqu\u00ed agradecer a la gente que como nosotros, de forma altruista colabora con su esfuerzo y dedicaci\u00f3n en esta y otras p\u00e1ginas de Internet, para que todos tengamos a nuestro alcance pr\u00e1cticamente toda la informaci\u00f3n necesaria para disfrutar y aprender.<\/p>\n<p style=\"text-align: left;\">Esperamos como siempre vuestra colaboraci\u00f3n, vuestros \u00a0comentarios y vuestras sugerencias en <a href=\"mailto:fotonavia@gmail.com\">fotonavia@gmail.com<\/a> para enriquecer as\u00ed toda la informaci\u00f3n mostrada en esta secci\u00f3n y mejorar con ello los contenidos que demandan los nuevos fot\u00f3grafos.<\/p>\n<p style=\"text-align: right;\"><strong>GRACIAS A TOD@S<\/strong><\/p>\n<p style=\"text-align: left;\">\n","protected":false},"excerpt":{"rendered":"<p>Curso de fotograf\u00eda digital b\u00e1sica La t\u00e9cnica fotogr\u00e1fica al alcance de todos Lo que aqu\u00ed os ofrecemos, \u00a0es un de \u00a0\u00abCurso B\u00e1sico de Fotograf\u00eda Digital\u00bb al alcance de todos, que no pretende ser ni mejor ni peor que otros muchos que circulan por la red, tan solo pretende\u00a0hacer entendible\u00a0de una forma sencilla y r\u00e1pida la [&hellip;]<\/p>\n","protected":false},"author":1,"featured_media":0,"parent":0,"menu_order":2,"comment_status":"open","ping_status":"closed","template":"","meta":{"footnotes":""},"class_list":["post-92","page","type-page","status-publish","hentry"],"_links":{"self":[{"href":"https:\/\/www.fotonavia.com\/index.php?rest_route=\/wp\/v2\/pages\/92","targetHints":{"allow":["GET"]}}],"collection":[{"href":"https:\/\/www.fotonavia.com\/index.php?rest_route=\/wp\/v2\/pages"}],"about":[{"href":"https:\/\/www.fotonavia.com\/index.php?rest_route=\/wp\/v2\/types\/page"}],"author":[{"embeddable":true,"href":"https:\/\/www.fotonavia.com\/index.php?rest_route=\/wp\/v2\/users\/1"}],"replies":[{"embeddable":true,"href":"https:\/\/www.fotonavia.com\/index.php?rest_route=%2Fwp%2Fv2%2Fcomments&post=92"}],"version-history":[{"count":3,"href":"https:\/\/www.fotonavia.com\/index.php?rest_route=\/wp\/v2\/pages\/92\/revisions"}],"predecessor-version":[{"id":2279,"href":"https:\/\/www.fotonavia.com\/index.php?rest_route=\/wp\/v2\/pages\/92\/revisions\/2279"}],"wp:attachment":[{"href":"https:\/\/www.fotonavia.com\/index.php?rest_route=%2Fwp%2Fv2%2Fmedia&parent=92"}],"curies":[{"name":"wp","href":"https:\/\/api.w.org\/{rel}","templated":true}]}}